{"id":235236,"date":"2025-12-29T22:30:47","date_gmt":"2025-12-29T19:30:47","guid":{"rendered":"https:\/\/baldumarket.lt\/product\/lingo-komoda-2d1s-bialy-polysk\/"},"modified":"2026-04-07T18:31:05","modified_gmt":"2026-04-07T15:31:05","slug":"lingo-komoda-2d1s-bialy-polysk","status":"publish","type":"product","link":"https:\/\/baldumarket.lt\/lt\/product\/lingo-komoda-2d1s-bialy-polysk\/","title":{"rendered":"LINGO komoda, 2 stal\u010diai, blizgi balta"},"content":{"rendered":"<p>LINGO 2-D1 komoda su stal\u010diais, blizgi balta<br \/>\nKomoda tapo b\u016btinu kiekvien\u0173 nam\u0173 baldu. \u0160i LINGO kolekcijos komoda puikiai tinka apstatyti tokias patalpas kaip svetain\u0117, prie\u0161kambaris, miegamasis, darbo kambarys, nam\u0173 biuras ar paauglio kambarys. Klasikinis kolekcijos dizainas, universali balta spalva, si\u016blo plat\u0173 bald\u0173 pasirinkimo pasirinkim\u0105 beveik bet kuriai j\u016bs\u0173 nam\u0173 patalpai. Erdvus stal\u010dius, patogios lentynos ir blizg\u016bs balti fasadai paver\u010dia LINGO komod\u0105 puikiu j\u016bs\u0173 nam\u0173 interjero papildymu. LINGO bald\u0173 kolekcija patenkins kiekvien\u0105, kuris vertina nepriekai\u0161ting\u0105 paprastum\u0105 modernioje aplinkoje.<br \/>\n\u201eLingo\u201c kolekcijoje yra komodos, vitrinos ir lentynos \u2013 baldai, puikiai tinkantys svetainei ar valgomajam.<br \/>\nTaip pat yra lova, naktiniai staleliai ir drabu\u017ei\u0173 spinta.<br \/>\n\u017dARNOS. AP\u0160VIESINA BET KOKI\u0104 TAMSUM\u0104.<br \/>\n\u00a0 Modernus ir minimalistinis.<br \/>\n\u00a0 Plat\u016bs stalvir\u0161iai, besit\u0119siantys iki \u012frengini\u0173 priekio, atlieka dekoratyvin\u0119 funkcij\u0105.<br \/>\n\u00a0Plat\u016bs \u0161oniniai b\u0117geliai suteikia baldams dar didesn\u012f stabilum\u0105.<br \/>\n\u00a0 Blizgi kolekcija papuo\u0161 bet kok\u012f interjer\u0105.<br \/>\n\u00a0 Papildomas ap\u0161vietimas vitrinose padidina bald\u0173 patrauklum\u0105.<br \/>\nSpalva: blizgi balta<br \/>\nPriekin\u0117 dalis: MDF plok\u0161t\u0117 su blizgia PVC folija<br \/>\nKarkasas: laminuota bald\u0173 plok\u0161t\u0117, ABS briaunos<br \/>\nVir\u0161utin\u0117s lentos: laminuota bald\u0173 plok\u0161t\u0117, ABS kra\u0161tai<br \/>\nStal\u010diai: rutuliniai guoliai, pilno i\u0161traukimo<\/p>","protected":false},"excerpt":{"rendered":"<p>Kolekcija: LINGO<br \/>\nPlotis cm: 106<br \/>\n\u016agis cm: 84,50<br \/>\nGylis cm: 41,50<br \/>\nDur\u0173 skai\u010dius: 2<br \/>\nStal\u010di\u0173 skai\u010dius: 1<\/p>","protected":false},"featured_media":235237,"comment_status":"open","ping_status":"open","template":"","meta":[],"product_brand":[],"product_cat":[9341,1173,2970],"product_tag":[],"class_list":{"0":"post-235236","1":"product","2":"type-product","3":"status-publish","4":"has-post-thumbnail","6":"product_cat-furniture-collection-lingo","7":"product_cat-chests-of-drawers","8":"product_cat-mebelbos","10":"first","11":"instock","12":"purchasable","13":"product-type-simple"},"_links":{"self":[{"href":"https:\/\/baldumarket.lt\/lt\/wp-json\/wp\/v2\/product\/235236","targetHints":{"allow":["GET"]}}],"collection":[{"href":"https:\/\/baldumarket.lt\/lt\/wp-json\/wp\/v2\/product"}],"about":[{"href":"https:\/\/baldumarket.lt\/lt\/wp-json\/wp\/v2\/types\/product"}],"replies":[{"embeddable":true,"href":"https:\/\/baldumarket.lt\/lt\/wp-json\/wp\/v2\/comments?post=235236"}],"wp:featuredmedia":[{"embeddable":true,"href":"https:\/\/baldumarket.lt\/lt\/wp-json\/wp\/v2\/media\/235237"}],"wp:attachment":[{"href":"https:\/\/baldumarket.lt\/lt\/wp-json\/wp\/v2\/media?parent=235236"}],"wp:term":[{"taxonomy":"product_brand","embeddable":true,"href":"https:\/\/baldumarket.lt\/lt\/wp-json\/wp\/v2\/product_brand?post=235236"},{"taxonomy":"product_cat","embeddable":true,"href":"https:\/\/baldumarket.lt\/lt\/wp-json\/wp\/v2\/product_cat?post=235236"},{"taxonomy":"product_tag","embeddable":true,"href":"https:\/\/baldumarket.lt\/lt\/wp-json\/wp\/v2\/product_tag?post=235236"}],"curies":[{"name":"wp","href":"https:\/\/api.w.org\/{rel}","templated":true}]}}