{"id":235226,"date":"2025-12-29T22:30:27","date_gmt":"2025-12-29T19:30:27","guid":{"rendered":"https:\/\/baldumarket.lt\/product\/lingo-regal-otwarty-1d1s-bialy-polysk\/"},"modified":"2026-04-07T18:30:56","modified_gmt":"2026-04-07T15:30:56","slug":"lingo-regal-otwarty-1d1s-bialy-polysk","status":"publish","type":"product","link":"https:\/\/baldumarket.lt\/lt\/product\/lingo-regal-otwarty-1d1s-bialy-polysk\/","title":{"rendered":"LINGO atvira lentyna, 1 vnt., blizgi balta"},"content":{"rendered":"<p>LINGO 1d1s atvira lentyna, blizgi balta spalva. \u0160i lentyn\u0173 sistema yra daugiafunkcis baldas, galintis tarnauti kaip patogi knyg\u0173 lentyna, vieta \u012fdomioms dekoracijoms ar biuro dokumentams. \u0160i balta lentyn\u0173 sistema su patogiu stal\u010diumi ir atviromis bei u\u017edaromis lentynomis puikiai papildys svetain\u0117s, prie\u0161kambario, darbo kambario, paauglio ar vaik\u0173 kambario ar net nam\u0173 biuro interjer\u0105. \u0160is baltas baldas taip pat puikiai tinka kaip atskiras kit\u0173 kolekcij\u0173 papildymas. LINGO bald\u0173 kolekcija patenkins visus, kurie vertina nepriekai\u0161ting\u0105 paprastum\u0105 modernioje aplinkoje. Klasikin\u0117 kolekcijos forma, universali balta spalva, si\u016blo plat\u0173 bald\u0173 pasirinkimo pasirinkim\u0105 beveik bet kuriam j\u016bs\u0173 nam\u0173 kambariui. \u201eLingo\u201c kolekcijoje yra komodos, vitrinos ir lentyn\u0173 sistemos, puikiai tinkan\u010dios svetain\u0117ms ar valgomiesiems. Taip pat galima \u012fsigyti LINGO lov\u0105, naktinius stalelius ir drabu\u017ei\u0173 spint\u0105. JI AP\u0160VIES BET KOKI\u0104 TAMSUM\u0104. Modernu ir minimalistin\u0117.<\/p>","protected":false},"excerpt":{"rendered":"<p>Kolekcija: LINGO<br \/>\nPlotis cm: 68<br \/>\n\u016agis cm: 202<br \/>\nGylis cm: 41,50<\/p>","protected":false},"featured_media":235227,"comment_status":"open","ping_status":"open","template":"","meta":[],"product_brand":[],"product_cat":[9341,2970,2006],"product_tag":[],"class_list":{"0":"post-235226","1":"product","2":"type-product","3":"status-publish","4":"has-post-thumbnail","6":"product_cat-furniture-collection-lingo","7":"product_cat-mebelbos","8":"product_cat-vitrines","10":"first","11":"instock","12":"purchasable","13":"product-type-simple"},"_links":{"self":[{"href":"https:\/\/baldumarket.lt\/lt\/wp-json\/wp\/v2\/product\/235226","targetHints":{"allow":["GET"]}}],"collection":[{"href":"https:\/\/baldumarket.lt\/lt\/wp-json\/wp\/v2\/product"}],"about":[{"href":"https:\/\/baldumarket.lt\/lt\/wp-json\/wp\/v2\/types\/product"}],"replies":[{"embeddable":true,"href":"https:\/\/baldumarket.lt\/lt\/wp-json\/wp\/v2\/comments?post=235226"}],"wp:featuredmedia":[{"embeddable":true,"href":"https:\/\/baldumarket.lt\/lt\/wp-json\/wp\/v2\/media\/235227"}],"wp:attachment":[{"href":"https:\/\/baldumarket.lt\/lt\/wp-json\/wp\/v2\/media?parent=235226"}],"wp:term":[{"taxonomy":"product_brand","embeddable":true,"href":"https:\/\/baldumarket.lt\/lt\/wp-json\/wp\/v2\/product_brand?post=235226"},{"taxonomy":"product_cat","embeddable":true,"href":"https:\/\/baldumarket.lt\/lt\/wp-json\/wp\/v2\/product_cat?post=235226"},{"taxonomy":"product_tag","embeddable":true,"href":"https:\/\/baldumarket.lt\/lt\/wp-json\/wp\/v2\/product_tag?post=235226"}],"curies":[{"name":"wp","href":"https:\/\/api.w.org\/{rel}","templated":true}]}}