{"id":235222,"date":"2025-12-29T22:30:21","date_gmt":"2025-12-29T19:30:21","guid":{"rendered":"https:\/\/baldumarket.lt\/product\/lingo-stol-rozkladany-135-184-bialy-polysk\/"},"modified":"2026-04-07T18:30:56","modified_gmt":"2026-04-07T15:30:56","slug":"lingo-stol-rozkladany-135-184-bialy-polysk","status":"publish","type":"product","link":"https:\/\/baldumarket.lt\/lt\/product\/lingo-stol-rozkladany-135-184-bialy-polysk\/","title":{"rendered":"LINGO i\u0161skleid\u017eiamas stalas 135\/184 baltas blizgus"},"content":{"rendered":"<p>LINGO i\u0161traukiamas stalas 135\/184 baltas blizgus<br \/>\nKiekviename valgomajame stalas yra svarbiausias baldas. Sekmadienio vakarien\u0117s, \u0161eimos \u0161vent\u0117s, susib\u016brimai su draugais \u2013 stalas visada yra pagrindinis \u0161i\u0173 prog\u0173 akcentas. Be to, svarbu, kad visiems sve\u010diams u\u017etekt\u0173 vietos, tod\u0117l mes pateisiname j\u016bs\u0173 l\u016bkes\u010dius ir pristatome i\u0161skleid\u017eiam\u0105 stal\u0105 i\u0161 LINGO kolekcijos. \u0160is baltas baldas taip pat puikiai tiks kaip atskiras priedas prie kit\u0173 kolekcij\u0173. LINGO bald\u0173 kolekcija patenkins visus, kurie vertina nepriekai\u0161ting\u0105 paprastum\u0105 modernioje aplinkoje. Klasikin\u0117 kolekcijos forma, universali balta spalva, si\u016blo plat\u0173 bald\u0173 pasirinkimo pasirinkim\u0105 beveik bet kuriai j\u016bs\u0173 nam\u0173 patalpai.<br \/>\n\u201eLingo\u201c kolekcijoje yra komodos, vitrinos ir lentynos, puikiai tinkan\u010dios svetainei ar valgomajam.<br \/>\nTaip pat galima \u012fsigyti LINGO lov\u0105 ir naktinius staliukus.<br \/>\n\u017dARNOS NU\u0160VIESINA BET KOKI\u0104 TAMSUM\u0104.<br \/>\n\u00a0 Modernus ir minimalistinis.<br \/>\n\u00a0 Plat\u016bs stalvir\u0161iai, besit\u0119siantys iki form\u0173 priekio, atlieka dekoratyvin\u0119 funkcij\u0105.<br \/>\n\u00a0Plat\u016bs \u0161oniniai b\u0117geliai suteikia baldams dar didesn\u012f stabilum\u0105.<br \/>\n\u00a0 Blizgi kolekcija papuo\u0161 bet kok\u012f interjer\u0105.<br \/>\n\u00a0 Papildomas ap\u0161vietimas vitrinose padidina bald\u0173 patrauklum\u0105.<br \/>\nSpalva: blizgi balta<br \/>\nPriekin\u0117 dalis: MDF plok\u0161t\u0117 su blizgia PVC folija<br \/>\nKarkasas: laminuota bald\u0173 plok\u0161t\u0117, ABS briaunos<br \/>\nVir\u0161utin\u0117s lentos: laminuota bald\u0173 plok\u0161t\u0117, ABS kra\u0161tai<br \/>\nStal\u010diai: rutuliniai guoliai, pilno i\u0161traukimo<\/p>","protected":false},"excerpt":{"rendered":"<p>\u016agis cm: 78<br \/>\nPlotis cm: 135\u2013184<br \/>\nGylis cm: 86<br \/>\nForma: Sta\u010diakamp\u0117<br \/>\nI\u0161traukiamas: Taip<br \/>\n\u012ed\u0117kl\u0173 skai\u010dius: 1<\/p>","protected":false},"featured_media":235223,"comment_status":"open","ping_status":"open","template":"","meta":[],"product_brand":[],"product_cat":[9341,2970,1934],"product_tag":[],"class_list":{"0":"post-235222","1":"product","2":"type-product","3":"status-publish","4":"has-post-thumbnail","6":"product_cat-furniture-collection-lingo","7":"product_cat-mebelbos","8":"product_cat-tables","10":"first","11":"instock","12":"purchasable","13":"product-type-simple"},"_links":{"self":[{"href":"https:\/\/baldumarket.lt\/lt\/wp-json\/wp\/v2\/product\/235222","targetHints":{"allow":["GET"]}}],"collection":[{"href":"https:\/\/baldumarket.lt\/lt\/wp-json\/wp\/v2\/product"}],"about":[{"href":"https:\/\/baldumarket.lt\/lt\/wp-json\/wp\/v2\/types\/product"}],"replies":[{"embeddable":true,"href":"https:\/\/baldumarket.lt\/lt\/wp-json\/wp\/v2\/comments?post=235222"}],"wp:featuredmedia":[{"embeddable":true,"href":"https:\/\/baldumarket.lt\/lt\/wp-json\/wp\/v2\/media\/235223"}],"wp:attachment":[{"href":"https:\/\/baldumarket.lt\/lt\/wp-json\/wp\/v2\/media?parent=235222"}],"wp:term":[{"taxonomy":"product_brand","embeddable":true,"href":"https:\/\/baldumarket.lt\/lt\/wp-json\/wp\/v2\/product_brand?post=235222"},{"taxonomy":"product_cat","embeddable":true,"href":"https:\/\/baldumarket.lt\/lt\/wp-json\/wp\/v2\/product_cat?post=235222"},{"taxonomy":"product_tag","embeddable":true,"href":"https:\/\/baldumarket.lt\/lt\/wp-json\/wp\/v2\/product_tag?post=235222"}],"curies":[{"name":"wp","href":"https:\/\/api.w.org\/{rel}","templated":true}]}}