{"id":235213,"date":"2025-12-29T22:30:07","date_gmt":"2025-12-29T19:30:07","guid":{"rendered":"https:\/\/baldumarket.lt\/product\/lingo-szafa-z-lustrem-5d-bialy-polysk\/"},"modified":"2026-04-07T18:30:56","modified_gmt":"2026-04-07T15:30:56","slug":"lingo-szafa-z-lustrem-5d-bialy-polysk","status":"publish","type":"product","link":"https:\/\/baldumarket.lt\/lt\/product\/lingo-szafa-z-lustrem-5d-bialy-polysk\/","title":{"rendered":"LINGO spinta su 5D veidrod\u017eiu, balta blizgi"},"content":{"rendered":"<p>LINGO spinta su 5D veidrod\u017eiu, balta blizgi<br \/>\nDidel\u0117, erdvi spinta yra b\u016btina miegamajam, paauglio kambariui, vaik\u0173 kambariui ar persirengimo kambariui. LINGO kolekcijos spinta, be pakankamai vietos daiktams kabinti, taip pat turi papildomas lentynas su baltais fasadais ir veidrod\u012f. \u0160is baltas baldas taip pat puikiai dera kaip atskiras priedas prie kit\u0173 kolekcij\u0173. LINGO bald\u0173 kolekcija patenkins kiekvien\u0105, kuris vertina nepriekai\u0161ting\u0105 paprastum\u0105 modernioje aplinkoje. Klasikin\u0117 kolekcijos forma, universali balta spalva, si\u016blo plat\u0173 bald\u0173 pasirinkimo pasirinkim\u0105 beveik bet kuriam j\u016bs\u0173 nam\u0173 kambariui.<br \/>\n\u201eLingo\u201c kolekcijoje yra komodos, vitrinos ir lentynos, puikiai tinkan\u010dios svetainei ar valgomajam.<br \/>\nTaip pat galima \u012fsigyti LINGO lov\u0105 ir naktinius staliukus.<br \/>\n\u017dARNOS NU\u0160VIESINA BET KOKI\u0104 TAMSUM\u0104.<br \/>\nModernus ir minimalistinis.<br \/>\nPlat\u016bs stalvir\u0161iai, besit\u0119siantys iki \u012frengini\u0173 priekio, atlieka dekoratyvin\u0119 funkcij\u0105.<br \/>\nPlat\u016bs \u0161oniniai b\u0117geliai suteikia baldams dar didesn\u012f stabilum\u0105.<br \/>\n\u00a0 Blizgi kolekcija papuo\u0161 bet kok\u012f interjer\u0105.<br \/>\n\u00a0 Papildomas ap\u0161vietimas vitrinose padidina bald\u0173 patrauklum\u0105.<br \/>\nSpalva: blizgi balta<br \/>\nPriekin\u0117 dalis: MDF plok\u0161t\u0117 su blizgia PVC folija<br \/>\nKarkasas: laminuota bald\u0173 plok\u0161t\u0117, ABS briaunos<br \/>\nVir\u0161utin\u0117s lentos: laminuota bald\u0173 plok\u0161t\u0117, ABS kra\u0161tai<br \/>\nStal\u010diai: rutuliniai guoliai, pilno i\u0161traukimo<\/p>","protected":false},"excerpt":{"rendered":"<p>Kolekcija: LINGO<br \/>\nPlotis cm: 150<br \/>\n\u016agis cm: 202<br \/>\nGylis cm: 56<br \/>\nDur\u0173 skai\u010dius: 5<\/p>","protected":false},"featured_media":235214,"comment_status":"open","ping_status":"open","template":"","meta":[],"product_brand":[],"product_cat":[9341,2970,1177],"product_tag":[],"class_list":{"0":"post-235213","1":"product","2":"type-product","3":"status-publish","4":"has-post-thumbnail","6":"product_cat-furniture-collection-lingo","7":"product_cat-mebelbos","8":"product_cat-wardrobes","10":"first","11":"instock","12":"purchasable","13":"product-type-simple"},"_links":{"self":[{"href":"https:\/\/baldumarket.lt\/lt\/wp-json\/wp\/v2\/product\/235213","targetHints":{"allow":["GET"]}}],"collection":[{"href":"https:\/\/baldumarket.lt\/lt\/wp-json\/wp\/v2\/product"}],"about":[{"href":"https:\/\/baldumarket.lt\/lt\/wp-json\/wp\/v2\/types\/product"}],"replies":[{"embeddable":true,"href":"https:\/\/baldumarket.lt\/lt\/wp-json\/wp\/v2\/comments?post=235213"}],"wp:featuredmedia":[{"embeddable":true,"href":"https:\/\/baldumarket.lt\/lt\/wp-json\/wp\/v2\/media\/235214"}],"wp:attachment":[{"href":"https:\/\/baldumarket.lt\/lt\/wp-json\/wp\/v2\/media?parent=235213"}],"wp:term":[{"taxonomy":"product_brand","embeddable":true,"href":"https:\/\/baldumarket.lt\/lt\/wp-json\/wp\/v2\/product_brand?post=235213"},{"taxonomy":"product_cat","embeddable":true,"href":"https:\/\/baldumarket.lt\/lt\/wp-json\/wp\/v2\/product_cat?post=235213"},{"taxonomy":"product_tag","embeddable":true,"href":"https:\/\/baldumarket.lt\/lt\/wp-json\/wp\/v2\/product_tag?post=235213"}],"curies":[{"name":"wp","href":"https:\/\/api.w.org\/{rel}","templated":true}]}}