{"id":235208,"date":"2025-12-29T22:29:59","date_gmt":"2025-12-29T19:29:59","guid":{"rendered":"https:\/\/baldumarket.lt\/product\/lingo-szafka-nocna-1s-bialy-polysk\/"},"modified":"2026-04-07T18:30:56","modified_gmt":"2026-04-07T15:30:56","slug":"lingo-szafka-nocna-1s-bialy-polysk","status":"publish","type":"product","link":"https:\/\/baldumarket.lt\/lt\/product\/lingo-szafka-nocna-1s-bialy-polysk\/","title":{"rendered":"LINGO naktinis staliukas, 1 vnt., baltas blizgus"},"content":{"rendered":"<p>LINGO naktiniai staliukai, blizg\u016bs, balti<br \/>\nNaktinis staliukas yra b\u016btinas pilnai funkcionaliam miegamajam. \u0160is LINGO kolekcijos naktinis staliukas su baltais fasadais turi atvir\u0105 lentyn\u0105 ir stal\u010di\u0173, puikiai tinkant\u012f laikyti visus b\u016btiniausius daiktus prie\u0161 mieg\u0105. Ant stalvir\u0161io puikiai tinka tradicinis \u017eadintuvas arba ma\u017ea naktin\u0117 lempa. LINGO bald\u0173 kolekcija patenkins visus, kurie vertina nepriekai\u0161ting\u0105 paprastum\u0105 modernioje aplinkoje. Klasikin\u0117 kolekcijos forma, universali balta spalva, si\u016blo plat\u0173 bald\u0173 pasirinkimo pasirinkim\u0105 beveik bet kuriam j\u016bs\u0173 nam\u0173 kambariui.<br \/>\n\u201eLingo\u201c kolekcij\u0105 sudaro komodos, vitrinos ir lentynos \u2013 idealiai tinkan\u010dios svetain\u0117ms ar valgomiesiems.<br \/>\nTaip pat yra lova, naktiniai staleliai ir drabu\u017ei\u0173 spinta.<br \/>\n\u017dARNOS. AP\u0160VIESINA BET KOKI\u0104 TAMSUM\u0104.<br \/>\nModernus ir minimalistinis.<br \/>\n\u00a0 Plat\u016bs vir\u0161\u016bn\u0117s, besit\u0119sian\u010dios iki \u012frengini\u0173 priekio, atlieka dekoratyvin\u0119 funkcij\u0105.<br \/>\n\u00a0 Pla\u010dios \u0161onin\u0117s apdailos detal\u0117s suteikia baldams dar daugiau stabilumo. \u0160i blizgi kolekcija pagyvins bet kok\u012f interjer\u0105.<br \/>\nPapildomas ap\u0161vietimas vitrinose padidina bald\u0173 patrauklum\u0105.<br \/>\nSpalva: blizgi balta<br \/>\nPriekin\u0117 dalis: MDF plok\u0161t\u0117 su blizgia PVC folija<br \/>\nKorpusas: laminuota bald\u0173 plok\u0161t\u0117, ABS kra\u0161tai<br \/>\nVir\u0161us: laminuota bald\u0173 plok\u0161t\u0117, ABS kra\u0161tas<br \/>\nStal\u010diai: rutuliniai guoliai, pilno i\u0161traukimo<\/p>","protected":false},"excerpt":{"rendered":"<p>Kolekcija: LINGO<br \/>\nPlotis cm: 60<br \/>\n\u016agis cm: 50,5<br \/>\nGylis cm: 40<br \/>\nStal\u010di\u0173 skai\u010dius: 1<\/p>","protected":false},"featured_media":235209,"comment_status":"open","ping_status":"open","template":"","meta":[],"product_brand":[],"product_cat":[9341,1176,2970],"product_tag":[],"class_list":{"0":"post-235208","1":"product","2":"type-product","3":"status-publish","4":"has-post-thumbnail","6":"product_cat-furniture-collection-lingo","7":"product_cat-bedside-tables","8":"product_cat-mebelbos","10":"first","11":"instock","12":"purchasable","13":"product-type-simple"},"_links":{"self":[{"href":"https:\/\/baldumarket.lt\/lt\/wp-json\/wp\/v2\/product\/235208","targetHints":{"allow":["GET"]}}],"collection":[{"href":"https:\/\/baldumarket.lt\/lt\/wp-json\/wp\/v2\/product"}],"about":[{"href":"https:\/\/baldumarket.lt\/lt\/wp-json\/wp\/v2\/types\/product"}],"replies":[{"embeddable":true,"href":"https:\/\/baldumarket.lt\/lt\/wp-json\/wp\/v2\/comments?post=235208"}],"wp:featuredmedia":[{"embeddable":true,"href":"https:\/\/baldumarket.lt\/lt\/wp-json\/wp\/v2\/media\/235209"}],"wp:attachment":[{"href":"https:\/\/baldumarket.lt\/lt\/wp-json\/wp\/v2\/media?parent=235208"}],"wp:term":[{"taxonomy":"product_brand","embeddable":true,"href":"https:\/\/baldumarket.lt\/lt\/wp-json\/wp\/v2\/product_brand?post=235208"},{"taxonomy":"product_cat","embeddable":true,"href":"https:\/\/baldumarket.lt\/lt\/wp-json\/wp\/v2\/product_cat?post=235208"},{"taxonomy":"product_tag","embeddable":true,"href":"https:\/\/baldumarket.lt\/lt\/wp-json\/wp\/v2\/product_tag?post=235208"}],"curies":[{"name":"wp","href":"https:\/\/api.w.org\/{rel}","templated":true}]}}