{"id":235204,"date":"2025-12-29T22:29:52","date_gmt":"2025-12-29T19:29:52","guid":{"rendered":"https:\/\/baldumarket.lt\/product\/lingo-szafka-rtv-1d-160-bialy-polysk\/"},"modified":"2026-04-07T18:30:56","modified_gmt":"2026-04-07T15:30:56","slug":"lingo-szafka-rtv-1d-160-bialy-polysk","status":"publish","type":"product","link":"https:\/\/baldumarket.lt\/lt\/product\/lingo-szafka-rtv-1d-160-bialy-polysk\/","title":{"rendered":"LINGO TV spintel\u0117 1d\/160 baltai blizgi"},"content":{"rendered":"<p>LINGO TV staliukas 160 cm, baltas blizgus<br \/>\n\u0160is LINGO kolekcijos televizoriaus staliukas skirtas televizoriui d\u0117l didelio ir patvaraus stalvir\u0161io. Be to, spintel\u0117 turi atviras ir u\u017edaras lentynas su baltais priekiais, puikiai tinkan\u010dias laikyti smulkius daiktus, tokius kaip nuotolinio valdymo pulteliai, kompaktiniai diskai ar \u017eurnalai. LINGO bald\u0173 kolekcija patenkins visus, kurie vertina nepriekai\u0161ting\u0105 paprastum\u0105 modernioje aplinkoje. Klasikin\u0117 kolekcijos forma, universali balta spalva, si\u016blo plat\u0173 bald\u0173 pasirinkimo pasirinkim\u0105 beveik bet kuriam j\u016bs\u0173 nam\u0173 kambariui.<br \/>\n\u201eLingo\u201c kolekcijoje yra komodos, vitrinos ir lentynos, puikiai tinkan\u010dios svetain\u0117ms ar valgomiesiems.<br \/>\nTaip pat yra lova, naktiniai staleliai ir drabu\u017ei\u0173 spinta.<br \/>\n\u017dARNOS. AP\u0160VIESINA BET KOKI\u0104 TAMSUM\u0104.<br \/>\n\u00a0 Modernus ir minimalistinis.<br \/>\n\u00a0 Plat\u016bs vir\u0161\u016bn\u0117s, besit\u0119sian\u010dios iki \u012frengini\u0173 priekio, atlieka dekoratyvin\u0119 funkcij\u0105.<br \/>\n\u00a0 Plat\u016bs \u0161oniniai profiliai suteikia baldams dar didesn\u012f stabilum\u0105.<br \/>\n\u00a0\u0160i blizgi kolekcija papuo\u0161 bet kok\u012f interjer\u0105.<br \/>\n\u00a0 Papildomas ap\u0161vietimas vitrinose padidina bald\u0173 patrauklum\u0105.<br \/>\nSpalva: blizgi balta<br \/>\nPriekin\u0117 dalis: MDF plok\u0161t\u0117 su blizgia PVC folija<br \/>\nKorpusas: laminuota bald\u0173 plok\u0161t\u0117, ABS kra\u0161tai<br \/>\nVir\u0161us: laminuota bald\u0173 plok\u0161t\u0117, ABS kra\u0161tai<br \/>\nStal\u010diai: rutuliniai guoliai, pilno i\u0161traukimo<\/p>","protected":false},"excerpt":{"rendered":"<p>LINGO TV stand 1d\/160 cm, white gloss This TV stand from the LINGO collection is designed to accommodate a TV, thanks to its large, durable top. Additionally, the unit features open and closed shelves with white fronts, perfect for storing small items like remote controls, CDs, or magazines. The LINGO furniture collection will satisfy anyone [&hellip;]<\/p>","protected":false},"featured_media":235205,"comment_status":"open","ping_status":"open","template":"","meta":[],"product_brand":[],"product_cat":[9341,2970,1175],"product_tag":[],"class_list":{"0":"post-235204","1":"product","2":"type-product","3":"status-publish","4":"has-post-thumbnail","6":"product_cat-furniture-collection-lingo","7":"product_cat-mebelbos","8":"product_cat-tv-stands","10":"first","11":"instock","12":"purchasable","13":"product-type-simple"},"_links":{"self":[{"href":"https:\/\/baldumarket.lt\/lt\/wp-json\/wp\/v2\/product\/235204","targetHints":{"allow":["GET"]}}],"collection":[{"href":"https:\/\/baldumarket.lt\/lt\/wp-json\/wp\/v2\/product"}],"about":[{"href":"https:\/\/baldumarket.lt\/lt\/wp-json\/wp\/v2\/types\/product"}],"replies":[{"embeddable":true,"href":"https:\/\/baldumarket.lt\/lt\/wp-json\/wp\/v2\/comments?post=235204"}],"wp:featuredmedia":[{"embeddable":true,"href":"https:\/\/baldumarket.lt\/lt\/wp-json\/wp\/v2\/media\/235205"}],"wp:attachment":[{"href":"https:\/\/baldumarket.lt\/lt\/wp-json\/wp\/v2\/media?parent=235204"}],"wp:term":[{"taxonomy":"product_brand","embeddable":true,"href":"https:\/\/baldumarket.lt\/lt\/wp-json\/wp\/v2\/product_brand?post=235204"},{"taxonomy":"product_cat","embeddable":true,"href":"https:\/\/baldumarket.lt\/lt\/wp-json\/wp\/v2\/product_cat?post=235204"},{"taxonomy":"product_tag","embeddable":true,"href":"https:\/\/baldumarket.lt\/lt\/wp-json\/wp\/v2\/product_tag?post=235204"}],"curies":[{"name":"wp","href":"https:\/\/api.w.org\/{rel}","templated":true}]}}