{"id":235194,"date":"2025-12-29T22:29:35","date_gmt":"2025-12-29T19:29:35","guid":{"rendered":"https:\/\/baldumarket.lt\/product\/lingo-witryna-niska-2d2w-bialy-polysk\/"},"modified":"2026-04-07T18:30:56","modified_gmt":"2026-04-07T15:30:56","slug":"lingo-witryna-niska-2d2w-bialy-polysk","status":"publish","type":"product","link":"https:\/\/baldumarket.lt\/lt\/product\/lingo-witryna-niska-2d2w-bialy-polysk\/","title":{"rendered":"LINGO \u017eema vitrina, 2 vnt., 2 vnt., balta, blizgi"},"content":{"rendered":"<p>LINGO \u017eema vitrina, 2x2w, balta, blizgi<br \/>\nLINGO vitrina \u2013 tai daugiafunkcis baldas, galintis tapti patogia knyg\u0173 lentyna, \u012fdomi\u0173 dekoracij\u0173 vieta ar biuro dokument\u0173 saugykla. Vitrinos puikiai dera prie toki\u0173 kambari\u0173 kaip svetain\u0117, darbo kambarys, prie\u0161kambaris, miegamasis, darbo kambarys, nam\u0173 biuras, jaunimo kambarys ir net valgomasis! LINGO bald\u0173 kolekcija patenkins kiekvien\u0105, kuris vertina nepriekai\u0161ting\u0105 paprastum\u0105 modernioje aplinkoje. Klasikin\u0117 kolekcijos forma, universali balta spalva, si\u016blo plat\u0173 bald\u0173 pasirinkimo pasirinkim\u0105 beveik bet kuriam j\u016bs\u0173 nam\u0173 kambariui.<br \/>\n\u201eLingo\u201c kolekcij\u0105 sudaro komodos, vitrinos ir lentynos \u2013 idealiai tinkan\u010dios svetain\u0117ms ir valgomiesiems.<br \/>\nTaip pat yra lova, naktiniai staleliai ir drabu\u017ei\u0173 spinta.<br \/>\n\u017dARNOS. AP\u0160VIESINA BET KOKI\u0104 TAMSUM\u0104.<br \/>\n\u00a0 Modernus ir minimalistinis.<br \/>\n\u00a0 Plat\u016bs stalvir\u0161iai, besit\u0119siantys iki spinteli\u0173 priekio, tarnauja kaip dekoratyvinis elementas.<br \/>\n\u00a0 Plat\u016bs \u0161oniniai profiliai suteikia baldams dar didesn\u012f stabilum\u0105.<br \/>\n\u00a0\u0160i blizgi kolekcija papuo\u0161 bet kok\u012f interjer\u0105.<br \/>\n\u00a0 Papildomas ap\u0161vietimas vitrinose padidina bald\u0173 patrauklum\u0105.<br \/>\nSpalva: blizgi balta<br \/>\nPriekin\u0117 dalis: MDF plok\u0161t\u0117 su blizgia PVC folija<br \/>\nKorpusas: laminuota bald\u0173 plok\u0161t\u0117, ABS kra\u0161tai<br \/>\nVir\u0161us: laminuota bald\u0173 plok\u0161t\u0117, ABS kra\u0161tai<br \/>\nStal\u010diai: rutuliniai guoliai, pilno i\u0161traukimo<\/p>","protected":false},"excerpt":{"rendered":"<p>Kolekcija: LINGO<br \/>\nPlotis cm: 98<br \/>\n\u016agis cm: 156,5<br \/>\nGylis cm: 41,50<br \/>\nDur\u0173 skai\u010dius: 4<\/p>","protected":false},"featured_media":235195,"comment_status":"open","ping_status":"open","template":"","meta":[],"product_brand":[],"product_cat":[9341,2970,2006],"product_tag":[],"class_list":{"0":"post-235194","1":"product","2":"type-product","3":"status-publish","4":"has-post-thumbnail","6":"product_cat-furniture-collection-lingo","7":"product_cat-mebelbos","8":"product_cat-vitrines","10":"first","11":"instock","12":"purchasable","13":"product-type-simple"},"_links":{"self":[{"href":"https:\/\/baldumarket.lt\/lt\/wp-json\/wp\/v2\/product\/235194","targetHints":{"allow":["GET"]}}],"collection":[{"href":"https:\/\/baldumarket.lt\/lt\/wp-json\/wp\/v2\/product"}],"about":[{"href":"https:\/\/baldumarket.lt\/lt\/wp-json\/wp\/v2\/types\/product"}],"replies":[{"embeddable":true,"href":"https:\/\/baldumarket.lt\/lt\/wp-json\/wp\/v2\/comments?post=235194"}],"wp:featuredmedia":[{"embeddable":true,"href":"https:\/\/baldumarket.lt\/lt\/wp-json\/wp\/v2\/media\/235195"}],"wp:attachment":[{"href":"https:\/\/baldumarket.lt\/lt\/wp-json\/wp\/v2\/media?parent=235194"}],"wp:term":[{"taxonomy":"product_brand","embeddable":true,"href":"https:\/\/baldumarket.lt\/lt\/wp-json\/wp\/v2\/product_brand?post=235194"},{"taxonomy":"product_cat","embeddable":true,"href":"https:\/\/baldumarket.lt\/lt\/wp-json\/wp\/v2\/product_cat?post=235194"},{"taxonomy":"product_tag","embeddable":true,"href":"https:\/\/baldumarket.lt\/lt\/wp-json\/wp\/v2\/product_tag?post=235194"}],"curies":[{"name":"wp","href":"https:\/\/api.w.org\/{rel}","templated":true}]}}