{"id":235189,"date":"2025-12-29T22:29:21","date_gmt":"2025-12-29T19:29:21","guid":{"rendered":"https:\/\/baldumarket.lt\/product\/lingo-lawa-90-bialy-polysk\/"},"modified":"2026-04-07T18:30:47","modified_gmt":"2026-04-07T15:30:47","slug":"lingo-lawa-90-bialy-polysk","status":"publish","type":"product","link":"https:\/\/baldumarket.lt\/lt\/product\/lingo-lawa-90-bialy-polysk\/","title":{"rendered":"LINGO kavos staliukas 90 baltas blizgus"},"content":{"rendered":"<p>LINGO kavos staliukas 90, baltas blizgus<br \/>\nStalai ir kavos staliukai papildo bet kok\u012f interjer\u0105, ypa\u010d svetaines ir darbo erdves. LINGO kolekcijos kavos staliukas turi patogi\u0105 lentyn\u0105 smulkiems daiktams. \u0160is baltas baldas puikiai tiks kaip atskiras priedas prie kit\u0173 kolekcij\u0173. Ry\u0161kus kavos staliukas puikiai der\u0117s prie j\u016bs\u0173 svetain\u0117s. Klasikin\u0117 kolekcijos forma, universali balta spalva, si\u016blo plat\u0173 bald\u0173 pasirinkimo pasirinkim\u0105 beveik bet kuriam j\u016bs\u0173 nam\u0173 kambariui. LINGO bald\u0173 kolekcija patenkins kiekvien\u0105, kuris vertina nepriekai\u0161ting\u0105 paprastum\u0105 modernioje aplinkoje.<br \/>\n\u201eLingo\u201c kolekcijoje yra komodos, vitrinos ir lentynos \u2013 baldai, puikiai tinkantys svetainei ar valgomajam.<br \/>\nTaip pat galima \u012fsigyti LINGO lov\u0105 ir naktinius staliukus.<br \/>\n\u017dARNOS NU\u0160VIESINA BET KOKI\u0104 TAMSUM\u0104.<br \/>\nModernus ir minimalistinis.<br \/>\n\u00a0 Plat\u016bs vir\u0161\u016bn\u0117s, besit\u0119sian\u010dios iki \u012frengini\u0173 priekio, atlieka dekoratyvin\u0119 funkcij\u0105.<br \/>\n\u00a0 Plat\u016bs \u0161oniniai profiliai suteikia baldams dar didesn\u012f stabilum\u0105.<br \/>\n\u00a0\u0160i blizgi kolekcija papuo\u0161 bet kok\u012f interjer\u0105.<br \/>\n\u00a0 Papildomas ap\u0161vietimas vitrinose padidina bald\u0173 patrauklum\u0105.<br \/>\nSpalva: blizgi balta<br \/>\nPriekin\u0117 dalis: MDF plok\u0161t\u0117 su blizgia PVC folija<br \/>\nKorpusas: laminuota bald\u0173 plok\u0161t\u0117, ABS kra\u0161tai<br \/>\nVir\u0161us: laminuota bald\u0173 plok\u0161t\u0117, ABS kra\u0161tai<br \/>\nStal\u010diai: rutuliniai guoliai, pilno i\u0161traukimo<\/p>","protected":false},"excerpt":{"rendered":"<p>\u016agis cm: 35,5<br \/>\nPlotis cm: 90<br \/>\nGylis cm: 60<br \/>\nSavaranki\u0161kas surinkimas: TAIP<\/p>","protected":false},"featured_media":235190,"comment_status":"open","ping_status":"open","template":"","meta":[],"product_brand":[],"product_cat":[9341,866,2970],"product_tag":[],"class_list":{"0":"post-235189","1":"product","2":"type-product","3":"status-publish","4":"has-post-thumbnail","6":"product_cat-furniture-collection-lingo","7":"product_cat-coffee-tables","8":"product_cat-mebelbos","10":"first","11":"instock","12":"purchasable","13":"product-type-simple"},"_links":{"self":[{"href":"https:\/\/baldumarket.lt\/lt\/wp-json\/wp\/v2\/product\/235189","targetHints":{"allow":["GET"]}}],"collection":[{"href":"https:\/\/baldumarket.lt\/lt\/wp-json\/wp\/v2\/product"}],"about":[{"href":"https:\/\/baldumarket.lt\/lt\/wp-json\/wp\/v2\/types\/product"}],"replies":[{"embeddable":true,"href":"https:\/\/baldumarket.lt\/lt\/wp-json\/wp\/v2\/comments?post=235189"}],"wp:featuredmedia":[{"embeddable":true,"href":"https:\/\/baldumarket.lt\/lt\/wp-json\/wp\/v2\/media\/235190"}],"wp:attachment":[{"href":"https:\/\/baldumarket.lt\/lt\/wp-json\/wp\/v2\/media?parent=235189"}],"wp:term":[{"taxonomy":"product_brand","embeddable":true,"href":"https:\/\/baldumarket.lt\/lt\/wp-json\/wp\/v2\/product_brand?post=235189"},{"taxonomy":"product_cat","embeddable":true,"href":"https:\/\/baldumarket.lt\/lt\/wp-json\/wp\/v2\/product_cat?post=235189"},{"taxonomy":"product_tag","embeddable":true,"href":"https:\/\/baldumarket.lt\/lt\/wp-json\/wp\/v2\/product_tag?post=235189"}],"curies":[{"name":"wp","href":"https:\/\/api.w.org\/{rel}","templated":true}]}}