{"id":235185,"date":"2025-12-29T22:29:16","date_gmt":"2025-12-29T19:29:16","guid":{"rendered":"https:\/\/baldumarket.lt\/product\/lingo-loze-160-bialy-polysk\/"},"modified":"2026-04-07T18:30:47","modified_gmt":"2026-04-07T15:30:47","slug":"lingo-loze-160-bialy-polysk","status":"publish","type":"product","link":"https:\/\/baldumarket.lt\/lt\/product\/lingo-loze-160-bialy-polysk\/","title":{"rendered":"LINGO lova 160 balta blizgi"},"content":{"rendered":"<p>LINGO Lova 160 cm, balta blizgi<br \/>\nPatogi lova \u2013 b\u016btinas bet kurio miegamojo elementas. Lova i\u0161 LINGO kolekcijos praskaidrins bet kur\u012f tams\u0173 miegam\u0105j\u012f. \u0160is baltas baldas puikiai dera kaip atskiras priedas prie kit\u0173 kolekcij\u0173. LINGO bald\u0173 kolekcija patenkins visus, kurie vertina nepriekai\u0161ting\u0105 paprastum\u0105 modernioje aplinkoje. Klasikin\u0117 kolekcijos forma, universali balta spalva, si\u016blo plat\u0173 bald\u0173 pasirinkimo pasirinkim\u0105 beveik bet kuriam j\u016bs\u0173 nam\u0173 kambariui.<br \/>\n\u201eLingo\u201c kolekcijoje yra komodos, vitrinos ir lentynos \u2013 baldai, puikiai tinkantys svetainei ar valgomajam.<br \/>\nTaip pat yra lova, naktiniai staleliai ir drabu\u017ei\u0173 spinta.<br \/>\n\u017dARNOS. AP\u0160VIESINA BET KOKI\u0104 TAMSUM\u0104.<br \/>\nModernus ir minimalistinis.<br \/>\n\u00a0 Plat\u016bs vir\u0161\u016bn\u0117s, besit\u0119sian\u010dios iki \u012frengini\u0173 priekio, tarnauja kaip dekoratyvinis elementas.<br \/>\n\u00a0 Plat\u016bs \u0161oniniai b\u0117geliai suteikia baldams dar didesn\u012f stabilum\u0105.<br \/>\n\u00a0 Blizgi kolekcija papuo\u0161 bet kok\u012f interjer\u0105.<br \/>\n\u00a0 Papildomas ap\u0161vietimas vitrinose padidina bald\u0173 patrauklum\u0105.<br \/>\nSpalva: Blizgi balta<br \/>\nPriekin\u0117 dalis: MDF plok\u0161t\u0117 su blizgia PVC folija<br \/>\nKorpusas: laminuota bald\u0173 plok\u0161t\u0117, ABS kra\u0161tai<br \/>\nVir\u0161us: laminuota bald\u0173 plok\u0161t\u0117, ABS kra\u0161tai<br \/>\nStal\u010diai: Pilno i\u0161traukimo rutuliniai guoliai<\/p>","protected":false},"excerpt":{"rendered":"<p>\u016agis cm: 89<br \/>\nPlotis cm: 166<br \/>\nIlgis cm: 205,5<br \/>\n\u010ciu\u017einys \u012fskai\u010diuotas: Ne<br \/>\nR\u0117mas pridedamas: Ne<\/p>","protected":false},"featured_media":235186,"comment_status":"open","ping_status":"open","template":"","meta":[],"product_brand":[],"product_cat":[9341,1971,2970],"product_tag":[],"class_list":{"0":"post-235185","1":"product","2":"type-product","3":"status-publish","4":"has-post-thumbnail","6":"product_cat-furniture-collection-lingo","7":"product_cat-beds-160x200","8":"product_cat-mebelbos","10":"first","11":"instock","12":"purchasable","13":"product-type-simple"},"_links":{"self":[{"href":"https:\/\/baldumarket.lt\/lt\/wp-json\/wp\/v2\/product\/235185","targetHints":{"allow":["GET"]}}],"collection":[{"href":"https:\/\/baldumarket.lt\/lt\/wp-json\/wp\/v2\/product"}],"about":[{"href":"https:\/\/baldumarket.lt\/lt\/wp-json\/wp\/v2\/types\/product"}],"replies":[{"embeddable":true,"href":"https:\/\/baldumarket.lt\/lt\/wp-json\/wp\/v2\/comments?post=235185"}],"wp:featuredmedia":[{"embeddable":true,"href":"https:\/\/baldumarket.lt\/lt\/wp-json\/wp\/v2\/media\/235186"}],"wp:attachment":[{"href":"https:\/\/baldumarket.lt\/lt\/wp-json\/wp\/v2\/media?parent=235185"}],"wp:term":[{"taxonomy":"product_brand","embeddable":true,"href":"https:\/\/baldumarket.lt\/lt\/wp-json\/wp\/v2\/product_brand?post=235185"},{"taxonomy":"product_cat","embeddable":true,"href":"https:\/\/baldumarket.lt\/lt\/wp-json\/wp\/v2\/product_cat?post=235185"},{"taxonomy":"product_tag","embeddable":true,"href":"https:\/\/baldumarket.lt\/lt\/wp-json\/wp\/v2\/product_tag?post=235185"}],"curies":[{"name":"wp","href":"https:\/\/api.w.org\/{rel}","templated":true}]}}