{"id":235180,"date":"2025-12-29T22:29:07","date_gmt":"2025-12-29T19:29:07","guid":{"rendered":"https:\/\/baldumarket.lt\/product\/ole-biale-biurko-matowe\/"},"modified":"2026-04-07T18:30:47","modified_gmt":"2026-04-07T15:30:47","slug":"ole-biale-biurko-matowe","status":"publish","type":"product","link":"https:\/\/baldumarket.lt\/lt\/product\/ole-biale-biurko-matowe\/","title":{"rendered":"OLE baltas rytinis stalas"},"content":{"rendered":"<p>OLE matin\u0117s baltos spalvos ra\u0161omasis stalas (OLE 1839-590-01)<br \/>\n\u201cOle\u201d stalas papildo j\u016bs\u0173 darbo viet\u0105 funkcionaliu baldu.<br \/>\nD\u0117l kompakti\u0161ko dizaino jis tinka ir ma\u017eesn\u0117ms erdv\u0117ms.<br \/>\nTaip pat yra vietos daiktams susid\u0117ti: u\u017e dur\u0173 galite laikyti visas darbo priemones, kurias reikia greitai pasiekti.<br \/>\nTaip j\u016bs\u0173 darbo vieta i\u0161lieka laisva.<br \/>\nD\u0117l auk\u0161tos kokyb\u0117s ir tvirtos gamybos \u0161ie biuro baldai yra ypa\u010d patvar\u016bs.<br \/>\nBe to, gamybai naudojamos FSC\u00ae sertifikuotos medienos med\u017eiagos.<br \/>\nLengvai pri\u017ei\u016brimas pavir\u0161ius lengvai valomas. \u201cOle\u201d stalas sukuria puiki\u0105 erdv\u0119 mokymuisi ir k\u016brybiniam darbui.<br \/>\nProdukto savyb\u0117s<br \/>\n\u2013 Subtilus dizainas<br \/>\n\u2013 Matin\u0117 balta folija<br \/>\n\u2013 Universalus stilius<br \/>\n\u2013 Didelis darbastalis<br \/>\nMatmenys:<br \/>\nA \/ P \/ G: 75 \/ 115 \/ 50 cm<\/p>","protected":false},"excerpt":{"rendered":"<p>Auk\u0161tis cm: 75<br \/>\nPlotis cm: 115<br \/>\nGylis cm: 50<br \/>\nDur\u0173 skai\u010dius: 1<\/p>","protected":false},"featured_media":235181,"comment_status":"open","ping_status":"open","template":"","meta":[],"product_brand":[],"product_cat":[9342,1312,2970],"product_tag":[],"class_list":{"0":"post-235180","1":"product","2":"type-product","3":"status-publish","4":"has-post-thumbnail","6":"product_cat-furniture-collection-ole","7":"product_cat-desks","8":"product_cat-mebelbos","10":"first","11":"instock","12":"purchasable","13":"product-type-simple"},"_links":{"self":[{"href":"https:\/\/baldumarket.lt\/lt\/wp-json\/wp\/v2\/product\/235180","targetHints":{"allow":["GET"]}}],"collection":[{"href":"https:\/\/baldumarket.lt\/lt\/wp-json\/wp\/v2\/product"}],"about":[{"href":"https:\/\/baldumarket.lt\/lt\/wp-json\/wp\/v2\/types\/product"}],"replies":[{"embeddable":true,"href":"https:\/\/baldumarket.lt\/lt\/wp-json\/wp\/v2\/comments?post=235180"}],"wp:featuredmedia":[{"embeddable":true,"href":"https:\/\/baldumarket.lt\/lt\/wp-json\/wp\/v2\/media\/235181"}],"wp:attachment":[{"href":"https:\/\/baldumarket.lt\/lt\/wp-json\/wp\/v2\/media?parent=235180"}],"wp:term":[{"taxonomy":"product_brand","embeddable":true,"href":"https:\/\/baldumarket.lt\/lt\/wp-json\/wp\/v2\/product_brand?post=235180"},{"taxonomy":"product_cat","embeddable":true,"href":"https:\/\/baldumarket.lt\/lt\/wp-json\/wp\/v2\/product_cat?post=235180"},{"taxonomy":"product_tag","embeddable":true,"href":"https:\/\/baldumarket.lt\/lt\/wp-json\/wp\/v2\/product_tag?post=235180"}],"curies":[{"name":"wp","href":"https:\/\/api.w.org\/{rel}","templated":true}]}}