{"id":235177,"date":"2025-12-29T22:29:03","date_gmt":"2025-12-29T19:29:03","guid":{"rendered":"https:\/\/baldumarket.lt\/product\/ole-biale-lozko-matowe-90-x-200\/"},"modified":"2026-04-07T18:30:47","modified_gmt":"2026-04-07T15:30:47","slug":"ole-biale-lozko-matowe-90-x-200","status":"publish","type":"product","link":"https:\/\/baldumarket.lt\/lt\/product\/ole-biale-lozko-matowe-90-x-200\/","title":{"rendered":"OLE balta matin\u0117 lova 90x200"},"content":{"rendered":"<p>Ole matin\u0117s baltos spalvos lova su daiktad\u0117\u017ee (OLE 1839-294-01)<br \/>\n\u00a0<br \/>\n\u0160i moderni lova su \u0161variu dizainu sukuria gra\u017ei\u0105 miegojimo zon\u0105 jaunimo kambaryje.<br \/>\nD\u0117l paprastos formos lova prisitaiko prie daugelio skirting\u0173 bald\u0173 stili\u0173 ir suteikia kambariui mading\u0105 charakter\u012f.<br \/>\nKartu su patalyne arba lovatiese, miegojimo baldai gali b\u016bti individualiai suprojektuoti.<br \/>\nLengvai pri\u017ei\u016brimas pavir\u0161ius lengvai valomas, tod\u0117l idealiai tinka vaiko kambariui.<br \/>\nD\u0117l auk\u0161tos kokyb\u0117s gamybos, miegamojo baldai yra tvirti ir patvar\u016bs.<br \/>\nMadinga \u201eOle\u201c lova su savo ry\u0161kiu dizainu sukuria jauki\u0105 poilsio erdv\u0119 vaiko kambaryje.<br \/>\nLova parduodama be \u010diu\u017einio ir \u010diu\u017einio pagrindo.<br \/>\nProdukto savyb\u0117s:<br \/>\n\u2013 Subtilus dizainas<br \/>\n\u2013 Matin\u0117 balta folija<br \/>\n\u2013 Universalus stilius<br \/>\n\u2013 Erdvus stal\u010dius patalynei<br \/>\nMatmenys:<br \/>\nA \/ P \/ G: 78 \/ 209 \/ 97 cm<\/p>","protected":false},"excerpt":{"rendered":"<p>\u016agis cm: 78<br \/>\nPlotis cm: 97<br \/>\nIlgis cm: 209<br \/>\n\u010ciu\u017einio matmenys cm: 90 x 200<br \/>\n\u010ciu\u017einys \u012fskai\u010diuotas: Ne<br \/>\nR\u0117mas pridedamas: Ne<\/p>","protected":false},"featured_media":235178,"comment_status":"open","ping_status":"open","template":"","meta":[],"product_brand":[],"product_cat":[9342,1372,2970],"product_tag":[],"class_list":{"0":"post-235177","1":"product","2":"type-product","3":"status-publish","4":"has-post-thumbnail","6":"product_cat-furniture-collection-ole","7":"product_cat-childrens-beds","8":"product_cat-mebelbos","10":"first","11":"instock","12":"purchasable","13":"product-type-simple"},"_links":{"self":[{"href":"https:\/\/baldumarket.lt\/lt\/wp-json\/wp\/v2\/product\/235177","targetHints":{"allow":["GET"]}}],"collection":[{"href":"https:\/\/baldumarket.lt\/lt\/wp-json\/wp\/v2\/product"}],"about":[{"href":"https:\/\/baldumarket.lt\/lt\/wp-json\/wp\/v2\/types\/product"}],"replies":[{"embeddable":true,"href":"https:\/\/baldumarket.lt\/lt\/wp-json\/wp\/v2\/comments?post=235177"}],"wp:featuredmedia":[{"embeddable":true,"href":"https:\/\/baldumarket.lt\/lt\/wp-json\/wp\/v2\/media\/235178"}],"wp:attachment":[{"href":"https:\/\/baldumarket.lt\/lt\/wp-json\/wp\/v2\/media?parent=235177"}],"wp:term":[{"taxonomy":"product_brand","embeddable":true,"href":"https:\/\/baldumarket.lt\/lt\/wp-json\/wp\/v2\/product_brand?post=235177"},{"taxonomy":"product_cat","embeddable":true,"href":"https:\/\/baldumarket.lt\/lt\/wp-json\/wp\/v2\/product_cat?post=235177"},{"taxonomy":"product_tag","embeddable":true,"href":"https:\/\/baldumarket.lt\/lt\/wp-json\/wp\/v2\/product_tag?post=235177"}],"curies":[{"name":"wp","href":"https:\/\/api.w.org\/{rel}","templated":true}]}}