{"id":235172,"date":"2025-12-29T22:28:57","date_gmt":"2025-12-29T19:28:57","guid":{"rendered":"https:\/\/baldumarket.lt\/product\/ole-biale-lozko-matowe-z-dodatkowym-lozkiem-wysuwanym-90-x-200\/"},"modified":"2026-04-07T18:30:47","modified_gmt":"2026-04-07T15:30:47","slug":"ole-biale-lozko-matowe-z-dodatkowym-lozkiem-wysuwanym-90-x-200","status":"publish","type":"product","link":"https:\/\/baldumarket.lt\/lt\/product\/ole-biale-lozko-matowe-z-dodatkowym-lozkiem-wysuwanym-90-x-200\/","title":{"rendered":"OLE balta matin\u0117 lova su papildoma i\u0161skleid\u017eiama lova 90 x 200"},"content":{"rendered":"<p>Ole matin\u0117 balta lova su papildoma lova<br \/>\n\u0160i moderni lova su \u0161variu dizainu sukuria gra\u017ei\u0105 miegojimo zon\u0105 jaunimo kambaryje.<br \/>\nD\u0117l paprasto dizaino lova prisitaiko prie daugelio skirting\u0173 bald\u0173 stili\u0173 ir suteikia kambariui mading\u0105 charakter\u012f.<br \/>\nMiegamieji baldai gali b\u016bti individualiai suprojektuoti kartu su patalyne arba u\u017etiesalu.<br \/>\nLengvai pri\u017ei\u016brimas pavir\u0161ius lengvai valomas, tod\u0117l idealiai tinka vaiko kambariui.<br \/>\nD\u0117l auk\u0161tos kokyb\u0117s gamybos, miegamojo baldai yra tvirti ir patvar\u016bs.<br \/>\nMadinga \u201eOle\u201c lova su savo ry\u0161kiu dizainu sukuria jauki\u0105 poilsio erdv\u0119 vaiko kambaryje.<br \/>\nO prakti\u0161kame stal\u010diuje po lova galima sutalpinti groteli\u0173 r\u0117m\u0105 ir \u010diu\u017ein\u012f sve\u010diui.<br \/>\nLova parduodama be \u010diu\u017einio ir groteli\u0173 r\u0117mo.<br \/>\nProdukto savyb\u0117s:<br \/>\n\u2013 Subtilus dizainas<br \/>\n\u2013 Matin\u0117 balta folija<br \/>\n\u2013 Universalus stilius<br \/>\nMatmenys:<br \/>\nA \/ P \/ G: 78 \/ 209 \/ 97 cm<br \/>\nOLE lovos stal\u010dius 90 baltas [1839-296]<br \/>\n\u201eOle\u201c stal\u010dius yra pasirenkamas priedas prie tos pa\u010dios kolekcijos 90 lovos. Stal\u010dius n\u0117ra skirtas daiktams laikyti; jis veikia kaip papildoma lova, kuri\u0105 galima patogiai i\u0161traukti arba pasl\u0117pti.<br \/>\nVidiniai stal\u010diaus matmenys:<br \/>\n\u2013 Plotis 90 cm<br \/>\n\u2013 Ilgis 194,5 cm<br \/>\n\u2013 \u010ciu\u017einio auk\u0161tis tur\u0117t\u0173 b\u016bti ne didesnis kaip 12,5 cm<br \/>\n\u2013 Did\u017eiausias \u010diu\u017einio dydis tur\u0117t\u0173 b\u016bti 90 \u00d7 194,5 cm<br \/>\n\u2013 Did\u017eiausias r\u0117mo auk\u0161tis tur\u0117t\u0173 b\u016bti 4 cm, o geriausia, kad r\u0117mas b\u016bt\u0173 kuo paprastesnis.<br \/>\nPASTABA:<br \/>\n\u012ed\u0117klas ir \u010diu\u017einys \u012f stal\u010diaus kain\u0105 ne\u012fskai\u010diuoti.<\/p>","protected":false},"excerpt":{"rendered":"<p>\u016agis cm: 78<br \/>\nPlotis cm: 97<br \/>\nIlgis cm: 209<br \/>\n\u010ciu\u017einys \u012fskai\u010diuotas: Ne<br \/>\nR\u0117mas pridedamas: Ne<\/p>","protected":false},"featured_media":235173,"comment_status":"open","ping_status":"open","template":"","meta":[],"product_brand":[],"product_cat":[9342,1372,2970],"product_tag":[],"class_list":{"0":"post-235172","1":"product","2":"type-product","3":"status-publish","4":"has-post-thumbnail","6":"product_cat-furniture-collection-ole","7":"product_cat-childrens-beds","8":"product_cat-mebelbos","10":"first","11":"instock","12":"purchasable","13":"product-type-simple"},"_links":{"self":[{"href":"https:\/\/baldumarket.lt\/lt\/wp-json\/wp\/v2\/product\/235172","targetHints":{"allow":["GET"]}}],"collection":[{"href":"https:\/\/baldumarket.lt\/lt\/wp-json\/wp\/v2\/product"}],"about":[{"href":"https:\/\/baldumarket.lt\/lt\/wp-json\/wp\/v2\/types\/product"}],"replies":[{"embeddable":true,"href":"https:\/\/baldumarket.lt\/lt\/wp-json\/wp\/v2\/comments?post=235172"}],"wp:featuredmedia":[{"embeddable":true,"href":"https:\/\/baldumarket.lt\/lt\/wp-json\/wp\/v2\/media\/235173"}],"wp:attachment":[{"href":"https:\/\/baldumarket.lt\/lt\/wp-json\/wp\/v2\/media?parent=235172"}],"wp:term":[{"taxonomy":"product_brand","embeddable":true,"href":"https:\/\/baldumarket.lt\/lt\/wp-json\/wp\/v2\/product_brand?post=235172"},{"taxonomy":"product_cat","embeddable":true,"href":"https:\/\/baldumarket.lt\/lt\/wp-json\/wp\/v2\/product_cat?post=235172"},{"taxonomy":"product_tag","embeddable":true,"href":"https:\/\/baldumarket.lt\/lt\/wp-json\/wp\/v2\/product_tag?post=235172"}],"curies":[{"name":"wp","href":"https:\/\/api.w.org\/{rel}","templated":true}]}}