{"id":235168,"date":"2025-12-29T22:28:52","date_gmt":"2025-12-29T19:28:52","guid":{"rendered":"https:\/\/baldumarket.lt\/product\/ole-bialy-regal-matowa-1-drzwi\/"},"modified":"2026-04-07T18:30:47","modified_gmt":"2026-04-07T15:30:47","slug":"ole-bialy-regal-matowa-1-drzwi","status":"publish","type":"product","link":"https:\/\/baldumarket.lt\/lt\/product\/ole-bialy-regal-matowa-1-drzwi\/","title":{"rendered":"OLE balta lentyna \u2013 matin\u0117, 1 durul\u0117"},"content":{"rendered":"<p>OLE matin\u0117s baltos spalvos lentyna su 1 durel\u0117mis. Ole prie\u0161kambario lentyna si\u016blo daug vietos drabu\u017eiams ir aksesuarams. Ji pasi\u017eymi moderniu dizainu ir subtilia spalva. Lentyna pasi\u017eymi lengvai pri\u017ei\u016brimais pavir\u0161iais ir yra pagaminta i\u0161 FSC sertifikuotos medienos. Ole kolekcijos spinta yra vizualus ir prakti\u0161kas prie\u0161kambario ir \u012f\u0117jimo papildymas. Gaminio savyb\u0117s: \u2013 subtilios kojel\u0117s \u2013 matin\u0117 balta folija \u2013 metalin\u0117 rankena \u2013 universalus stilius<\/p>","protected":false},"excerpt":{"rendered":"<p>\u016agis cm: 200,6<br \/>\nPlotis cm: 50<br \/>\nGylis cm: 37<br \/>\nDur\u0173 skai\u010dius: 1<\/p>","protected":false},"featured_media":235169,"comment_status":"open","ping_status":"open","template":"","meta":[],"product_brand":[],"product_cat":[9342,9120,2970],"product_tag":[],"class_list":{"0":"post-235168","1":"product","2":"type-product","3":"status-publish","4":"has-post-thumbnail","6":"product_cat-furniture-collection-ole","7":"product_cat-cabinets","8":"product_cat-mebelbos","10":"first","11":"instock","12":"purchasable","13":"product-type-simple"},"_links":{"self":[{"href":"https:\/\/baldumarket.lt\/lt\/wp-json\/wp\/v2\/product\/235168","targetHints":{"allow":["GET"]}}],"collection":[{"href":"https:\/\/baldumarket.lt\/lt\/wp-json\/wp\/v2\/product"}],"about":[{"href":"https:\/\/baldumarket.lt\/lt\/wp-json\/wp\/v2\/types\/product"}],"replies":[{"embeddable":true,"href":"https:\/\/baldumarket.lt\/lt\/wp-json\/wp\/v2\/comments?post=235168"}],"wp:featuredmedia":[{"embeddable":true,"href":"https:\/\/baldumarket.lt\/lt\/wp-json\/wp\/v2\/media\/235169"}],"wp:attachment":[{"href":"https:\/\/baldumarket.lt\/lt\/wp-json\/wp\/v2\/media?parent=235168"}],"wp:term":[{"taxonomy":"product_brand","embeddable":true,"href":"https:\/\/baldumarket.lt\/lt\/wp-json\/wp\/v2\/product_brand?post=235168"},{"taxonomy":"product_cat","embeddable":true,"href":"https:\/\/baldumarket.lt\/lt\/wp-json\/wp\/v2\/product_cat?post=235168"},{"taxonomy":"product_tag","embeddable":true,"href":"https:\/\/baldumarket.lt\/lt\/wp-json\/wp\/v2\/product_tag?post=235168"}],"curies":[{"name":"wp","href":"https:\/\/api.w.org\/{rel}","templated":true}]}}