{"id":235162,"date":"2025-12-29T22:28:44","date_gmt":"2025-12-29T19:28:44","guid":{"rendered":"https:\/\/baldumarket.lt\/product\/ole-komoda-z-przewijakiem-biala-matowa\/"},"modified":"2026-04-07T18:30:47","modified_gmt":"2026-04-07T15:30:47","slug":"ole-komoda-z-przewijakiem-biala-matowa","status":"publish","type":"product","link":"https:\/\/baldumarket.lt\/lt\/product\/ole-komoda-z-przewijakiem-biala-matowa\/","title":{"rendered":"OLE komoda su vystymo stalu, balta matin\u0117"},"content":{"rendered":"<p>OLE komoda su vystymo stalu, matin\u0117s baltos spalvos (OLE 1839-630-01)<br \/>\nD\u0117l paprasto dizaino komod\u0105 \u201cOle\u201d galima derinti \u012fvairiais b\u016bdais.<br \/>\nJis \u017eino, kaip \u012fkv\u0117pti subtiliomis spalvomis, ir pasi\u017eymi subtiliomis ranken\u0117l\u0117mis.<br \/>\n\u0160is baldas su dviem stal\u010diais suteikia daug vietos daiktams susid\u0117ti.<br \/>\n\u010cia galite laikyti knygas, indus ir kitus daiktus.<br \/>\nGra\u017e\u016bs dekoratyviniai elementai, tokie kaip nuotrauk\u0173 r\u0117meliai, puikiai atrodo ant \u0161io baldo.<br \/>\nSpintel\u0117 yra sertifikuota FSC\u00ae ir turi lengvai pri\u017ei\u016brimus pavir\u0161ius.<br \/>\n\u0160i komoda su prakti\u0161ku vystymo stalu puikiai tiks k\u016bdikio kambariui.<br \/>\nProdukto savyb\u0117s<br \/>\n\u2013 Subtilus dizainas<br \/>\n\u2013 Matin\u0117 balta folija<br \/>\n\u2013 Universalus stilius<br \/>\n\u2013 Prakti\u0161kas vystymo stalas<br \/>\n\u2013 Du erdv\u016bs stal\u010diai<br \/>\nMatmenys:<br \/>\nA \/ P \/ G: 104 \/ 90 \/ 78 cm<\/p>","protected":false},"excerpt":{"rendered":"<p>\u016agis cm: 104<br \/>\nPlotis cm: 90<br \/>\nGylis cm: 78<br \/>\nStal\u010di\u0173 skai\u010dius: 2<\/p>","protected":false},"featured_media":235163,"comment_status":"open","ping_status":"open","template":"","meta":[],"product_brand":[],"product_cat":[9342,9120,2970],"product_tag":[],"class_list":{"0":"post-235162","1":"product","2":"type-product","3":"status-publish","4":"has-post-thumbnail","6":"product_cat-furniture-collection-ole","7":"product_cat-cabinets","8":"product_cat-mebelbos","10":"first","11":"instock","12":"purchasable","13":"product-type-simple"},"_links":{"self":[{"href":"https:\/\/baldumarket.lt\/lt\/wp-json\/wp\/v2\/product\/235162","targetHints":{"allow":["GET"]}}],"collection":[{"href":"https:\/\/baldumarket.lt\/lt\/wp-json\/wp\/v2\/product"}],"about":[{"href":"https:\/\/baldumarket.lt\/lt\/wp-json\/wp\/v2\/types\/product"}],"replies":[{"embeddable":true,"href":"https:\/\/baldumarket.lt\/lt\/wp-json\/wp\/v2\/comments?post=235162"}],"wp:featuredmedia":[{"embeddable":true,"href":"https:\/\/baldumarket.lt\/lt\/wp-json\/wp\/v2\/media\/235163"}],"wp:attachment":[{"href":"https:\/\/baldumarket.lt\/lt\/wp-json\/wp\/v2\/media?parent=235162"}],"wp:term":[{"taxonomy":"product_brand","embeddable":true,"href":"https:\/\/baldumarket.lt\/lt\/wp-json\/wp\/v2\/product_brand?post=235162"},{"taxonomy":"product_cat","embeddable":true,"href":"https:\/\/baldumarket.lt\/lt\/wp-json\/wp\/v2\/product_cat?post=235162"},{"taxonomy":"product_tag","embeddable":true,"href":"https:\/\/baldumarket.lt\/lt\/wp-json\/wp\/v2\/product_tag?post=235162"}],"curies":[{"name":"wp","href":"https:\/\/api.w.org\/{rel}","templated":true}]}}