{"id":235157,"date":"2025-12-29T22:28:37","date_gmt":"2025-12-29T19:28:37","guid":{"rendered":"https:\/\/baldumarket.lt\/product\/ole-szafka-nocna-1s-bialy\/"},"modified":"2026-04-07T18:30:47","modified_gmt":"2026-04-07T15:30:47","slug":"ole-szafka-nocna-1s-bialy","status":"publish","type":"product","link":"https:\/\/baldumarket.lt\/lt\/product\/ole-szafka-nocna-1s-bialy\/","title":{"rendered":"OLE naktinis staliukas, 1 vnt., baltas"},"content":{"rendered":"<p>OLE naktinis staliukas, 1 vnt., baltas [1839\u2013594]<br \/>\nD\u0117l paprasto dizaino naktin\u012f staliuk\u0105 \u201cOle\u201d galima derinti \u012fvairiais b\u016bdais.<br \/>\nJis \u017eino, kaip \u012fkv\u0117pti subtiliomis spalvomis, ir pasi\u017eymi subtiliomis ranken\u0117l\u0117mis.<br \/>\n\u0160is baldas su stal\u010diumi suteikia vietos daiktams susid\u0117ti.<br \/>\n\u010cia galite laikyti knygas ir kitus smulkius daiktus.<br \/>\nGra\u017e\u016bs dekoratyviniai elementai, tokie kaip nuotrauk\u0173 r\u0117meliai, puikiai atrodo \u0161iame k\u016brinyje.<br \/>\nNaktinis staliukas yra sertifikuotas FSC\u00ae ir turi lengvai pri\u017ei\u016brimus pavir\u0161ius.<br \/>\nProdukto savyb\u0117s<br \/>\n\u2013 Subtilus dizainas<br \/>\n\u2013 Matin\u0117 balta folija<br \/>\n\u2013 Universalus stilius<br \/>\n\u2013 Stal\u010dius su \u012fduba<\/p>","protected":false},"excerpt":{"rendered":"<p>\u016agis cm: 52<br \/>\nPlotis cm: 47<br \/>\nGylis cm: 35<br \/>\nStal\u010di\u0173 skai\u010dius: 1<\/p>","protected":false},"featured_media":235158,"comment_status":"open","ping_status":"open","template":"","meta":[],"product_brand":[],"product_cat":[9342,1176,2970],"product_tag":[],"class_list":{"0":"post-235157","1":"product","2":"type-product","3":"status-publish","4":"has-post-thumbnail","6":"product_cat-furniture-collection-ole","7":"product_cat-bedside-tables","8":"product_cat-mebelbos","10":"first","11":"instock","12":"purchasable","13":"product-type-simple"},"_links":{"self":[{"href":"https:\/\/baldumarket.lt\/lt\/wp-json\/wp\/v2\/product\/235157","targetHints":{"allow":["GET"]}}],"collection":[{"href":"https:\/\/baldumarket.lt\/lt\/wp-json\/wp\/v2\/product"}],"about":[{"href":"https:\/\/baldumarket.lt\/lt\/wp-json\/wp\/v2\/types\/product"}],"replies":[{"embeddable":true,"href":"https:\/\/baldumarket.lt\/lt\/wp-json\/wp\/v2\/comments?post=235157"}],"wp:featuredmedia":[{"embeddable":true,"href":"https:\/\/baldumarket.lt\/lt\/wp-json\/wp\/v2\/media\/235158"}],"wp:attachment":[{"href":"https:\/\/baldumarket.lt\/lt\/wp-json\/wp\/v2\/media?parent=235157"}],"wp:term":[{"taxonomy":"product_brand","embeddable":true,"href":"https:\/\/baldumarket.lt\/lt\/wp-json\/wp\/v2\/product_brand?post=235157"},{"taxonomy":"product_cat","embeddable":true,"href":"https:\/\/baldumarket.lt\/lt\/wp-json\/wp\/v2\/product_cat?post=235157"},{"taxonomy":"product_tag","embeddable":true,"href":"https:\/\/baldumarket.lt\/lt\/wp-json\/wp\/v2\/product_tag?post=235157"}],"curies":[{"name":"wp","href":"https:\/\/api.w.org\/{rel}","templated":true}]}}