{"id":235153,"date":"2025-12-29T22:28:30","date_gmt":"2025-12-29T19:28:30","guid":{"rendered":"https:\/\/baldumarket.lt\/product\/santes-biurko-1d1s-120-dab-craft-zloty-antracyt\/"},"modified":"2026-04-07T18:37:34","modified_gmt":"2026-04-07T15:37:34","slug":"santes-biurko-1d1s-120-dab-craft-zloty-antracyt","status":"publish","type":"product","link":"https:\/\/baldumarket.lt\/lt\/product\/santes-biurko-1d1s-120-dab-craft-zloty-antracyt\/","title":{"rendered":"SANTES ra\u0161omasis stalas 1d1s\/120 craft \u0105\u017euolo aukso \/ antracito spalvos"},"content":{"rendered":"<p>SANTES ra\u0161omasis stalas 120 cm, 1 vnt., auksinio \u0105\u017euolo \/ antracito spalvos<br \/>\nModernus kolekcijos stilius si\u016blo plat\u0173 interjero dizaino variant\u0173 pasirinkim\u0105.<br \/>\n\u00a0 \u201eSantes\u201c i\u0161 kit\u0173 kolekcij\u0173 i\u0161skiria tonuotas stiklas stiklinime.<br \/>\n\u00a0 Paprastos geometrin\u0117s fig\u016bros, paremtos i\u0161skirtin\u0117mis juodomis kojel\u0117mis.<br \/>\nSpalva: Auksinis \u0105\u017euolas \/ Antracitas<br \/>\nRankenos: plastikin\u0117s<br \/>\nPriekin\u0117s dalys: laminuota bald\u0173 plok\u0161t\u0117<br \/>\nKojel\u0117s: metalas<br \/>\nStalvir\u0161iai: laminuota bald\u0173 plok\u0161t\u0117<br \/>\nStal\u010diai: rutuliniai guoliai<br \/>\nKorpusas: laminuota bald\u0173 plok\u0161t\u0117<br \/>\n\u201eSantes\u201c baldai si\u016blomi madingo \u201eGold Craft Oak\u201c \/ antracito spalv\u0173 derinio. Priekin\u0117s dalys pagamintos i\u0161 laminuotos bald\u0173 plok\u0161t\u0117s su med\u017eio imitacija. Dur\u0173 stiklas pagamintas i\u0161 gr\u016bdinto stiklo su da\u017eytu r\u0117mu. Stiklin\u0117s lentynos pagamintos i\u0161 gr\u016bdinto stiklo su pasirinktinai pasirenkamu LED ap\u0161vietimu. Bald\u0173 korpusai pagaminti i\u0161 laminuotos bald\u0173 plok\u0161t\u0117s su med\u017eio imitacija. Bald\u0173 r\u0117mai yra juodi metaliniai ir kojel\u0117s juodos metalin\u0117s. Rankenos pagamintos i\u0161 juodo plastiko. Stalvir\u0161iai pagaminti i\u0161 laminuotos bald\u0173 plok\u0161t\u0117s.<br \/>\n\u201eSantes\u201c kolekcij\u0105 sudaro \u012fvair\u016bs modern\u016bs ir gerai suprojektuoti elementai, kurie lengvai apstatys j\u016bs\u0173 svetain\u0119, kambar\u012f su televizoriumi ar valgom\u0105j\u012f.<\/p>","protected":false},"excerpt":{"rendered":"<p>Kolekcija: Santes<br \/>\nPlotis cm: 120<br \/>\n\u016agis cm: 74<br \/>\nGylis cm: 60<\/p>","protected":false},"featured_media":235154,"comment_status":"open","ping_status":"open","template":"","meta":[],"product_brand":[],"product_cat":[9343,1312,2970],"product_tag":[],"class_list":{"0":"post-235153","1":"product","2":"type-product","3":"status-publish","4":"has-post-thumbnail","6":"product_cat-furniture-collection-santes","7":"product_cat-desks","8":"product_cat-mebelbos","10":"first","11":"instock","12":"purchasable","13":"product-type-simple"},"_links":{"self":[{"href":"https:\/\/baldumarket.lt\/lt\/wp-json\/wp\/v2\/product\/235153","targetHints":{"allow":["GET"]}}],"collection":[{"href":"https:\/\/baldumarket.lt\/lt\/wp-json\/wp\/v2\/product"}],"about":[{"href":"https:\/\/baldumarket.lt\/lt\/wp-json\/wp\/v2\/types\/product"}],"replies":[{"embeddable":true,"href":"https:\/\/baldumarket.lt\/lt\/wp-json\/wp\/v2\/comments?post=235153"}],"wp:featuredmedia":[{"embeddable":true,"href":"https:\/\/baldumarket.lt\/lt\/wp-json\/wp\/v2\/media\/235154"}],"wp:attachment":[{"href":"https:\/\/baldumarket.lt\/lt\/wp-json\/wp\/v2\/media?parent=235153"}],"wp:term":[{"taxonomy":"product_brand","embeddable":true,"href":"https:\/\/baldumarket.lt\/lt\/wp-json\/wp\/v2\/product_brand?post=235153"},{"taxonomy":"product_cat","embeddable":true,"href":"https:\/\/baldumarket.lt\/lt\/wp-json\/wp\/v2\/product_cat?post=235153"},{"taxonomy":"product_tag","embeddable":true,"href":"https:\/\/baldumarket.lt\/lt\/wp-json\/wp\/v2\/product_tag?post=235153"}],"curies":[{"name":"wp","href":"https:\/\/api.w.org\/{rel}","templated":true}]}}