{"id":235133,"date":"2025-12-29T22:27:55","date_gmt":"2025-12-29T19:27:55","guid":{"rendered":"https:\/\/baldumarket.lt\/product\/santes-szafa-2d-dab-craft-zloty-antracyt\/"},"modified":"2026-04-07T18:37:34","modified_gmt":"2026-04-07T15:37:34","slug":"santes-szafa-2d-dab-craft-zloty-antracyt","status":"publish","type":"product","link":"https:\/\/baldumarket.lt\/lt\/product\/santes-szafa-2d-dab-craft-zloty-antracyt\/","title":{"rendered":"SANTES spinta, 2d, \u0105\u017euolo, aukso \/ antracito spalvos"},"content":{"rendered":"<p>SANTES 2D spinta aukso spalvos \u0105\u017euolo\/antracito spalvos<br \/>\nModernus kolekcijos stilius si\u016blo plat\u0173 interjero dizaino variant\u0173 pasirinkim\u0105.<br \/>\n\u00a0 \u201eSantes\u201c i\u0161 kit\u0173 kolekcij\u0173 i\u0161skiria tonuotas stiklas stiklinime.<br \/>\n\u00a0 Paprastos geometrin\u0117s fig\u016bros, paremtos i\u0161skirtin\u0117mis juodomis kojel\u0117mis.<br \/>\nSpalva: Auksinis \u0105\u017euolas \/ Antracitas<br \/>\nRankenos: plastikin\u0117s<br \/>\nPriekin\u0117s dalys: laminuota bald\u0173 plok\u0161t\u0117<br \/>\nKojel\u0117s: metalas<br \/>\nStalvir\u0161iai: laminuota bald\u0173 plok\u0161t\u0117<br \/>\nStal\u010diai: rutuliniai guoliai<br \/>\nR\u0117mai: laminuota bald\u0173 plok\u0161t\u0117<br \/>\n\u201eSantes\u201c baldai si\u016blomi madingo \u201eGold Craft Oak\u201c \/ antracito spalv\u0173 derinio. Priekin\u0117s dalys pagamintos i\u0161 laminuotos bald\u0173 plok\u0161t\u0117s su med\u017eio imitacija. Dur\u0173 stiklas pagamintas i\u0161 gr\u016bdinto stiklo su da\u017eytu r\u0117mu. Stiklin\u0117s lentynos pagamintos i\u0161 gr\u016bdinto stiklo su pasirinktinai pasirenkamu LED ap\u0161vietimu. Bald\u0173 korpusai pagaminti i\u0161 laminuotos bald\u0173 plok\u0161t\u0117s su med\u017eio imitacija. Baldai turi juodo metalo r\u0117mus ir juodo metalo kojeles. Rankenos pagamintos i\u0161 juodo plastiko. Stalvir\u0161iai pagaminti i\u0161 laminuotos bald\u0173 plok\u0161t\u0117s.<br \/>\n\u201eSantes\u201c kolekcij\u0105 sudaro daugyb\u0117 moderni\u0173 ir gerai suprojektuot\u0173 element\u0173, kurie lengvai apstatys j\u016bs\u0173 svetain\u0119, televizoriaus kambar\u012f ar valgom\u0105j\u012f.<\/p>","protected":false},"excerpt":{"rendered":"<p>SANTES 2D spinta auksinio \u0105\u017euolo\/antracito spalvos. Modernus kolekcijos stilius si\u016blo plat\u0173 interjero dizaino variant\u0173 pasirinkim\u0105. Tonuotas stiklas stikluose i\u0161skiria \u201eSantes\u201c i\u0161 kit\u0173 kolekcij\u0173. Paprastos geometrin\u0117s formos, paremtos i\u0161skirtin\u0117mis juodomis kojel\u0117mis. Spalva: auksinio \u0105\u017euolo\/antracito spalvos. Rankenos: plastikin\u0117s. Priekis: laminuota bald\u0173 plok\u0161t\u0117. Kojel\u0117s: metalin\u0117s. Stalvir\u0161iai: laminuoti [\u2026]<\/p>","protected":false},"featured_media":235134,"comment_status":"open","ping_status":"open","template":"","meta":[],"product_brand":[],"product_cat":[9343,2970,1177],"product_tag":[],"class_list":{"0":"post-235133","1":"product","2":"type-product","3":"status-publish","4":"has-post-thumbnail","6":"product_cat-furniture-collection-santes","7":"product_cat-mebelbos","8":"product_cat-wardrobes","10":"first","11":"instock","12":"purchasable","13":"product-type-simple"},"_links":{"self":[{"href":"https:\/\/baldumarket.lt\/lt\/wp-json\/wp\/v2\/product\/235133","targetHints":{"allow":["GET"]}}],"collection":[{"href":"https:\/\/baldumarket.lt\/lt\/wp-json\/wp\/v2\/product"}],"about":[{"href":"https:\/\/baldumarket.lt\/lt\/wp-json\/wp\/v2\/types\/product"}],"replies":[{"embeddable":true,"href":"https:\/\/baldumarket.lt\/lt\/wp-json\/wp\/v2\/comments?post=235133"}],"wp:featuredmedia":[{"embeddable":true,"href":"https:\/\/baldumarket.lt\/lt\/wp-json\/wp\/v2\/media\/235134"}],"wp:attachment":[{"href":"https:\/\/baldumarket.lt\/lt\/wp-json\/wp\/v2\/media?parent=235133"}],"wp:term":[{"taxonomy":"product_brand","embeddable":true,"href":"https:\/\/baldumarket.lt\/lt\/wp-json\/wp\/v2\/product_brand?post=235133"},{"taxonomy":"product_cat","embeddable":true,"href":"https:\/\/baldumarket.lt\/lt\/wp-json\/wp\/v2\/product_cat?post=235133"},{"taxonomy":"product_tag","embeddable":true,"href":"https:\/\/baldumarket.lt\/lt\/wp-json\/wp\/v2\/product_tag?post=235133"}],"curies":[{"name":"wp","href":"https:\/\/api.w.org\/{rel}","templated":true}]}}