{"id":235119,"date":"2025-12-29T22:27:33","date_gmt":"2025-12-29T19:27:33","guid":{"rendered":"https:\/\/baldumarket.lt\/product\/santes-witryna-niska-1d1w-dab-craft-zloty-antracyt\/"},"modified":"2026-04-07T18:37:24","modified_gmt":"2026-04-07T15:37:24","slug":"santes-witryna-niska-1d1w-dab-craft-zloty-antracyt","status":"publish","type":"product","link":"https:\/\/baldumarket.lt\/lt\/product\/santes-witryna-niska-1d1w-dab-craft-zloty-antracyt\/","title":{"rendered":"SANTES \u017eema vitrina, 1 vnt., 1 vnt., rankdarbi\u0173 \u0105\u017euolo spalvos, auksin\u0117s\/antracito spalvos"},"content":{"rendered":"<p>SANTES \u017eema vitrina, 1d1w, \u0105\u017euolo spalvos, auksin\u0117\/antracito spalvos. Vitrinos ap\u0161vietimas pasirenkamas. Modernus kolekcijos stilius atveria daug interjero dizaino galimybi\u0173. Tonuotas stiklas stikluose i\u0161skiria \u201eSantes\u201c i\u0161 kit\u0173 kolekcij\u0173. Paprastos geometrin\u0117s formos, paremtos i\u0161skirtin\u0117mis juodomis kojel\u0117mis. Spalva: \u0105\u017euolo spalvos, auksin\u0117\/antracito spalvos. Rankenos: plastikin\u0117s. Priekin\u0117s dalys: laminuota bald\u0173 plok\u0161t\u0117. Kojel\u0117s: metalin\u0117s. Vir\u0161utiniai elementai: laminuota bald\u0173 plok\u0161t\u0117. Stal\u010diai: rutuliniai guoliai. Korpusai: laminuota bald\u0173 plok\u0161t\u0117. \u201eSantes\u201c baldai si\u016blomi madingo \u0105\u017euolo spalvos \u2013 auksin\u0117s\/antracito spalvos \u2013 derinio. Priekin\u0117s dalys pagamintos i\u0161 laminuotos bald\u0173 plok\u0161t\u0117s su med\u017eio imitacijos dekoru. Dur\u0173 stiklas pagamintas i\u0161 gr\u016bdinto stiklo su da\u017eytu r\u0117mu. Stiklin\u0117s lentynos pagamintos i\u0161 gr\u016bdinto stiklo su galimybe...<\/p>","protected":false},"excerpt":{"rendered":"<p>Kolekcija: Santes<br \/>\nPlotis cm: 90<br \/>\n\u016agis cm: 134,5<br \/>\nGylis cm: 42<\/p>","protected":false},"featured_media":235120,"comment_status":"open","ping_status":"open","template":"","meta":[],"product_brand":[],"product_cat":[9343,2970,2006],"product_tag":[],"class_list":{"0":"post-235119","1":"product","2":"type-product","3":"status-publish","4":"has-post-thumbnail","6":"product_cat-furniture-collection-santes","7":"product_cat-mebelbos","8":"product_cat-vitrines","10":"first","11":"instock","12":"purchasable","13":"product-type-simple"},"_links":{"self":[{"href":"https:\/\/baldumarket.lt\/lt\/wp-json\/wp\/v2\/product\/235119","targetHints":{"allow":["GET"]}}],"collection":[{"href":"https:\/\/baldumarket.lt\/lt\/wp-json\/wp\/v2\/product"}],"about":[{"href":"https:\/\/baldumarket.lt\/lt\/wp-json\/wp\/v2\/types\/product"}],"replies":[{"embeddable":true,"href":"https:\/\/baldumarket.lt\/lt\/wp-json\/wp\/v2\/comments?post=235119"}],"wp:featuredmedia":[{"embeddable":true,"href":"https:\/\/baldumarket.lt\/lt\/wp-json\/wp\/v2\/media\/235120"}],"wp:attachment":[{"href":"https:\/\/baldumarket.lt\/lt\/wp-json\/wp\/v2\/media?parent=235119"}],"wp:term":[{"taxonomy":"product_brand","embeddable":true,"href":"https:\/\/baldumarket.lt\/lt\/wp-json\/wp\/v2\/product_brand?post=235119"},{"taxonomy":"product_cat","embeddable":true,"href":"https:\/\/baldumarket.lt\/lt\/wp-json\/wp\/v2\/product_cat?post=235119"},{"taxonomy":"product_tag","embeddable":true,"href":"https:\/\/baldumarket.lt\/lt\/wp-json\/wp\/v2\/product_tag?post=235119"}],"curies":[{"name":"wp","href":"https:\/\/api.w.org\/{rel}","templated":true}]}}