{"id":235106,"date":"2025-12-29T22:27:16","date_gmt":"2025-12-29T19:27:16","guid":{"rendered":"https:\/\/baldumarket.lt\/product\/sapori-komoda-2d3s-dab-navarra\/"},"modified":"2026-04-07T18:37:24","modified_gmt":"2026-04-07T15:37:24","slug":"sapori-komoda-2d3s-dab-navarra","status":"publish","type":"product","link":"https:\/\/baldumarket.lt\/lt\/product\/sapori-komoda-2d3s-dab-navarra\/","title":{"rendered":"SAPORI komoda, 2 stal\u010diai, 3 stal\u010diai, Navaros \u0105\u017euolas"},"content":{"rendered":"<p>SAPORI 2-D3 komoda, Navaros \u0105\u017euolas<br \/>\n\u201cMano bute yra per daug vietos daiktams susid\u0117ti\u201d, \u2013 niekas niekada nesak\u0117. I\u0161 tikr\u0173j\u0173, atrodo, kad vietos daiktams susid\u0117ti visada tr\u016bksta. SAPORI komoda si\u016blo vietos j\u016bs\u0173 m\u0117gstamiausiems drabu\u017eiams, dekoracijoms, tekstilei ir visokiems kitiems kasdieniams daiktams. Joje yra trys stal\u010diai ir lentynos su fasadais, puikiai tinkantys visiems b\u016btiniausiems daiktams susid\u0117ti. Komoda puikiai tiks bet kuriame kambaryje ir bet kokiame interjere.<\/p>","protected":false},"excerpt":{"rendered":"<p>\u016agis cm: 87,3<br \/>\nPlotis cm: 135,8<br \/>\nGylis cm: 36,3<br \/>\nDur\u0173 skai\u010dius: 2<br \/>\nStal\u010di\u0173 skai\u010dius: 3<\/p>","protected":false},"featured_media":235107,"comment_status":"open","ping_status":"open","template":"","meta":[],"product_brand":[],"product_cat":[9344,1173,2970],"product_tag":[],"class_list":{"0":"post-235106","1":"product","2":"type-product","3":"status-publish","4":"has-post-thumbnail","6":"product_cat-furniture-collection-sapori","7":"product_cat-chests-of-drawers","8":"product_cat-mebelbos","10":"first","11":"instock","12":"purchasable","13":"product-type-simple"},"_links":{"self":[{"href":"https:\/\/baldumarket.lt\/lt\/wp-json\/wp\/v2\/product\/235106","targetHints":{"allow":["GET"]}}],"collection":[{"href":"https:\/\/baldumarket.lt\/lt\/wp-json\/wp\/v2\/product"}],"about":[{"href":"https:\/\/baldumarket.lt\/lt\/wp-json\/wp\/v2\/types\/product"}],"replies":[{"embeddable":true,"href":"https:\/\/baldumarket.lt\/lt\/wp-json\/wp\/v2\/comments?post=235106"}],"wp:featuredmedia":[{"embeddable":true,"href":"https:\/\/baldumarket.lt\/lt\/wp-json\/wp\/v2\/media\/235107"}],"wp:attachment":[{"href":"https:\/\/baldumarket.lt\/lt\/wp-json\/wp\/v2\/media?parent=235106"}],"wp:term":[{"taxonomy":"product_brand","embeddable":true,"href":"https:\/\/baldumarket.lt\/lt\/wp-json\/wp\/v2\/product_brand?post=235106"},{"taxonomy":"product_cat","embeddable":true,"href":"https:\/\/baldumarket.lt\/lt\/wp-json\/wp\/v2\/product_cat?post=235106"},{"taxonomy":"product_tag","embeddable":true,"href":"https:\/\/baldumarket.lt\/lt\/wp-json\/wp\/v2\/product_tag?post=235106"}],"curies":[{"name":"wp","href":"https:\/\/api.w.org\/{rel}","templated":true}]}}