{"id":235096,"date":"2025-12-29T22:27:02","date_gmt":"2025-12-29T19:27:02","guid":{"rendered":"https:\/\/baldumarket.lt\/product\/sapori-polka-120-dab-navarra\/"},"modified":"2026-04-07T18:37:24","modified_gmt":"2026-04-07T15:37:24","slug":"sapori-polka-120-dab-navarra","status":"publish","type":"product","link":"https:\/\/baldumarket.lt\/lt\/product\/sapori-polka-120-dab-navarra\/","title":{"rendered":"SAPORI lentyna 120 Navaros \u0105\u017euolo spalvos"},"content":{"rendered":"<p>SAPORI lentyna 120 cm Navarra \u0105\u017euolas<br \/>\nAtnaujinkite savo sienas su pakabinama lentyna SAPORI ir sukurkite \u012fkvepiant\u012f nam\u0173 dekor\u0105. Minimalistinis \u0161ios lentynos dizainas papildys bet kok\u012f kambario stili\u0173 \u2013 nuo modernaus iki klasikinio. Ant nenaudojamos sienos erdv\u0117s i\u0161d\u0117liokite dekoracijas, ma\u017eus augalus, vinilo plok\u0161teles, nuotrauk\u0173 r\u0117melius ar kitus nam\u0173 aksesuarus, kad sukurtum\u0117te ak\u012f traukian\u010di\u0105 kompozicij\u0105. Lentyna taip pat gali b\u016bti naudojama kaip knyg\u0173 lentyna, vonios kambario organizatorius arba \u017eaisl\u0173 laikymo sprendimas vaik\u0173 kambariuose.<br \/>\n.<\/p>","protected":false},"excerpt":{"rendered":"<p>\u016agis cm: 26,7<br \/>\nPlotis cm: 120<br \/>\nGylis cm: 21,6<\/p>","protected":false},"featured_media":235097,"comment_status":"open","ping_status":"open","template":"","meta":[],"product_brand":[],"product_cat":[9344,1174,2970],"product_tag":[],"class_list":{"0":"post-235096","1":"product","2":"type-product","3":"status-publish","4":"has-post-thumbnail","6":"product_cat-furniture-collection-sapori","7":"product_cat-hanging-shelves","8":"product_cat-mebelbos","10":"first","11":"instock","12":"purchasable","13":"product-type-simple"},"_links":{"self":[{"href":"https:\/\/baldumarket.lt\/lt\/wp-json\/wp\/v2\/product\/235096","targetHints":{"allow":["GET"]}}],"collection":[{"href":"https:\/\/baldumarket.lt\/lt\/wp-json\/wp\/v2\/product"}],"about":[{"href":"https:\/\/baldumarket.lt\/lt\/wp-json\/wp\/v2\/types\/product"}],"replies":[{"embeddable":true,"href":"https:\/\/baldumarket.lt\/lt\/wp-json\/wp\/v2\/comments?post=235096"}],"wp:featuredmedia":[{"embeddable":true,"href":"https:\/\/baldumarket.lt\/lt\/wp-json\/wp\/v2\/media\/235097"}],"wp:attachment":[{"href":"https:\/\/baldumarket.lt\/lt\/wp-json\/wp\/v2\/media?parent=235096"}],"wp:term":[{"taxonomy":"product_brand","embeddable":true,"href":"https:\/\/baldumarket.lt\/lt\/wp-json\/wp\/v2\/product_brand?post=235096"},{"taxonomy":"product_cat","embeddable":true,"href":"https:\/\/baldumarket.lt\/lt\/wp-json\/wp\/v2\/product_cat?post=235096"},{"taxonomy":"product_tag","embeddable":true,"href":"https:\/\/baldumarket.lt\/lt\/wp-json\/wp\/v2\/product_tag?post=235096"}],"curies":[{"name":"wp","href":"https:\/\/api.w.org\/{rel}","templated":true}]}}