{"id":235090,"date":"2025-12-29T22:26:54","date_gmt":"2025-12-29T19:26:54","guid":{"rendered":"https:\/\/baldumarket.lt\/product\/sapori-regal-1d-dab-navarra\/"},"modified":"2026-04-07T18:37:24","modified_gmt":"2026-04-07T15:37:24","slug":"sapori-regal-1d-dab-navarra","status":"publish","type":"product","link":"https:\/\/baldumarket.lt\/lt\/product\/sapori-regal-1d-dab-navarra\/","title":{"rendered":"SAPORI 1d lentyna, Navarra \u0105\u017euolas"},"content":{"rendered":"<p>SAPORI 1-D lentyna Navarra \u0105\u017euolo spalvos<br \/>\n\u0160i paprasta, moderni lentyn\u0173 sistema suteiks j\u016bs\u0173 svetainei, prie\u0161kambariui ar nam\u0173 biurui rafinuotumo. Penkios priekyje montuojamos lentynos suteikia daug vietos knygoms, dokumentams ir kitiems daiktams, kuri\u0173 nenorite rodyti. D\u0117l \u0161viesaus Navarra \u0105\u017euolo atspalvio \u0161i SAPORI kolekcijos lentyn\u0173 sistema puikiai papildys bet kur\u012f kambar\u012f \u2013 nuo prie\u0161kambario iki svetain\u0117s ar jaunimo kambario.<br \/>\nSpalva: Navaros \u0105\u017euolas<br \/>\nPriekin\u0117s dalys: laminuota bald\u0173 plok\u0161t\u0117, mink\u0161ta<br \/>\nKorpusas: laminuota bald\u0173 plok\u0161t\u0117, ABS kra\u0161tai<br \/>\nVir\u0161us: laminuota bald\u0173 plok\u0161t\u0117, ABS kra\u0161tas<br \/>\nStal\u010diai: rutuliniai guoliai, pilno i\u0161traukimo b\u0117geliai<br \/>\nKojel\u0117s: plastikin\u0117s slydimo kojel\u0117s<br \/>\nRankenos: metalin\u0117s<\/p>","protected":false},"excerpt":{"rendered":"<p>\u016agis cm: 217,1<br \/>\nPlotis cm: 60<br \/>\nGylis cm: 36,3<br \/>\nDur\u0173 skai\u010dius: 1<\/p>","protected":false},"featured_media":235091,"comment_status":"open","ping_status":"open","template":"","meta":[],"product_brand":[],"product_cat":[9344,9120,2970],"product_tag":[],"class_list":{"0":"post-235090","1":"product","2":"type-product","3":"status-publish","4":"has-post-thumbnail","6":"product_cat-furniture-collection-sapori","7":"product_cat-cabinets","8":"product_cat-mebelbos","10":"first","11":"instock","12":"purchasable","13":"product-type-simple"},"_links":{"self":[{"href":"https:\/\/baldumarket.lt\/lt\/wp-json\/wp\/v2\/product\/235090","targetHints":{"allow":["GET"]}}],"collection":[{"href":"https:\/\/baldumarket.lt\/lt\/wp-json\/wp\/v2\/product"}],"about":[{"href":"https:\/\/baldumarket.lt\/lt\/wp-json\/wp\/v2\/types\/product"}],"replies":[{"embeddable":true,"href":"https:\/\/baldumarket.lt\/lt\/wp-json\/wp\/v2\/comments?post=235090"}],"wp:featuredmedia":[{"embeddable":true,"href":"https:\/\/baldumarket.lt\/lt\/wp-json\/wp\/v2\/media\/235091"}],"wp:attachment":[{"href":"https:\/\/baldumarket.lt\/lt\/wp-json\/wp\/v2\/media?parent=235090"}],"wp:term":[{"taxonomy":"product_brand","embeddable":true,"href":"https:\/\/baldumarket.lt\/lt\/wp-json\/wp\/v2\/product_brand?post=235090"},{"taxonomy":"product_cat","embeddable":true,"href":"https:\/\/baldumarket.lt\/lt\/wp-json\/wp\/v2\/product_cat?post=235090"},{"taxonomy":"product_tag","embeddable":true,"href":"https:\/\/baldumarket.lt\/lt\/wp-json\/wp\/v2\/product_tag?post=235090"}],"curies":[{"name":"wp","href":"https:\/\/api.w.org\/{rel}","templated":true}]}}