{"id":235085,"date":"2025-12-29T22:26:47","date_gmt":"2025-12-29T19:26:47","guid":{"rendered":"https:\/\/baldumarket.lt\/product\/sapori-regal-wiszacy-1w-dab-navarra\/"},"modified":"2026-04-07T18:37:24","modified_gmt":"2026-04-07T15:37:24","slug":"sapori-regal-wiszacy-1w-dab-navarra","status":"publish","type":"product","link":"https:\/\/baldumarket.lt\/lt\/product\/sapori-regal-wiszacy-1w-dab-navarra\/","title":{"rendered":"SAPORI pakabinama lentyna, 1 vnt., Navaros \u0105\u017euolo spalvos"},"content":{"rendered":"<p>SAPORI vienpus\u0117 prie sienos pakabinama lentyna Navarra \u0105\u017euolo spalvos<br \/>\n\u0160i vienpus\u0117 pakabinama lentyna i\u0161 SAPORI kolekcijos, \u201eNavarra Oak\u201c spalvos, puikiai tinka bet kokiam interjerui \u2013 nuo virtuv\u0117s iki svetain\u0117s ir jaunimo kambario. Papildoma pertvara lentynos centre padalija erdv\u0119, kad b\u016bt\u0173 lengviau organizuoti daiktus, ir sustiprina konstrukcij\u0105. Stiklinis priekis atsidaro \u012f vir\u0161\u0173 ir yra paremtas dviem dujiniais amortizatoriais i\u0161 abiej\u0173 pusi\u0173. D\u0117l ak\u012f traukian\u010dio dizaino \u0161is baldas puikiai der\u0117s prie bet kokio interjero ir suteiks papildomos vietos daiktams laikyti.<br \/>\n\u2013 Platus m\u016bs\u0173 pasirinkimas leid\u017eia apstatyti beveik visus namus.<br \/>\n\u2013 Pla\u010dios grotel\u0117s aplink baldus suteikia prabangos ir elegancijos.<br \/>\n\u2013 Nat\u016bralaus \u0105\u017euolo atspalvio \u0161iluma suteiks interjerams jauki\u0105 ir harmoning\u0105 atmosfer\u0105.<br \/>\n\u2013 Tvirti ir stabil\u016bs baldai puikiai tinka dideliems kambariams apstatyti.<br \/>\nSpalva: Navaros \u0105\u017euolas<br \/>\nPriekin\u0117s dalys: laminuota med\u017eio dro\u017eli\u0173 plok\u0161t\u0117, mink\u0161ta<br \/>\nKorpusas: laminuota med\u017eio dro\u017eli\u0173 plok\u0161t\u0117, ABS kra\u0161tai<br \/>\nVir\u0161us: laminuota med\u017eio dro\u017eli\u0173 plok\u0161t\u0117, ABS kra\u0161tai<br \/>\nStal\u010diai: rutuliniai guoliai, pilno i\u0161traukimo<br \/>\nKojel\u0117s: plastikin\u0117s slydimo kojel\u0117s<br \/>\nRankenos: metalin\u0117s<\/p>","protected":false},"excerpt":{"rendered":"<p>Auk\u0161tis cm: 40<br \/>\nPlotis cm: 135,6<br \/>\nGylis cm: 24,3<br \/>\nDur\u0173 skai\u010dius: 1<\/p>","protected":false},"featured_media":235086,"comment_status":"open","ping_status":"open","template":"","meta":[],"product_brand":[],"product_cat":[9344,1174,2970],"product_tag":[],"class_list":{"0":"post-235085","1":"product","2":"type-product","3":"status-publish","4":"has-post-thumbnail","6":"product_cat-furniture-collection-sapori","7":"product_cat-hanging-shelves","8":"product_cat-mebelbos","10":"first","11":"instock","12":"purchasable","13":"product-type-simple"},"_links":{"self":[{"href":"https:\/\/baldumarket.lt\/lt\/wp-json\/wp\/v2\/product\/235085","targetHints":{"allow":["GET"]}}],"collection":[{"href":"https:\/\/baldumarket.lt\/lt\/wp-json\/wp\/v2\/product"}],"about":[{"href":"https:\/\/baldumarket.lt\/lt\/wp-json\/wp\/v2\/types\/product"}],"replies":[{"embeddable":true,"href":"https:\/\/baldumarket.lt\/lt\/wp-json\/wp\/v2\/comments?post=235085"}],"wp:featuredmedia":[{"embeddable":true,"href":"https:\/\/baldumarket.lt\/lt\/wp-json\/wp\/v2\/media\/235086"}],"wp:attachment":[{"href":"https:\/\/baldumarket.lt\/lt\/wp-json\/wp\/v2\/media?parent=235085"}],"wp:term":[{"taxonomy":"product_brand","embeddable":true,"href":"https:\/\/baldumarket.lt\/lt\/wp-json\/wp\/v2\/product_brand?post=235085"},{"taxonomy":"product_cat","embeddable":true,"href":"https:\/\/baldumarket.lt\/lt\/wp-json\/wp\/v2\/product_cat?post=235085"},{"taxonomy":"product_tag","embeddable":true,"href":"https:\/\/baldumarket.lt\/lt\/wp-json\/wp\/v2\/product_tag?post=235085"}],"curies":[{"name":"wp","href":"https:\/\/api.w.org\/{rel}","templated":true}]}}