{"id":235080,"date":"2025-12-29T22:26:39","date_gmt":"2025-12-29T19:26:39","guid":{"rendered":"https:\/\/baldumarket.lt\/product\/sapori-regal-z-lustrem-1d-dab-navarra\/"},"modified":"2026-04-07T18:37:24","modified_gmt":"2026-04-07T15:37:24","slug":"sapori-regal-z-lustrem-1d-dab-navarra","status":"publish","type":"product","link":"https:\/\/baldumarket.lt\/lt\/product\/sapori-regal-z-lustrem-1d-dab-navarra\/","title":{"rendered":"SAPORI lentyna su veidrod\u017eiu, 1d, Navarra \u0105\u017euolas"},"content":{"rendered":"<p>SAPORI 1D veidrodin\u0117 lentyna Navarra \u0105\u017euolo spalvos<br \/>\n\u0160i SAPORI kolekcijos lentyna, d\u0117l savo \u0161viesaus Navaros \u0105\u017euolo atspalvio, puikiai papildys bet kur\u012f prie\u0161kambar\u012f ar persirengimo kambar\u012f. Lentynos apa\u010dioje yra u\u017edara ertm\u0117, o vir\u0161utin\u0117 dalis yra atvira, tod\u0117l lengva pasiekti viduje esan\u010di\u0105 pakab\u0105. SAPORI veidrodin\u0117 lentyna yra puiki alternatyva sieninei palt\u0173 kabyklai, nes visi j\u016bs\u0173 vir\u0161utiniai drabu\u017eiai lengvai tilps ant pridedamos pakabos. U\u017edara ertm\u0117 suteikia ideali\u0105 viet\u0105 batams. Veidrodis lentynos priekyje pad\u0117s i\u0161sirinkti tobul\u0105 aprang\u0105 ir vizualiai padidins bei pa\u0161viesins nedidel\u012f kambar\u012f.<br \/>\n\u2013 Platus m\u016bs\u0173 pasirinkimas leid\u017eia apstatyti beveik visus namus.<br \/>\n\u2013 Pla\u010dios karniz\u0173 juostos aplink baldus suteikia prabangos ir elegancijos.<br \/>\n\u2013 Nat\u016bralaus \u0105\u017euolo atspalvio \u0161iluma suteiks interjerams jauki\u0105 ir harmoning\u0105 atmosfer\u0105.<br \/>\n\u2013 Tvirti ir stabil\u016bs baldai puikiai tinka dideliems kambariams apstatyti.<br \/>\nSpalva: Navaros \u0105\u017euolas<br \/>\nPriekin\u0117s dalys: laminuota med\u017eio dro\u017eli\u0173 plok\u0161t\u0117, mink\u0161ta<br \/>\nKorpusas: laminuota med\u017eio dro\u017eli\u0173 plok\u0161t\u0117, ABS kra\u0161tai<br \/>\nVir\u0161us: laminuota med\u017eio dro\u017eli\u0173 plok\u0161t\u0117, ABS kra\u0161tai<br \/>\nStal\u010diai: rutuliniai guoliai, pilno i\u0161traukimo<br \/>\nKojel\u0117s: plastikin\u0117s slydimo kojel\u0117s<br \/>\nRankenos: metalin\u0117s<\/p>","protected":false},"excerpt":{"rendered":"<p>\u016agis cm: 217,1<br \/>\nPlotis cm: 60<br \/>\nGylis cm: 36,3<br \/>\nDur\u0173 skai\u010dius: 1<br \/>\nStiklo elementai: Taip<\/p>","protected":false},"featured_media":235081,"comment_status":"open","ping_status":"open","template":"","meta":[],"product_brand":[],"product_cat":[9344,2970,2006],"product_tag":[],"class_list":{"0":"post-235080","1":"product","2":"type-product","3":"status-publish","4":"has-post-thumbnail","6":"product_cat-furniture-collection-sapori","7":"product_cat-mebelbos","8":"product_cat-vitrines","10":"first","11":"instock","12":"purchasable","13":"product-type-simple"},"_links":{"self":[{"href":"https:\/\/baldumarket.lt\/lt\/wp-json\/wp\/v2\/product\/235080","targetHints":{"allow":["GET"]}}],"collection":[{"href":"https:\/\/baldumarket.lt\/lt\/wp-json\/wp\/v2\/product"}],"about":[{"href":"https:\/\/baldumarket.lt\/lt\/wp-json\/wp\/v2\/types\/product"}],"replies":[{"embeddable":true,"href":"https:\/\/baldumarket.lt\/lt\/wp-json\/wp\/v2\/comments?post=235080"}],"wp:featuredmedia":[{"embeddable":true,"href":"https:\/\/baldumarket.lt\/lt\/wp-json\/wp\/v2\/media\/235081"}],"wp:attachment":[{"href":"https:\/\/baldumarket.lt\/lt\/wp-json\/wp\/v2\/media?parent=235080"}],"wp:term":[{"taxonomy":"product_brand","embeddable":true,"href":"https:\/\/baldumarket.lt\/lt\/wp-json\/wp\/v2\/product_brand?post=235080"},{"taxonomy":"product_cat","embeddable":true,"href":"https:\/\/baldumarket.lt\/lt\/wp-json\/wp\/v2\/product_cat?post=235080"},{"taxonomy":"product_tag","embeddable":true,"href":"https:\/\/baldumarket.lt\/lt\/wp-json\/wp\/v2\/product_tag?post=235080"}],"curies":[{"name":"wp","href":"https:\/\/api.w.org\/{rel}","templated":true}]}}