{"id":235076,"date":"2025-12-29T22:26:34","date_gmt":"2025-12-29T19:26:34","guid":{"rendered":"https:\/\/baldumarket.lt\/product\/sapori-stol-rozkladany-130-175-dab-navarra\/"},"modified":"2026-04-07T18:37:15","modified_gmt":"2026-04-07T15:37:15","slug":"sapori-stol-rozkladany-130-175-dab-navarra","status":"publish","type":"product","link":"https:\/\/baldumarket.lt\/lt\/product\/sapori-stol-rozkladany-130-175-dab-navarra\/","title":{"rendered":"SAPORI i\u0161skleid\u017eiamas stalas 130\/175 Navarra \u0105\u017euolas"},"content":{"rendered":"<p>SAPORI i\u0161traukiamas stalas 130\/175 cm, Navarra \u0105\u017euolas<br \/>\n\u0160is SAPORI kolekcijos stalas puikiai tinka valgomajam, svetainei ir virtuvei. L formos kojel\u0117s, pagamintos i\u0161 16 storio MDF plok\u0161t\u0117s, suteikia stalui tvirtumo. Papildomas privalumas yra tas, kad stal\u0105 galima prailginti, pailginant stalvir\u0161\u012f dar 43 centimetrais ir leid\u017eiant prie jo pastatyti daugiau stal\u0173. Universali, \u0161viesi Navaros \u0105\u017euolo spalva su matomais ra\u0161tais daro stal\u0105 puikiu papildymu kitoms bald\u0173 kolekcijoms.<\/p>","protected":false},"excerpt":{"rendered":"<p>\u016agis cm: 76,7<br \/>\nPlotis cm: 132\u2013175<br \/>\nGylis cm: 80<br \/>\nForma: Sta\u010diakamp\u0117<br \/>\nI\u0161traukiamas: Taip<\/p>","protected":false},"featured_media":235077,"comment_status":"open","ping_status":"open","template":"","meta":[],"product_brand":[],"product_cat":[9344,2970,1934],"product_tag":[],"class_list":{"0":"post-235076","1":"product","2":"type-product","3":"status-publish","4":"has-post-thumbnail","6":"product_cat-furniture-collection-sapori","7":"product_cat-mebelbos","8":"product_cat-tables","10":"first","11":"instock","12":"purchasable","13":"product-type-simple"},"_links":{"self":[{"href":"https:\/\/baldumarket.lt\/lt\/wp-json\/wp\/v2\/product\/235076","targetHints":{"allow":["GET"]}}],"collection":[{"href":"https:\/\/baldumarket.lt\/lt\/wp-json\/wp\/v2\/product"}],"about":[{"href":"https:\/\/baldumarket.lt\/lt\/wp-json\/wp\/v2\/types\/product"}],"replies":[{"embeddable":true,"href":"https:\/\/baldumarket.lt\/lt\/wp-json\/wp\/v2\/comments?post=235076"}],"wp:featuredmedia":[{"embeddable":true,"href":"https:\/\/baldumarket.lt\/lt\/wp-json\/wp\/v2\/media\/235077"}],"wp:attachment":[{"href":"https:\/\/baldumarket.lt\/lt\/wp-json\/wp\/v2\/media?parent=235076"}],"wp:term":[{"taxonomy":"product_brand","embeddable":true,"href":"https:\/\/baldumarket.lt\/lt\/wp-json\/wp\/v2\/product_brand?post=235076"},{"taxonomy":"product_cat","embeddable":true,"href":"https:\/\/baldumarket.lt\/lt\/wp-json\/wp\/v2\/product_cat?post=235076"},{"taxonomy":"product_tag","embeddable":true,"href":"https:\/\/baldumarket.lt\/lt\/wp-json\/wp\/v2\/product_tag?post=235076"}],"curies":[{"name":"wp","href":"https:\/\/api.w.org\/{rel}","templated":true}]}}