{"id":235072,"date":"2025-12-29T22:26:29","date_gmt":"2025-12-29T19:26:29","guid":{"rendered":"https:\/\/baldumarket.lt\/product\/sapori-szafa-2d-dab-navarra\/"},"modified":"2026-04-07T18:37:15","modified_gmt":"2026-04-07T15:37:15","slug":"sapori-szafa-2d-dab-navarra","status":"publish","type":"product","link":"https:\/\/baldumarket.lt\/lt\/product\/sapori-szafa-2d-dab-navarra\/","title":{"rendered":"SAPORI spinta 2d navarra \u0105\u017euolas"},"content":{"rendered":"<p>SAPORI 2 dur\u0173 spinta Navarra \u0105\u017euolo spalvos<br \/>\nKontroliuokite netvark\u0105 su dviej\u0173 dur\u0173 spinta i\u0161 SAPORI kolekcijos.<br \/>\n\u0160is auk\u0161tas, sta\u010diakampis \u0161viesaus Navaros \u0105\u017euolo baldas tikrai suteiks vietos visiems j\u016bs\u0173 drabu\u017eiams. Dviej\u0173 dur\u0173 SAPORI spinta turi drabu\u017ei\u0173 kabykl\u0105 ir lentyn\u0105, tod\u0117l gal\u0117site lengvai susid\u0117ti visus savo drabu\u017eius. Funkcionalus baldas SAPORI spinta puikiai tinka bet kokiam kambariui, pavyzd\u017eiui, prie\u0161kambariui, svetainei, persirengimo kambariui, miegamajam ar jaunimo kambariui. SAPORI spinta \u2013 prakti\u0161kas sprendimas j\u016bs\u0173 namams.<br \/>\n\u2013 Platus m\u016bs\u0173 pasirinkimas leid\u017eia apstatyti beveik visus namus.<br \/>\n\u2013 Pla\u010dios apvadin\u0117s juostel\u0117s aplink formas suteikia prabangos ir elegancijos.<br \/>\n\u2013 Nat\u016bralaus \u0105\u017euolo atspalvio \u0161iluma suteiks j\u016bs\u0173 interjerui jauki\u0105 ir harmoning\u0105 atmosfer\u0105.<br \/>\n\u2013 Tvirtos ir stabilios formos puikiai tinka dideli\u0173 patalp\u0173 apstatymui.<br \/>\nSpalva: Navaros \u0105\u017euolas<br \/>\nPriekin\u0117s dalys: laminuota med\u017eio dro\u017eli\u0173 plok\u0161t\u0117, mink\u0161ta<br \/>\nKorpusas: laminuota med\u017eio dro\u017eli\u0173 plok\u0161t\u0117, ABS kra\u0161tai<br \/>\nVir\u0161us: laminuota med\u017eio dro\u017eli\u0173 plok\u0161t\u0117, ABS kra\u0161tai<br \/>\nStal\u010diai: rutuliniai guoliai, pilno i\u0161traukimo<br \/>\nKojel\u0117s: plastikin\u0117s slydimo kojel\u0117s<br \/>\nRankenos: metalin\u0117s<\/p>","protected":false},"excerpt":{"rendered":"<p>\u016agis cm: 217,1<br \/>\nPlotis cm: 95,9<br \/>\nGylis cm: 60,3<br \/>\nDur\u0173 skai\u010dius: 2<\/p>","protected":false},"featured_media":235073,"comment_status":"open","ping_status":"open","template":"","meta":[],"product_brand":[],"product_cat":[9344,2970,1177],"product_tag":[],"class_list":{"0":"post-235072","1":"product","2":"type-product","3":"status-publish","4":"has-post-thumbnail","6":"product_cat-furniture-collection-sapori","7":"product_cat-mebelbos","8":"product_cat-wardrobes","10":"first","11":"instock","12":"purchasable","13":"product-type-simple"},"_links":{"self":[{"href":"https:\/\/baldumarket.lt\/lt\/wp-json\/wp\/v2\/product\/235072","targetHints":{"allow":["GET"]}}],"collection":[{"href":"https:\/\/baldumarket.lt\/lt\/wp-json\/wp\/v2\/product"}],"about":[{"href":"https:\/\/baldumarket.lt\/lt\/wp-json\/wp\/v2\/types\/product"}],"replies":[{"embeddable":true,"href":"https:\/\/baldumarket.lt\/lt\/wp-json\/wp\/v2\/comments?post=235072"}],"wp:featuredmedia":[{"embeddable":true,"href":"https:\/\/baldumarket.lt\/lt\/wp-json\/wp\/v2\/media\/235073"}],"wp:attachment":[{"href":"https:\/\/baldumarket.lt\/lt\/wp-json\/wp\/v2\/media?parent=235072"}],"wp:term":[{"taxonomy":"product_brand","embeddable":true,"href":"https:\/\/baldumarket.lt\/lt\/wp-json\/wp\/v2\/product_brand?post=235072"},{"taxonomy":"product_cat","embeddable":true,"href":"https:\/\/baldumarket.lt\/lt\/wp-json\/wp\/v2\/product_cat?post=235072"},{"taxonomy":"product_tag","embeddable":true,"href":"https:\/\/baldumarket.lt\/lt\/wp-json\/wp\/v2\/product_tag?post=235072"}],"curies":[{"name":"wp","href":"https:\/\/api.w.org\/{rel}","templated":true}]}}