{"id":235067,"date":"2025-12-29T22:26:22","date_gmt":"2025-12-29T19:26:22","guid":{"rendered":"https:\/\/baldumarket.lt\/product\/sapori-szafa-z-lustrem-3d2s-dab-navarra\/"},"modified":"2026-04-07T18:37:15","modified_gmt":"2026-04-07T15:37:15","slug":"sapori-szafa-z-lustrem-3d2s-dab-navarra","status":"publish","type":"product","link":"https:\/\/baldumarket.lt\/lt\/product\/sapori-szafa-z-lustrem-3d2s-dab-navarra\/","title":{"rendered":"SAPORI spinta su veidrod\u017eiu, 3d2s, Navarra \u0105\u017euolas"},"content":{"rendered":"<p>SAPORI trij\u0173 dur\u0173 spinta su veidrod\u017eiu, Navaros \u0105\u017euolas<br \/>\nIe\u0161kote papildomos vietos daiktams susid\u0117ti savo bute? Trij\u0173 dur\u0173 spinta su veidrod\u017eiu SAPORI \u2013 puikus laisvai stovintis baldas, skirtas sutvarkyti vis\u0105 j\u016bs\u0173 garderob\u0105. Spinta turi tris duris, kurios lengvai atsidaro ir atskleid\u017eia drabu\u017ei\u0173 kabykl\u0105, puikiai tinkan\u010di\u0105 pakabinti glam\u017eytis linkusius drabu\u017eius. Ji taip pat turi penkias lentynas, puikiai tinkan\u010dias sulankstytiems d\u017einsams ir mar\u0161kin\u0117liams laikyti. Apatin\u0117je spintos dalyje yra du stal\u010diai ant metalini\u0173 b\u0117geli\u0173, kurie tvirtai laiko juos vietoje, kai jie visi\u0161kai atidaryti. Stal\u010diai puikiai tinka \u012fvairiems aksesuarams, apatiniams drabu\u017eiams ar tekstil\u0117s gaminiams laikyti.<br \/>\nVidurini\u0173 dur\u0173 veidrodis ne tik leid\u017eia ap\u017ei\u016br\u0117ti save ir pagerinti savo i\u0161vaizd\u0105, bet ir pa\u0161viesina bei vizualiai padidina erdv\u0119. SAPORI veidrodin\u0117 spinta puikiai tinka miegamajam, persirengimo kambariui, jaunimo kambariui ar prie\u0161kambariui.<br \/>\n\u2013 Platus m\u016bs\u0173 pasirinkimas leid\u017eia apstatyti beveik visus namus.<br \/>\n\u2013 Pla\u010dios lipdini\u0173 juostos aplink baldus suteikia prabangos ir elegancijos.<br \/>\n\u2013 Nat\u016bralaus \u0105\u017euolo atspalvio \u0161iluma suteiks interjerams jauki\u0105 ir harmoning\u0105 atmosfer\u0105.<br \/>\n\u2013 Masyv\u016bs ir stabil\u016bs baldai, puikiai tinkantys dideliems kambariams.<br \/>\nSpalva: Navaros \u0105\u017euolas<br \/>\nPriekin\u0117s dalys: laminuota bald\u0173 plok\u0161t\u0117, mink\u0161ta<br \/>\nKorpusas: laminuota bald\u0173 plok\u0161t\u0117, ABS kra\u0161tai<br \/>\nVir\u0161us: laminuota bald\u0173 plok\u0161t\u0117, ABS kra\u0161tas<br \/>\nStal\u010diai: rutuliniai guoliai, pilno i\u0161traukimo b\u0117geliai<br \/>\nKojel\u0117s: plastikin\u0117s slydimo slydimo sijos<br \/>\nRankenos: metalin\u0117s<\/p>","protected":false},"excerpt":{"rendered":"<p>\u016agis cm: 217,1<br \/>\nPlotis cm: 135,8<br \/>\nDur\u0173 skai\u010dius: 3<br \/>\nStal\u010di\u0173 skai\u010dius: 2<br \/>\nVeidrod\u017eiai: Taip<\/p>","protected":false},"featured_media":235068,"comment_status":"open","ping_status":"open","template":"","meta":[],"product_brand":[],"product_cat":[9344,2970,1177],"product_tag":[],"class_list":{"0":"post-235067","1":"product","2":"type-product","3":"status-publish","4":"has-post-thumbnail","6":"product_cat-furniture-collection-sapori","7":"product_cat-mebelbos","8":"product_cat-wardrobes","10":"first","11":"instock","12":"purchasable","13":"product-type-simple"},"_links":{"self":[{"href":"https:\/\/baldumarket.lt\/lt\/wp-json\/wp\/v2\/product\/235067","targetHints":{"allow":["GET"]}}],"collection":[{"href":"https:\/\/baldumarket.lt\/lt\/wp-json\/wp\/v2\/product"}],"about":[{"href":"https:\/\/baldumarket.lt\/lt\/wp-json\/wp\/v2\/types\/product"}],"replies":[{"embeddable":true,"href":"https:\/\/baldumarket.lt\/lt\/wp-json\/wp\/v2\/comments?post=235067"}],"wp:featuredmedia":[{"embeddable":true,"href":"https:\/\/baldumarket.lt\/lt\/wp-json\/wp\/v2\/media\/235068"}],"wp:attachment":[{"href":"https:\/\/baldumarket.lt\/lt\/wp-json\/wp\/v2\/media?parent=235067"}],"wp:term":[{"taxonomy":"product_brand","embeddable":true,"href":"https:\/\/baldumarket.lt\/lt\/wp-json\/wp\/v2\/product_brand?post=235067"},{"taxonomy":"product_cat","embeddable":true,"href":"https:\/\/baldumarket.lt\/lt\/wp-json\/wp\/v2\/product_cat?post=235067"},{"taxonomy":"product_tag","embeddable":true,"href":"https:\/\/baldumarket.lt\/lt\/wp-json\/wp\/v2\/product_tag?post=235067"}],"curies":[{"name":"wp","href":"https:\/\/api.w.org\/{rel}","templated":true}]}}