{"id":235063,"date":"2025-12-29T22:26:16","date_gmt":"2025-12-29T19:26:16","guid":{"rendered":"https:\/\/baldumarket.lt\/product\/sapori-szafka-1s-dab-navarra\/"},"modified":"2026-04-07T18:37:15","modified_gmt":"2026-04-07T15:37:15","slug":"sapori-szafka-1s-dab-navarra","status":"publish","type":"product","link":"https:\/\/baldumarket.lt\/lt\/product\/sapori-szafka-1s-dab-navarra\/","title":{"rendered":"SAPORI 1 dur\u0173 spintel\u0117, Navarra \u0105\u017euolas"},"content":{"rendered":"<p>SAPORI 1 stal\u010diaus spintel\u0117 i\u0161 Navarra \u0105\u017euolo<br \/>\n\u0160i \u201eSAPORI\u201c kolekcijos spintel\u0117 su vienu stal\u010diumi, pagaminta i\u0161 \u201eNavarra Oak\u201c medienos, d\u0117l savo kompakti\u0161ko dyd\u017eio puikiai tinka ma\u017eiems kambariams kaip papildoma daikt\u0173 laikymo vieta, bet taip pat ir didesn\u0117ms erdv\u0117ms kaip papildomas interjero akcentas. \u0160viesi \u201eNavarra Oak\u201c spalva su matoma medienos tekst\u016bra leis \u0161iam baldui puikiai der\u0117ti prie bet kokio interjero.<br \/>\n\u2013 Platus m\u016bs\u0173 pasirinkimas leid\u017eia apstatyti beveik visus namus.<br \/>\n\u2013 Pla\u010dios apdailos juostel\u0117s aplink spinteles suteikia prabangos ir elegancijos.<br \/>\n\u2013 Nat\u016bralaus \u0105\u017euolo atspalvio \u0161iluma suteiks interjerams jauki\u0105 ir harmoning\u0105 atmosfer\u0105.<br \/>\n\u2013 Tvirtos ir stabilios spintel\u0117s puikiai tinka dideliems kambariams apstatyti.<br \/>\nSpalva: Navaros \u0105\u017euolas<br \/>\nPriekin\u0117s dalys: laminuota med\u017eio dro\u017eli\u0173 plok\u0161t\u0117, mink\u0161ta<br \/>\nKorpusas: laminuota med\u017eio dro\u017eli\u0173 plok\u0161t\u0117, ABS kra\u0161tai<br \/>\nVir\u0161us: laminuota med\u017eio dro\u017eli\u0173 plok\u0161t\u0117, ABS kra\u0161tai<br \/>\nStal\u010diai: rutuliniai guoliai, pilno i\u0161traukimo<br \/>\nKojel\u0117s: plastikin\u0117s slydimo kojel\u0117s<br \/>\nRankenos: metalin\u0117s<\/p>","protected":false},"excerpt":{"rendered":"<p>\u016agis cm: 44,1<br \/>\nPlotis cm: 70<br \/>\nGylis cm: 36,3<br \/>\nStal\u010di\u0173 skai\u010dius: 1<\/p>","protected":false},"featured_media":235064,"comment_status":"open","ping_status":"open","template":"","meta":[],"product_brand":[],"product_cat":[9344,1176,2970],"product_tag":[],"class_list":{"0":"post-235063","1":"product","2":"type-product","3":"status-publish","4":"has-post-thumbnail","6":"product_cat-furniture-collection-sapori","7":"product_cat-bedside-tables","8":"product_cat-mebelbos","10":"first","11":"instock","12":"purchasable","13":"product-type-simple"},"_links":{"self":[{"href":"https:\/\/baldumarket.lt\/lt\/wp-json\/wp\/v2\/product\/235063","targetHints":{"allow":["GET"]}}],"collection":[{"href":"https:\/\/baldumarket.lt\/lt\/wp-json\/wp\/v2\/product"}],"about":[{"href":"https:\/\/baldumarket.lt\/lt\/wp-json\/wp\/v2\/types\/product"}],"replies":[{"embeddable":true,"href":"https:\/\/baldumarket.lt\/lt\/wp-json\/wp\/v2\/comments?post=235063"}],"wp:featuredmedia":[{"embeddable":true,"href":"https:\/\/baldumarket.lt\/lt\/wp-json\/wp\/v2\/media\/235064"}],"wp:attachment":[{"href":"https:\/\/baldumarket.lt\/lt\/wp-json\/wp\/v2\/media?parent=235063"}],"wp:term":[{"taxonomy":"product_brand","embeddable":true,"href":"https:\/\/baldumarket.lt\/lt\/wp-json\/wp\/v2\/product_brand?post=235063"},{"taxonomy":"product_cat","embeddable":true,"href":"https:\/\/baldumarket.lt\/lt\/wp-json\/wp\/v2\/product_cat?post=235063"},{"taxonomy":"product_tag","embeddable":true,"href":"https:\/\/baldumarket.lt\/lt\/wp-json\/wp\/v2\/product_tag?post=235063"}],"curies":[{"name":"wp","href":"https:\/\/api.w.org\/{rel}","templated":true}]}}