{"id":235055,"date":"2025-12-29T22:26:06","date_gmt":"2025-12-29T19:26:06","guid":{"rendered":"https:\/\/baldumarket.lt\/product\/sapori-szafka-nocna-1s-dab-navarra\/"},"modified":"2026-04-07T18:37:15","modified_gmt":"2026-04-07T15:37:15","slug":"sapori-szafka-nocna-1s-dab-navarra","status":"publish","type":"product","link":"https:\/\/baldumarket.lt\/lt\/product\/sapori-szafka-nocna-1s-dab-navarra\/","title":{"rendered":"SAPORI naktinis staliukas, 1 vnt., Navarra \u0105\u017euolas"},"content":{"rendered":"<p>SAPORI 1 formos naktinis staliukas i\u0161 Navaros \u0105\u017euolo<br \/>\n\u0160is SAPORI kolekcijos naktinis staliukas, \u0161viesaus Navaros \u0105\u017euolo atspalvio su matoma medienos tekst\u016bra, neabejotinai suteiks j\u016bs\u0173 miegamajam j\u016brinio \u017eavesio. Spintel\u0117 turi atvir\u0105 lentyn\u0105, puikiai tinkan\u010di\u0105 knygoms ar krep\u0161eliui nakties reikmenims laikyti. Vienas stal\u010dius suteikia papildomos pasl\u0117ptos vietos daiktams susid\u0117ti. Be to, stal\u010dius tvirtinamas ant ritinini\u0173 b\u0117geli\u0173 ir turi juod\u0105 metalin\u0119 ranken\u0105, kuri puikiai dera prie \u0161viesaus bald\u0173 dekoro.<br \/>\n\u2013 Platus m\u016bs\u0173 pasirinkimas leid\u017eia apstatyti beveik visus namus.<br \/>\n\u2013 Pla\u010dios apvadin\u0117s juostel\u0117s aplink formas suteikia prabangos ir elegancijos.<br \/>\n\u2013 Nat\u016bralaus \u0105\u017euolo atspalvio \u0161iluma suteiks j\u016bs\u0173 interjerui jauki\u0105 ir harmoning\u0105 atmosfer\u0105.<br \/>\n\u2013 Tvirtos ir stabilios formos puikiai tinka dideli\u0173 patalp\u0173 apstatymui.<br \/>\nSpalva: Navaros \u0105\u017euolas<br \/>\nPriekin\u0117s dalys: laminuota med\u017eio dro\u017eli\u0173 plok\u0161t\u0117, mink\u0161ta<br \/>\nKorpusas: laminuota med\u017eio dro\u017eli\u0173 plok\u0161t\u0117, ABS kra\u0161tai<br \/>\nVir\u0161us: laminuota med\u017eio dro\u017eli\u0173 plok\u0161t\u0117, ABS kra\u0161tai<br \/>\nStal\u010diai: rutuliniai guoliai, pilno i\u0161traukimo<br \/>\nKojel\u0117s: plastikin\u0117s slydimo kojel\u0117s<br \/>\nRankenos: metalin\u0117s<\/p>","protected":false},"excerpt":{"rendered":"<p>Auk\u0161tis cm: 45<br \/>\nPlotis cm: 56<br \/>\nGylis cm: 36,3<br \/>\nStal\u010di\u0173 skai\u010dius: 1<\/p>","protected":false},"featured_media":235056,"comment_status":"open","ping_status":"open","template":"","meta":[],"product_brand":[],"product_cat":[9344,1176,2970],"product_tag":[],"class_list":{"0":"post-235055","1":"product","2":"type-product","3":"status-publish","4":"has-post-thumbnail","6":"product_cat-furniture-collection-sapori","7":"product_cat-bedside-tables","8":"product_cat-mebelbos","10":"first","11":"instock","12":"purchasable","13":"product-type-simple"},"_links":{"self":[{"href":"https:\/\/baldumarket.lt\/lt\/wp-json\/wp\/v2\/product\/235055","targetHints":{"allow":["GET"]}}],"collection":[{"href":"https:\/\/baldumarket.lt\/lt\/wp-json\/wp\/v2\/product"}],"about":[{"href":"https:\/\/baldumarket.lt\/lt\/wp-json\/wp\/v2\/types\/product"}],"replies":[{"embeddable":true,"href":"https:\/\/baldumarket.lt\/lt\/wp-json\/wp\/v2\/comments?post=235055"}],"wp:featuredmedia":[{"embeddable":true,"href":"https:\/\/baldumarket.lt\/lt\/wp-json\/wp\/v2\/media\/235056"}],"wp:attachment":[{"href":"https:\/\/baldumarket.lt\/lt\/wp-json\/wp\/v2\/media?parent=235055"}],"wp:term":[{"taxonomy":"product_brand","embeddable":true,"href":"https:\/\/baldumarket.lt\/lt\/wp-json\/wp\/v2\/product_brand?post=235055"},{"taxonomy":"product_cat","embeddable":true,"href":"https:\/\/baldumarket.lt\/lt\/wp-json\/wp\/v2\/product_cat?post=235055"},{"taxonomy":"product_tag","embeddable":true,"href":"https:\/\/baldumarket.lt\/lt\/wp-json\/wp\/v2\/product_tag?post=235055"}],"curies":[{"name":"wp","href":"https:\/\/api.w.org\/{rel}","templated":true}]}}