{"id":235050,"date":"2025-12-29T22:25:58","date_gmt":"2025-12-29T19:25:58","guid":{"rendered":"https:\/\/baldumarket.lt\/product\/sapori-szafka-rtv-2s-dab-navarra\/"},"modified":"2026-04-07T18:37:15","modified_gmt":"2026-04-07T15:37:15","slug":"sapori-szafka-rtv-2s-dab-navarra","status":"publish","type":"product","link":"https:\/\/baldumarket.lt\/lt\/product\/sapori-szafka-rtv-2s-dab-navarra\/","title":{"rendered":"SAPORI dviej\u0173 viet\u0173 televizoriaus spintel\u0117, Navaros \u0105\u017euolas"},"content":{"rendered":"<p>SAPORI dvipusis televizoriaus staliukas i\u0161 Navarra \u0105\u017euolo<br \/>\nPapuo\u0161kite savo svetain\u0119 naujais SAPORI kolekcijos televizoriaus stoveliais. Stovas turi centrin\u0119 atvir\u0105 lentyn\u0105, padalint\u0105 \u012f dvi dalis, ir du stal\u010dius, puikiai tinkan\u010dius medijos reikmenims, \u017eurnalams ir dekoracijoms laikyti. Atvira erdv\u0117 puikiai tinka visai j\u016bs\u0173 televizoriaus \u012frangai, pavyzd\u017eiui, dekoderiui ar \u201eWi-Fi\u201c mar\u0161rutizatoriui. Galin\u0117je panel\u0117je i\u0161pjautos specialios laid\u0173 i\u0161ved\u017eiojimo angos, kad b\u016bt\u0173 lengva tvarkingai laikyti negra\u017eiai kaban\u010dius laidus. SAPORI televizoriaus stovas su nat\u016bralaus Navaros \u0105\u017euolo apdaila puikiai der\u0117s prie beveik bet kokio interjero.<br \/>\n\u2013 Platus pasirinkimas leid\u017eia apstatyti beveik visus namus.<br \/>\n\u2013 Pla\u010dios karniz\u0173 juostos aplink baldus suteikia prabangos ir elegancijos.<br \/>\n\u2013 Nat\u016bralaus \u0105\u017euolo atspalvio \u0161iluma suteiks interjerams jauki\u0105 ir harmoning\u0105 atmosfer\u0105.<br \/>\n\u2013 Tvirti ir stabil\u016bs baldai puikiai tinka dideliems kambariams apstatyti.<br \/>\nSpalva: Navaros \u0105\u017euolas<br \/>\nPriekin\u0117s dalys: laminuota med\u017eio dro\u017eli\u0173 plok\u0161t\u0117, mink\u0161ta<br \/>\nKorpusas: laminuota med\u017eio dro\u017eli\u0173 plok\u0161t\u0117, ABS kra\u0161tai<br \/>\nVir\u0161us: laminuota med\u017eio dro\u017eli\u0173 plok\u0161t\u0117, ABS kra\u0161tai<br \/>\nStal\u010diai: rutuliniai guoliai, pilno i\u0161traukimo<br \/>\nKojel\u0117s: plastikin\u0117s slydimo kojel\u0117s<br \/>\nRankenos: metalin\u0117s<\/p>","protected":false},"excerpt":{"rendered":"<p>Auk\u0161tis cm: 50<br \/>\nPlotis cm: 135,8<br \/>\nGylis cm: 40,3<br \/>\nStal\u010di\u0173 skai\u010dius: 2<\/p>","protected":false},"featured_media":235051,"comment_status":"open","ping_status":"open","template":"","meta":[],"product_brand":[],"product_cat":[9344,2970,1175],"product_tag":[],"class_list":{"0":"post-235050","1":"product","2":"type-product","3":"status-publish","4":"has-post-thumbnail","6":"product_cat-furniture-collection-sapori","7":"product_cat-mebelbos","8":"product_cat-tv-stands","10":"first","11":"instock","12":"purchasable","13":"product-type-simple"},"_links":{"self":[{"href":"https:\/\/baldumarket.lt\/lt\/wp-json\/wp\/v2\/product\/235050","targetHints":{"allow":["GET"]}}],"collection":[{"href":"https:\/\/baldumarket.lt\/lt\/wp-json\/wp\/v2\/product"}],"about":[{"href":"https:\/\/baldumarket.lt\/lt\/wp-json\/wp\/v2\/types\/product"}],"replies":[{"embeddable":true,"href":"https:\/\/baldumarket.lt\/lt\/wp-json\/wp\/v2\/comments?post=235050"}],"wp:featuredmedia":[{"embeddable":true,"href":"https:\/\/baldumarket.lt\/lt\/wp-json\/wp\/v2\/media\/235051"}],"wp:attachment":[{"href":"https:\/\/baldumarket.lt\/lt\/wp-json\/wp\/v2\/media?parent=235050"}],"wp:term":[{"taxonomy":"product_brand","embeddable":true,"href":"https:\/\/baldumarket.lt\/lt\/wp-json\/wp\/v2\/product_brand?post=235050"},{"taxonomy":"product_cat","embeddable":true,"href":"https:\/\/baldumarket.lt\/lt\/wp-json\/wp\/v2\/product_cat?post=235050"},{"taxonomy":"product_tag","embeddable":true,"href":"https:\/\/baldumarket.lt\/lt\/wp-json\/wp\/v2\/product_tag?post=235050"}],"curies":[{"name":"wp","href":"https:\/\/api.w.org\/{rel}","templated":true}]}}