{"id":235046,"date":"2025-12-29T22:25:53","date_gmt":"2025-12-29T19:25:53","guid":{"rendered":"https:\/\/baldumarket.lt\/product\/sapori-wieszak-70-dab-navarra\/"},"modified":"2026-04-07T18:37:15","modified_gmt":"2026-04-07T15:37:15","slug":"sapori-wieszak-70-dab-navarra","status":"publish","type":"product","link":"https:\/\/baldumarket.lt\/lt\/product\/sapori-wieszak-70-dab-navarra\/","title":{"rendered":"SAPORI pakaba 70 Navarra \u0105\u017euolas"},"content":{"rendered":"<p>SAPORI pakaba 70 Navarra \u0105\u017euolas<br \/>\n\u0160is SAPORI kolekcijos pakabas turi penkis dvigubus kabliukus striuk\u0117ms, d\u017eemperiams ir paltams pakabinti. \u0160viesaus Navaros \u0105\u017euolo apdaila su matoma medienos tekst\u016bra puikiai papildys bet kok\u012f interjer\u0105.<br \/>\n.<br \/>\n\u2013 Platus m\u016bs\u0173 pasirinkimas leid\u017eia apstatyti beveik visus namus.<br \/>\n\u2013 Pla\u010dios lipdini\u0173 juostos aplink baldus suteikia prabangos ir elegancijos.<br \/>\n\u2013 Nat\u016bralaus \u0105\u017euolo atspalvio \u0161iluma suteiks interjerams jauki\u0105 ir harmoning\u0105 atmosfer\u0105.<br \/>\n\u2013 Masyv\u016bs ir stabil\u016bs baldai, idealiai tinkantys dideli\u0173 kambari\u0173 apstatymui.<br \/>\nSpalva: Navaros \u0105\u017euolas<br \/>\nPriekin\u0117s dalys: laminuota bald\u0173 plok\u0161t\u0117, mink\u0161ta<br \/>\nKorpusas: laminuota bald\u0173 plok\u0161t\u0117, ABS kra\u0161tai<br \/>\nVir\u0161us: laminuota bald\u0173 plok\u0161t\u0117, ABS kra\u0161tas<br \/>\nStal\u010diai: rutuliniai guoliai, pilno i\u0161traukimo b\u0117geliai<br \/>\nKojel\u0117s: plastikin\u0117s slydimo slydimo sijos<br \/>\nRankenos: metalin\u0117s<\/p>","protected":false},"excerpt":{"rendered":"<p>Auk\u0161tis cm: 150<br \/>\nPlotis cm: 70<br \/>\nGylis cm: 42<\/p>","protected":false},"featured_media":235047,"comment_status":"open","ping_status":"open","template":"","meta":[],"product_brand":[],"product_cat":[9344,1931,2970],"product_tag":[],"class_list":{"0":"post-235046","1":"product","2":"type-product","3":"status-publish","4":"has-post-thumbnail","6":"product_cat-furniture-collection-sapori","7":"product_cat-hangers","8":"product_cat-mebelbos","10":"first","11":"instock","12":"purchasable","13":"product-type-simple"},"_links":{"self":[{"href":"https:\/\/baldumarket.lt\/lt\/wp-json\/wp\/v2\/product\/235046","targetHints":{"allow":["GET"]}}],"collection":[{"href":"https:\/\/baldumarket.lt\/lt\/wp-json\/wp\/v2\/product"}],"about":[{"href":"https:\/\/baldumarket.lt\/lt\/wp-json\/wp\/v2\/types\/product"}],"replies":[{"embeddable":true,"href":"https:\/\/baldumarket.lt\/lt\/wp-json\/wp\/v2\/comments?post=235046"}],"wp:featuredmedia":[{"embeddable":true,"href":"https:\/\/baldumarket.lt\/lt\/wp-json\/wp\/v2\/media\/235047"}],"wp:attachment":[{"href":"https:\/\/baldumarket.lt\/lt\/wp-json\/wp\/v2\/media?parent=235046"}],"wp:term":[{"taxonomy":"product_brand","embeddable":true,"href":"https:\/\/baldumarket.lt\/lt\/wp-json\/wp\/v2\/product_brand?post=235046"},{"taxonomy":"product_cat","embeddable":true,"href":"https:\/\/baldumarket.lt\/lt\/wp-json\/wp\/v2\/product_cat?post=235046"},{"taxonomy":"product_tag","embeddable":true,"href":"https:\/\/baldumarket.lt\/lt\/wp-json\/wp\/v2\/product_tag?post=235046"}],"curies":[{"name":"wp","href":"https:\/\/api.w.org\/{rel}","templated":true}]}}