{"id":235040,"date":"2025-12-29T22:25:45","date_gmt":"2025-12-29T19:25:45","guid":{"rendered":"https:\/\/baldumarket.lt\/product\/sapori-witryna-1d1w-dab-navarra\/"},"modified":"2026-04-07T18:37:05","modified_gmt":"2026-04-07T15:37:05","slug":"sapori-witryna-1d1w-dab-navarra","status":"publish","type":"product","link":"https:\/\/baldumarket.lt\/lt\/product\/sapori-witryna-1d1w-dab-navarra\/","title":{"rendered":"Vitrina SAPORI 1d1w Navarra \u0105\u017euolas"},"content":{"rendered":"<p>SAPORI vienv\u0117r\u0117 vitrina Navaros \u0105\u017euolo spalvos<br \/>\n\u0160i auk\u0161ta SAPORI kolekcijos vitrina \u201eNavarra Oak\u201c spalvos pad\u0117s jums sutvarkyti visus savo daiktus ir eksponuoti \u012fvairias dekoracijas. Ji turi tiek stiklines, tiek tvirtas duris. Lentynose u\u017e stiklini\u0173 dur\u0173 galite eksponuoti \u012fvairius ornamentus ar porceliano kolekcij\u0105, taip sukurdami ak\u012f traukiant\u012f i\u0161d\u0117stym\u0105. Vitrinoje taip pat yra lentyna, pasl\u0117pta u\u017e tvirtos priekin\u0117s dalies, puikiai tinkanti laikyti indus, virtuv\u0117s \u012frankius ir kitus daiktus, kuri\u0173 nenorite eksponuoti. \u0160viesios \u0105\u017euolo spalvos ji puikiai dera prie bet kokio interjero. SAPORI vitrina puikiai tinka svetain\u0117ms, valgomiesiems, nam\u0173 biurams ir miegamiesiems.<br \/>\nGalima \u012fsigyti LED ap\u0161vietim\u0105.<br \/>\n3 x sidabriniai LED laikikliai stiklin\u0117ms lentynoms, \u0161iltai balta spalva<br \/>\nLED spaustuk\u0173 ap\u0161vietimas stiklin\u0117ms lentynoms. \u0160iltai balta \u0161viesos spalva. Komplekt\u0105 sudaro: 3 x 12 V nuolatin\u0117s srov\u0117s 0,3 W LED spaustukai, 5 cm ilgio, su 2 m laidu, ki\u0161tukiniu maitinimo \u0161altiniu su kojiniu jungikliu ir 3 m maitinimo laidu.<br \/>\n\u2013 \u0160is platus pasirinkimas leid\u017eia apstatyti beveik visus namus.<br \/>\n\u2013 Pla\u010dios formos apvadai suteikia prabangos ir elegancijos.<br \/>\n\u2013 Nat\u016bralaus \u0105\u017euolo atspalvio \u0161iluma suteiks interjerams jauki\u0105 ir harmoning\u0105 atmosfer\u0105.<br \/>\n\u2013 Masyvios ir stabilios formos, idealiai tinka dideli\u0173 kambari\u0173 dekoravimui.<br \/>\nSpalva: Navaros \u0105\u017euolas<br \/>\nPriekin\u0117s dalys: laminuota bald\u0173 plok\u0161t\u0117, mink\u0161ta<br \/>\nKorpusas: laminuota bald\u0173 plok\u0161t\u0117, ABS kra\u0161tai<br \/>\nVir\u0161us: laminuota bald\u0173 plok\u0161t\u0117, ABS kra\u0161tas<br \/>\nStal\u010diai: pilno i\u0161traukimo rutuliniai guoliai<br \/>\nKojel\u0117s: plastikin\u0117s slydimo kojel\u0117s<br \/>\nRankenos: metalin\u0117s<\/p>","protected":false},"excerpt":{"rendered":"<p>\u016agis cm: 217,1<br \/>\nPlotis cm: 60<br \/>\nGylis cm: 36,3<br \/>\nDur\u0173 skai\u010dius: 2<\/p>","protected":false},"featured_media":235041,"comment_status":"open","ping_status":"open","template":"","meta":[],"product_brand":[],"product_cat":[9344,2970,2006],"product_tag":[],"class_list":{"0":"post-235040","1":"product","2":"type-product","3":"status-publish","4":"has-post-thumbnail","6":"product_cat-furniture-collection-sapori","7":"product_cat-mebelbos","8":"product_cat-vitrines","10":"first","11":"instock","12":"purchasable","13":"product-type-simple"},"_links":{"self":[{"href":"https:\/\/baldumarket.lt\/lt\/wp-json\/wp\/v2\/product\/235040","targetHints":{"allow":["GET"]}}],"collection":[{"href":"https:\/\/baldumarket.lt\/lt\/wp-json\/wp\/v2\/product"}],"about":[{"href":"https:\/\/baldumarket.lt\/lt\/wp-json\/wp\/v2\/types\/product"}],"replies":[{"embeddable":true,"href":"https:\/\/baldumarket.lt\/lt\/wp-json\/wp\/v2\/comments?post=235040"}],"wp:featuredmedia":[{"embeddable":true,"href":"https:\/\/baldumarket.lt\/lt\/wp-json\/wp\/v2\/media\/235041"}],"wp:attachment":[{"href":"https:\/\/baldumarket.lt\/lt\/wp-json\/wp\/v2\/media?parent=235040"}],"wp:term":[{"taxonomy":"product_brand","embeddable":true,"href":"https:\/\/baldumarket.lt\/lt\/wp-json\/wp\/v2\/product_brand?post=235040"},{"taxonomy":"product_cat","embeddable":true,"href":"https:\/\/baldumarket.lt\/lt\/wp-json\/wp\/v2\/product_cat?post=235040"},{"taxonomy":"product_tag","embeddable":true,"href":"https:\/\/baldumarket.lt\/lt\/wp-json\/wp\/v2\/product_tag?post=235040"}],"curies":[{"name":"wp","href":"https:\/\/api.w.org\/{rel}","templated":true}]}}