{"id":235035,"date":"2025-12-29T22:25:38","date_gmt":"2025-12-29T19:25:38","guid":{"rendered":"https:\/\/baldumarket.lt\/product\/sapori-witryna-niska-1d1w-dab-navarra\/"},"modified":"2026-04-07T18:37:05","modified_gmt":"2026-04-07T15:37:05","slug":"sapori-witryna-niska-1d1w-dab-navarra","status":"publish","type":"product","link":"https:\/\/baldumarket.lt\/lt\/product\/sapori-witryna-niska-1d1w-dab-navarra\/","title":{"rendered":"SAPORI \u017eema vitrina, 1 vnt., 1 vnt., Navarra \u0105\u017euolas"},"content":{"rendered":"<p>SAPORI \u017eema vitrina, 1x1w, Navarra \u0105\u017euolas<br \/>\n\u0160i \u017eema SAPORI kolekcijos vitrina \u201eNavarra Oak\u201c spalvos pad\u0117s jums sutvarkyti visus savo daiktus ir eksponuoti \u012fvairias dekoracijas. Ji turi tiek stiklines, tiek tvirtas duris. Lentynose u\u017e stiklini\u0173 dur\u0173 galite eksponuoti \u012fvairius ornamentus ar porceliano kolekcij\u0105, taip sukurdami ak\u012f traukiant\u012f i\u0161d\u0117stym\u0105. Be to, spintel\u0117je taip pat yra lentynos, pasl\u0117ptos u\u017e tvirto priekio, kuriose galite laikyti indus, virtuv\u0117s reikmenis ir kitus daiktus, kuri\u0173 nenorite eksponuoti. D\u0117l \u0161viesaus \u0105\u017euolo atspalvio \u0161i spintel\u0117 puikiai der\u0117s prie bet kokio interjero. SAPORI vitrina puikiai tiks svetain\u0117je, valgomajame, nam\u0173 biure ar miegamajame.<br \/>\nGalima \u012fsigyti LED ap\u0161vietim\u0105.<br \/>\n1 x sidabrinis LED laikiklis stiklin\u0117ms lentynoms, \u0161iltai baltas<br \/>\nLED spaustukas stiklin\u0117ms lentynoms. \u0160iltai balta \u0161viesos spalva. Komplekt\u0105 sudaro: 12 V nuolatin\u0117s srov\u0117s 0,3 W LED spaustukas, 5 cm ilgio, su 2 m laidu, ki\u0161tukinis maitinimo \u0161altinis su kojiniu jungikliu ir 3 m maitinimo laidas.<br \/>\n\u2013 \u0160is platus pasirinkimas leid\u017eia apstatyti beveik visus namus.<br \/>\n\u2013 Pla\u010dios formos apvadai suteikia prabangos ir elegancijos.<br \/>\n\u2013 Nat\u016bralaus \u0105\u017euolo atspalvio \u0161iluma suteiks interjerams jauki\u0105 ir harmoning\u0105 atmosfer\u0105.<br \/>\n\u2013 Masyvios ir stabilios formos, idealiai tinka dideli\u0173 patalp\u0173 apstatymui.<br \/>\nSpalva: Navaros \u0105\u017euolas<br \/>\nPriekin\u0117s dalys: laminuota bald\u0173 plok\u0161t\u0117, mink\u0161ta<br \/>\nKorpusas: laminuota bald\u0173 plok\u0161t\u0117, ABS kra\u0161tai<br \/>\nVir\u0161us: laminuota bald\u0173 plok\u0161t\u0117, ABS kra\u0161tas<br \/>\nStal\u010diai: pilno i\u0161traukimo rutuliniai guoliai<br \/>\nKojel\u0117s: plastikin\u0117s slydimo kojel\u0117s<br \/>\nRankenos: metalin\u0117s<\/p>","protected":false},"excerpt":{"rendered":"<p>\u016agis cm: 160,6<br \/>\nPlotis cm: 95,9<br \/>\nGylis cm: 36,3<br \/>\nDur\u0173 skai\u010dius: 2<br \/>\nStiklo elementai: Taip<\/p>","protected":false},"featured_media":235036,"comment_status":"open","ping_status":"open","template":"","meta":[],"product_brand":[],"product_cat":[9344,2970,2006],"product_tag":[],"class_list":{"0":"post-235035","1":"product","2":"type-product","3":"status-publish","4":"has-post-thumbnail","6":"product_cat-furniture-collection-sapori","7":"product_cat-mebelbos","8":"product_cat-vitrines","10":"first","11":"instock","12":"purchasable","13":"product-type-simple"},"_links":{"self":[{"href":"https:\/\/baldumarket.lt\/lt\/wp-json\/wp\/v2\/product\/235035","targetHints":{"allow":["GET"]}}],"collection":[{"href":"https:\/\/baldumarket.lt\/lt\/wp-json\/wp\/v2\/product"}],"about":[{"href":"https:\/\/baldumarket.lt\/lt\/wp-json\/wp\/v2\/types\/product"}],"replies":[{"embeddable":true,"href":"https:\/\/baldumarket.lt\/lt\/wp-json\/wp\/v2\/comments?post=235035"}],"wp:featuredmedia":[{"embeddable":true,"href":"https:\/\/baldumarket.lt\/lt\/wp-json\/wp\/v2\/media\/235036"}],"wp:attachment":[{"href":"https:\/\/baldumarket.lt\/lt\/wp-json\/wp\/v2\/media?parent=235035"}],"wp:term":[{"taxonomy":"product_brand","embeddable":true,"href":"https:\/\/baldumarket.lt\/lt\/wp-json\/wp\/v2\/product_brand?post=235035"},{"taxonomy":"product_cat","embeddable":true,"href":"https:\/\/baldumarket.lt\/lt\/wp-json\/wp\/v2\/product_cat?post=235035"},{"taxonomy":"product_tag","embeddable":true,"href":"https:\/\/baldumarket.lt\/lt\/wp-json\/wp\/v2\/product_tag?post=235035"}],"curies":[{"name":"wp","href":"https:\/\/api.w.org\/{rel}","templated":true}]}}