{"id":235031,"date":"2025-12-29T22:25:32","date_gmt":"2025-12-29T19:25:32","guid":{"rendered":"https:\/\/baldumarket.lt\/product\/sapori-lawa-120-dab-navarra\/"},"modified":"2026-04-07T18:37:05","modified_gmt":"2026-04-07T15:37:05","slug":"sapori-lawa-120-dab-navarra","status":"publish","type":"product","link":"https:\/\/baldumarket.lt\/lt\/product\/sapori-lawa-120-dab-navarra\/","title":{"rendered":"SAPORI suolas 120 Navarra \u0105\u017euolas"},"content":{"rendered":"<p>SAPORI kavos staliukas 120, Navarra \u0105\u017euolas<br \/>\n\u0160is SAPORI kolekcijos kavos staliukas puikiai tiks bet kuriame kambaryje, ypa\u010d svetain\u0117je. Sta\u010diakampio formos kavos staliukas turi apatin\u0119, atvir\u0105 lentyn\u0105, puikiai tinkan\u010di\u0105 \u017eurnalams ir kitiems nieku\u010diams laikyti. \u0160iltas Navaros \u0105\u017euolo atspalvis paver\u010dia SAPORI kavos staliuk\u0105 puikiu bet kokio interjero papildymu, puikiai derindamas baldus i\u0161 \u012fvairi\u0173 kolekcij\u0173.<br \/>\nSpalva: Navaros \u0105\u017euolas<br \/>\nPriekin\u0117s dalys: laminuota bald\u0173 plok\u0161t\u0117, mink\u0161ta<br \/>\nKorpusas: laminuota bald\u0173 plok\u0161t\u0117, ABS kra\u0161tai<br \/>\nVir\u0161us: laminuota bald\u0173 plok\u0161t\u0117, ABS kra\u0161tas<br \/>\nStal\u010diai: rutuliniai guoliai, pilno i\u0161traukimo b\u0117geliai<br \/>\nKojel\u0117s: plastikin\u0117s slydimo kojel\u0117s<br \/>\nRankenos: metalin\u0117s<\/p>","protected":false},"excerpt":{"rendered":"<p>\u016agis cm: 49,8<br \/>\nPlotis cm: 120<br \/>\nGylis cm: 60<\/p>","protected":false},"featured_media":235032,"comment_status":"open","ping_status":"open","template":"","meta":[],"product_brand":[],"product_cat":[9344,866,2970],"product_tag":[],"class_list":{"0":"post-235031","1":"product","2":"type-product","3":"status-publish","4":"has-post-thumbnail","6":"product_cat-furniture-collection-sapori","7":"product_cat-coffee-tables","8":"product_cat-mebelbos","10":"first","11":"instock","12":"purchasable","13":"product-type-simple"},"_links":{"self":[{"href":"https:\/\/baldumarket.lt\/lt\/wp-json\/wp\/v2\/product\/235031","targetHints":{"allow":["GET"]}}],"collection":[{"href":"https:\/\/baldumarket.lt\/lt\/wp-json\/wp\/v2\/product"}],"about":[{"href":"https:\/\/baldumarket.lt\/lt\/wp-json\/wp\/v2\/types\/product"}],"replies":[{"embeddable":true,"href":"https:\/\/baldumarket.lt\/lt\/wp-json\/wp\/v2\/comments?post=235031"}],"wp:featuredmedia":[{"embeddable":true,"href":"https:\/\/baldumarket.lt\/lt\/wp-json\/wp\/v2\/media\/235032"}],"wp:attachment":[{"href":"https:\/\/baldumarket.lt\/lt\/wp-json\/wp\/v2\/media?parent=235031"}],"wp:term":[{"taxonomy":"product_brand","embeddable":true,"href":"https:\/\/baldumarket.lt\/lt\/wp-json\/wp\/v2\/product_brand?post=235031"},{"taxonomy":"product_cat","embeddable":true,"href":"https:\/\/baldumarket.lt\/lt\/wp-json\/wp\/v2\/product_cat?post=235031"},{"taxonomy":"product_tag","embeddable":true,"href":"https:\/\/baldumarket.lt\/lt\/wp-json\/wp\/v2\/product_tag?post=235031"}],"curies":[{"name":"wp","href":"https:\/\/api.w.org\/{rel}","templated":true}]}}