{"id":235027,"date":"2025-12-29T22:25:27","date_gmt":"2025-12-29T19:25:27","guid":{"rendered":"https:\/\/baldumarket.lt\/product\/sapori-loze-140-z-pojemnikiem-dab-navarra\/"},"modified":"2026-04-07T18:37:05","modified_gmt":"2026-04-07T15:37:05","slug":"sapori-loze-140-z-pojemnikiem-dab-navarra","status":"publish","type":"product","link":"https:\/\/baldumarket.lt\/lt\/product\/sapori-loze-140-z-pojemnikiem-dab-navarra\/","title":{"rendered":"SAPORI lova 140 su konteineriu, Navarra \u0105\u017euolas"},"content":{"rendered":"<p>SAPORI 140 cm lova su daiktad\u0117\u017ee, Navarra \u0105\u017euolas<br \/>\nD\u0117l klasikinio dizaino \u0161i SAPORI kolekcijos lova bus puikus pasirinkimas j\u016bs\u0173 miegamajam ar jaunimo kambariui. Ji lengvai papildys bet kok\u012f interjer\u0105 ir u\u017etikrins patog\u0173 mieg\u0105. SAPORI lova yra dviej\u0173 dyd\u017ei\u0173: 140 cm ir 160 cm, tod\u0117l galite pasirinkti t\u0105, kuris geriausiai atitinka j\u016bs\u0173 poreikius ir turim\u0105 erdv\u0119. Svarbiausias SAPORI lovos bruo\u017eas \u2013 daiktad\u0117\u017e\u0117, kurioje lengva palaikyti tvark\u0105 ir organizuotum\u0105. \u0160viesus Navarra \u0105\u017euolo atspalvis daro SAPORI kolekcij\u0105 puikiai tinkan\u010di\u0105 bet kokiam interjerui.<br \/>\nLova parduodama be \u010diu\u017einio.<br \/>\n.<\/p>","protected":false},"excerpt":{"rendered":"<p>\u016agis cm: 81<br \/>\nPlotis cm: 145,1<br \/>\nIlgis cm: 206,2<br \/>\n\u010ciu\u017einys \u012fskai\u010diuotas: Ne<br \/>\nSaugykla: Taip<\/p>","protected":false},"featured_media":235028,"comment_status":"open","ping_status":"open","template":"","meta":[],"product_brand":[],"product_cat":[9344,1970,2970],"product_tag":[],"class_list":{"0":"post-235027","1":"product","2":"type-product","3":"status-publish","4":"has-post-thumbnail","6":"product_cat-furniture-collection-sapori","7":"product_cat-beds-140x200","8":"product_cat-mebelbos","10":"first","11":"instock","12":"purchasable","13":"product-type-simple"},"_links":{"self":[{"href":"https:\/\/baldumarket.lt\/lt\/wp-json\/wp\/v2\/product\/235027","targetHints":{"allow":["GET"]}}],"collection":[{"href":"https:\/\/baldumarket.lt\/lt\/wp-json\/wp\/v2\/product"}],"about":[{"href":"https:\/\/baldumarket.lt\/lt\/wp-json\/wp\/v2\/types\/product"}],"replies":[{"embeddable":true,"href":"https:\/\/baldumarket.lt\/lt\/wp-json\/wp\/v2\/comments?post=235027"}],"wp:featuredmedia":[{"embeddable":true,"href":"https:\/\/baldumarket.lt\/lt\/wp-json\/wp\/v2\/media\/235028"}],"wp:attachment":[{"href":"https:\/\/baldumarket.lt\/lt\/wp-json\/wp\/v2\/media?parent=235027"}],"wp:term":[{"taxonomy":"product_brand","embeddable":true,"href":"https:\/\/baldumarket.lt\/lt\/wp-json\/wp\/v2\/product_brand?post=235027"},{"taxonomy":"product_cat","embeddable":true,"href":"https:\/\/baldumarket.lt\/lt\/wp-json\/wp\/v2\/product_cat?post=235027"},{"taxonomy":"product_tag","embeddable":true,"href":"https:\/\/baldumarket.lt\/lt\/wp-json\/wp\/v2\/product_tag?post=235027"}],"curies":[{"name":"wp","href":"https:\/\/api.w.org\/{rel}","templated":true}]}}