{"id":235009,"date":"2025-12-29T22:25:01","date_gmt":"2025-12-29T19:25:01","guid":{"rendered":"https:\/\/baldumarket.lt\/product\/tapczan-cropp-szary\/"},"modified":"2026-02-11T18:34:59","modified_gmt":"2026-02-11T15:34:59","slug":"tapczan-cropp-szary","status":"publish","type":"product","link":"https:\/\/baldumarket.lt\/lt\/product\/tapczan-cropp-szary\/","title":{"rendered":"CROPP pilka sofa"},"content":{"rendered":"<p>CROPP sofa-lova<br \/>\nAudinys; Utario aksomas 2972 \u200b\u200b\u200b\u200bpilkas<br \/>\n\u0160i sofa-lova su patalyn\u0117s saugykla yra puikus sprendimas ie\u0161kantiems funkcionali\u0173 miegamojo bald\u0173, ypa\u010d jei erdv\u0117 ribota. \u0160io tipo sofa-lova leid\u017eia patogiai laikyti patalyn\u0119, u\u017etiesalus ir kitus daiktus, o tai ypa\u010d naudinga ma\u017euose butuose ar sve\u010di\u0173 kambariuose.<br \/>\nPatalyn\u0117s laikymo vieta yra po dienos lovos s\u0117dyne ir gali b\u016bti lengvai atidaroma, tod\u0117l lengva pasiekti laikomus daiktus.<br \/>\nDienos lovoje yra \u201eBonell\u201c spyruokl\u0117s ir T25 putplastis.<br \/>\n\u0160i sofa-lova su apmu\u0161tu atlo\u0161u ir galv\u016bgaliu yra eleganti\u0161kas ir patogus baldas, suteikiantis charakterio bet kuriam miegamajam. Apmu\u0161tas atlo\u0161as ir galv\u016bgalis suteikia patogi\u0105 atram\u0105 skaitant knyg\u0105 ar \u017ei\u016brint televizori\u0173 lovoje, be to, suteikia kambariui estetinio patrauklumo ir stiliaus. \u0160i sofa-lova yra ne tik prakti\u0161kas miegojimo sprendimas, bet ir atlieka dekoratyvin\u0119 funkcij\u0105, suteikdama miegamajam rafinuotumo.<\/p>","protected":false},"excerpt":{"rendered":"<p>Plotis cm: 94<br \/>\nAuk\u0161tis cm: 90<br \/>\nGylis cm: 205<br \/>\nMiego funkcija: Taip<br \/>\nMiegamasis plotas cm: 90 \u00d7 200<br \/>\nPatalyn\u0117 daiktams laikyti: Taip<br \/>\nU\u017epildas: apmu\u0161al\u0173 putplastis, \u201eBonnell\u201c spyruokl\u0117s<\/p>","protected":false},"featured_media":235010,"comment_status":"open","ping_status":"open","template":"","meta":[],"product_brand":[],"product_cat":[505,2970],"product_tag":[],"class_list":{"0":"post-235009","1":"product","2":"type-product","3":"status-publish","4":"has-post-thumbnail","6":"product_cat-bedroom-beds","7":"product_cat-mebelbos","9":"first","10":"instock","11":"purchasable","12":"product-type-simple"},"_links":{"self":[{"href":"https:\/\/baldumarket.lt\/lt\/wp-json\/wp\/v2\/product\/235009","targetHints":{"allow":["GET"]}}],"collection":[{"href":"https:\/\/baldumarket.lt\/lt\/wp-json\/wp\/v2\/product"}],"about":[{"href":"https:\/\/baldumarket.lt\/lt\/wp-json\/wp\/v2\/types\/product"}],"replies":[{"embeddable":true,"href":"https:\/\/baldumarket.lt\/lt\/wp-json\/wp\/v2\/comments?post=235009"}],"wp:featuredmedia":[{"embeddable":true,"href":"https:\/\/baldumarket.lt\/lt\/wp-json\/wp\/v2\/media\/235010"}],"wp:attachment":[{"href":"https:\/\/baldumarket.lt\/lt\/wp-json\/wp\/v2\/media?parent=235009"}],"wp:term":[{"taxonomy":"product_brand","embeddable":true,"href":"https:\/\/baldumarket.lt\/lt\/wp-json\/wp\/v2\/product_brand?post=235009"},{"taxonomy":"product_cat","embeddable":true,"href":"https:\/\/baldumarket.lt\/lt\/wp-json\/wp\/v2\/product_cat?post=235009"},{"taxonomy":"product_tag","embeddable":true,"href":"https:\/\/baldumarket.lt\/lt\/wp-json\/wp\/v2\/product_tag?post=235009"}],"curies":[{"name":"wp","href":"https:\/\/api.w.org\/{rel}","templated":true}]}}