{"id":235002,"date":"2025-12-29T22:24:51","date_gmt":"2025-12-29T19:24:51","guid":{"rendered":"https:\/\/baldumarket.lt\/product\/tapczan-sun-bez\/"},"modified":"2026-02-11T18:34:59","modified_gmt":"2026-02-11T15:34:59","slug":"tapczan-sun-bez","status":"publish","type":"product","link":"https:\/\/baldumarket.lt\/lt\/product\/tapczan-sun-bez\/","title":{"rendered":"Sm\u0117lin\u0117 sofa \u201eSAUL\u0116\u201c"},"content":{"rendered":"<p>SUN dienos lova<br \/>\nAudinys; \u201eMatrix2\u201c balandis<br \/>\n\u0160i sofa-lova su patalyn\u0117s daiktad\u0117\u017ee yra puikus sprendimas ie\u0161kantiems funkcionali\u0173 miegamojo bald\u0173, ypa\u010d jei erdv\u0117 ribota. \u0160io tipo sofa-lova leid\u017eia patogiai laikyti patalyn\u0119, u\u017etiesalus ir kitus daiktus, o tai ypa\u010d naudinga ma\u017euose butuose ar sve\u010di\u0173 kambariuose.<br \/>\nPatalyn\u0117s daiktad\u0117\u017e\u0117 yra po dienos lovos s\u0117dyne ir gali b\u016bti lengvai atidaroma, tod\u0117l lengva pasiekti laikomus daiktus.<br \/>\nDienos lovoje yra \u201eBonell\u201c spyruokl\u0117s ir T25 putplastis.<\/p>","protected":false},"excerpt":{"rendered":"<p>\u016agis cm: 78<br \/>\nPlotis cm: 203<br \/>\nIlgis cm: 90<br \/>\n\u010ciu\u017einio matmenys cm: 90 x 200<br \/>\nSaugykla: Taip<\/p>","protected":false},"featured_media":235003,"comment_status":"open","ping_status":"open","template":"","meta":[],"product_brand":[],"product_cat":[505,2970],"product_tag":[],"class_list":{"0":"post-235002","1":"product","2":"type-product","3":"status-publish","4":"has-post-thumbnail","6":"product_cat-bedroom-beds","7":"product_cat-mebelbos","9":"first","10":"instock","11":"purchasable","12":"product-type-simple"},"_links":{"self":[{"href":"https:\/\/baldumarket.lt\/lt\/wp-json\/wp\/v2\/product\/235002","targetHints":{"allow":["GET"]}}],"collection":[{"href":"https:\/\/baldumarket.lt\/lt\/wp-json\/wp\/v2\/product"}],"about":[{"href":"https:\/\/baldumarket.lt\/lt\/wp-json\/wp\/v2\/types\/product"}],"replies":[{"embeddable":true,"href":"https:\/\/baldumarket.lt\/lt\/wp-json\/wp\/v2\/comments?post=235002"}],"wp:featuredmedia":[{"embeddable":true,"href":"https:\/\/baldumarket.lt\/lt\/wp-json\/wp\/v2\/media\/235003"}],"wp:attachment":[{"href":"https:\/\/baldumarket.lt\/lt\/wp-json\/wp\/v2\/media?parent=235002"}],"wp:term":[{"taxonomy":"product_brand","embeddable":true,"href":"https:\/\/baldumarket.lt\/lt\/wp-json\/wp\/v2\/product_brand?post=235002"},{"taxonomy":"product_cat","embeddable":true,"href":"https:\/\/baldumarket.lt\/lt\/wp-json\/wp\/v2\/product_cat?post=235002"},{"taxonomy":"product_tag","embeddable":true,"href":"https:\/\/baldumarket.lt\/lt\/wp-json\/wp\/v2\/product_tag?post=235002"}],"curies":[{"name":"wp","href":"https:\/\/api.w.org\/{rel}","templated":true}]}}