{"id":234995,"date":"2025-12-29T22:24:41","date_gmt":"2025-12-29T19:24:41","guid":{"rendered":"https:\/\/baldumarket.lt\/product\/tapczan-sun-szary\/"},"modified":"2026-02-11T18:34:59","modified_gmt":"2026-02-11T15:34:59","slug":"tapczan-sun-szary","status":"publish","type":"product","link":"https:\/\/baldumarket.lt\/lt\/product\/tapczan-sun-szary\/","title":{"rendered":"SUN sofa, pilka"},"content":{"rendered":"<p>SUN dienos lova<br \/>\nAudinys; Matrix17 pilka<br \/>\n\u0160i sofa-lova su patalyn\u0117s daiktad\u0117\u017ee yra puikus sprendimas ie\u0161kantiems funkcionali\u0173 miegamojo bald\u0173, ypa\u010d jei erdv\u0117 ribota. \u0160io tipo sofa-lova leid\u017eia patogiai laikyti patalyn\u0119, u\u017etiesalus ir kitus daiktus, o tai ypa\u010d naudinga ma\u017euose butuose ar sve\u010di\u0173 kambariuose.<br \/>\nPatalyn\u0117s daiktad\u0117\u017e\u0117 yra po dienos lovos s\u0117dyne ir gali b\u016bti lengvai atidaroma, tod\u0117l lengva pasiekti laikomus daiktus.<br \/>\nDienos lovoje yra \u201eBonell\u201c spyruokl\u0117s ir T25 putplastis.<\/p>","protected":false},"excerpt":{"rendered":"<p>Plotis cm: 203<br \/>\n\u016agis cm: 78<br \/>\nGylis cm: 90<br \/>\nMiego funkcija: Taip<br \/>\nMiegamasis plotas cm: 90 \u00d7 200<br \/>\nPatalyn\u0117 daiktams laikyti: Taip<br \/>\nGalvos atramos: standartin\u0117s<\/p>","protected":false},"featured_media":234996,"comment_status":"open","ping_status":"open","template":"","meta":[],"product_brand":[],"product_cat":[505,2970],"product_tag":[],"class_list":{"0":"post-234995","1":"product","2":"type-product","3":"status-publish","4":"has-post-thumbnail","6":"product_cat-bedroom-beds","7":"product_cat-mebelbos","9":"first","10":"instock","11":"purchasable","12":"product-type-simple"},"_links":{"self":[{"href":"https:\/\/baldumarket.lt\/lt\/wp-json\/wp\/v2\/product\/234995","targetHints":{"allow":["GET"]}}],"collection":[{"href":"https:\/\/baldumarket.lt\/lt\/wp-json\/wp\/v2\/product"}],"about":[{"href":"https:\/\/baldumarket.lt\/lt\/wp-json\/wp\/v2\/types\/product"}],"replies":[{"embeddable":true,"href":"https:\/\/baldumarket.lt\/lt\/wp-json\/wp\/v2\/comments?post=234995"}],"wp:featuredmedia":[{"embeddable":true,"href":"https:\/\/baldumarket.lt\/lt\/wp-json\/wp\/v2\/media\/234996"}],"wp:attachment":[{"href":"https:\/\/baldumarket.lt\/lt\/wp-json\/wp\/v2\/media?parent=234995"}],"wp:term":[{"taxonomy":"product_brand","embeddable":true,"href":"https:\/\/baldumarket.lt\/lt\/wp-json\/wp\/v2\/product_brand?post=234995"},{"taxonomy":"product_cat","embeddable":true,"href":"https:\/\/baldumarket.lt\/lt\/wp-json\/wp\/v2\/product_cat?post=234995"},{"taxonomy":"product_tag","embeddable":true,"href":"https:\/\/baldumarket.lt\/lt\/wp-json\/wp\/v2\/product_tag?post=234995"}],"curies":[{"name":"wp","href":"https:\/\/api.w.org\/{rel}","templated":true}]}}