{"id":234990,"date":"2025-12-29T22:24:32","date_gmt":"2025-12-29T19:24:32","guid":{"rendered":"https:\/\/baldumarket.lt\/product\/top-mix-biurko-1d1s-120-bialy\/"},"modified":"2026-04-07T18:37:05","modified_gmt":"2026-04-07T15:37:05","slug":"top-mix-biurko-1d1s-120-bialy","status":"publish","type":"product","link":"https:\/\/baldumarket.lt\/lt\/product\/top-mix-biurko-1d1s-120-bialy\/","title":{"rendered":"TOP MIX ra\u0161omasis stalas, 1 vnt., 120 cm, baltas"},"content":{"rendered":"<p>\u0160is eleganti\u0161kas ir modernus \u2019TOP MIX\u201c kolekcijos ra\u0161omasis stalas derina minimalizm\u0105 ir funkcionalum\u0105. Jo 120 cm plotis puikiai tiks tiek ma\u017euose, tiek vidutinio dyd\u017eio kambariuose. Jis ypa\u010d rekomenduojamas vaik\u0173 ir paaugli\u0173 kambariams. Jis puikiai tinka kaip studij\u0173, darbo ir pramog\u0173 erdv\u0117 studentams.<br \/>\nI\u0160SKIRTINIAI BRUO\u017dAI<br \/>\n\u2013 Minimalistin\u0117s lakuotos rankenos<br \/>\n\u2013 Paprastas dizainas<br \/>\n\u2013 Laminuota apdaila lengvam valymui<\/p>","protected":false},"excerpt":{"rendered":"<p>Kolekcija: TOP MIX<br \/>\nPlotis cm: 120<br \/>\n\u016agis cm: 77<br \/>\nGylis cm: 55<br \/>\nDur\u0173 skai\u010dius: 1<br \/>\nStal\u010di\u0173 skai\u010dius: 1<\/p>","protected":false},"featured_media":234991,"comment_status":"open","ping_status":"open","template":"","meta":[],"product_brand":[],"product_cat":[9345,1312,2970],"product_tag":[],"class_list":{"0":"post-234990","1":"product","2":"type-product","3":"status-publish","4":"has-post-thumbnail","6":"product_cat-furniture-collection-top-mix","7":"product_cat-desks","8":"product_cat-mebelbos","10":"first","11":"instock","12":"purchasable","13":"product-type-simple"},"_links":{"self":[{"href":"https:\/\/baldumarket.lt\/lt\/wp-json\/wp\/v2\/product\/234990","targetHints":{"allow":["GET"]}}],"collection":[{"href":"https:\/\/baldumarket.lt\/lt\/wp-json\/wp\/v2\/product"}],"about":[{"href":"https:\/\/baldumarket.lt\/lt\/wp-json\/wp\/v2\/types\/product"}],"replies":[{"embeddable":true,"href":"https:\/\/baldumarket.lt\/lt\/wp-json\/wp\/v2\/comments?post=234990"}],"wp:featuredmedia":[{"embeddable":true,"href":"https:\/\/baldumarket.lt\/lt\/wp-json\/wp\/v2\/media\/234991"}],"wp:attachment":[{"href":"https:\/\/baldumarket.lt\/lt\/wp-json\/wp\/v2\/media?parent=234990"}],"wp:term":[{"taxonomy":"product_brand","embeddable":true,"href":"https:\/\/baldumarket.lt\/lt\/wp-json\/wp\/v2\/product_brand?post=234990"},{"taxonomy":"product_cat","embeddable":true,"href":"https:\/\/baldumarket.lt\/lt\/wp-json\/wp\/v2\/product_cat?post=234990"},{"taxonomy":"product_tag","embeddable":true,"href":"https:\/\/baldumarket.lt\/lt\/wp-json\/wp\/v2\/product_tag?post=234990"}],"curies":[{"name":"wp","href":"https:\/\/api.w.org\/{rel}","templated":true}]}}