{"id":234985,"date":"2025-12-29T22:24:25","date_gmt":"2025-12-29T19:24:25","guid":{"rendered":"https:\/\/baldumarket.lt\/product\/top-mix-komoda-1d4s-bialy\/"},"modified":"2026-04-07T18:37:05","modified_gmt":"2026-04-07T15:37:05","slug":"top-mix-komoda-1d4s-bialy","status":"publish","type":"product","link":"https:\/\/baldumarket.lt\/lt\/product\/top-mix-komoda-1d4s-bialy\/","title":{"rendered":"TOP MIX komoda, 1 vnt., 4 vnt., balta"},"content":{"rendered":"<p>TOP MIX komoda, 1 stal\u010dius, 4 vnt., balta<br \/>\nKomoda \u2019TOP MIX\u201c turi stal\u010dius ir spintel\u0119. Paprastas dizainas patiks tiems, kurie vertina minimalizm\u0105. Ji si\u016bloma dviej\u0173 spalv\u0173 \u2013 sonoma \u0105\u017euolo ir baltos, su med\u017eio imitacijos stalvir\u0161iu. Ji idealiai tinka ma\u017eoms erdv\u0117ms. Tinka svetain\u0117ms, paaugli\u0173 kambariams ir koridoriams.<br \/>\nI\u0160SKIRTINIAI BRUO\u017dAI<br \/>\n\u2013 Minimalistin\u0117 lakuota rankena<br \/>\n\u2013 Stal\u010diai ir lentynos sujungti \u012f vien\u0105 \u012frengin\u012f<br \/>\n\u2013 Laminuota apdaila lengvam valymui<br \/>\nMED\u017dIAGOS<br \/>\n\u2013 Laminuotos bald\u0173 plok\u0161t\u0117s korpusas<br \/>\n\u2013 Laminuotos bald\u0173 plok\u0161t\u0117s priekis<br \/>\n\u2013 Ritininiai kreiptuvai<br \/>\n\u2013 Plastikin\u0117s kojel\u0117s<br \/>\n\u2013 Sidabrin\u0117 lakuota rankena<\/p>","protected":false},"excerpt":{"rendered":"<p>Kolekcija: TOP MIX<br \/>\nPlotis cm: 80<br \/>\n\u016agis cm: 85<br \/>\nGylis cm: 33<br \/>\nDur\u0173 skai\u010dius: 1<br \/>\nStal\u010di\u0173 skai\u010dius: 4<\/p>","protected":false},"featured_media":234986,"comment_status":"open","ping_status":"open","template":"","meta":[],"product_brand":[],"product_cat":[9345,1173,2970],"product_tag":[],"class_list":{"0":"post-234985","1":"product","2":"type-product","3":"status-publish","4":"has-post-thumbnail","6":"product_cat-furniture-collection-top-mix","7":"product_cat-chests-of-drawers","8":"product_cat-mebelbos","10":"first","11":"instock","12":"purchasable","13":"product-type-simple"},"_links":{"self":[{"href":"https:\/\/baldumarket.lt\/lt\/wp-json\/wp\/v2\/product\/234985","targetHints":{"allow":["GET"]}}],"collection":[{"href":"https:\/\/baldumarket.lt\/lt\/wp-json\/wp\/v2\/product"}],"about":[{"href":"https:\/\/baldumarket.lt\/lt\/wp-json\/wp\/v2\/types\/product"}],"replies":[{"embeddable":true,"href":"https:\/\/baldumarket.lt\/lt\/wp-json\/wp\/v2\/comments?post=234985"}],"wp:featuredmedia":[{"embeddable":true,"href":"https:\/\/baldumarket.lt\/lt\/wp-json\/wp\/v2\/media\/234986"}],"wp:attachment":[{"href":"https:\/\/baldumarket.lt\/lt\/wp-json\/wp\/v2\/media?parent=234985"}],"wp:term":[{"taxonomy":"product_brand","embeddable":true,"href":"https:\/\/baldumarket.lt\/lt\/wp-json\/wp\/v2\/product_brand?post=234985"},{"taxonomy":"product_cat","embeddable":true,"href":"https:\/\/baldumarket.lt\/lt\/wp-json\/wp\/v2\/product_cat?post=234985"},{"taxonomy":"product_tag","embeddable":true,"href":"https:\/\/baldumarket.lt\/lt\/wp-json\/wp\/v2\/product_tag?post=234985"}],"curies":[{"name":"wp","href":"https:\/\/api.w.org\/{rel}","templated":true}]}}