{"id":234980,"date":"2025-12-29T22:24:17","date_gmt":"2025-12-29T19:24:17","guid":{"rendered":"https:\/\/baldumarket.lt\/product\/top-mix-komoda-2d-bialy\/"},"modified":"2026-04-07T18:37:05","modified_gmt":"2026-04-07T15:37:05","slug":"top-mix-komoda-2d-bialy","status":"publish","type":"product","link":"https:\/\/baldumarket.lt\/lt\/product\/top-mix-komoda-2d-bialy\/","title":{"rendered":"TOP MIX 2D komoda, balta"},"content":{"rendered":"<p>TOP MIX 2-D balta komoda su stal\u010diais<br \/>\nKomoda \u2019TOP MIX\u201c turi dvigubas duris. Jos viduje yra dvi lentynos daiktams susid\u0117ti. Paprastas dizainas patiks minimalizmo m\u0117g\u0117jams. Komoda yra dviej\u0173 spalv\u0173 \u2013 \u201eSonoma Oak\u201c ir \u201eWhite\u201c, derinamos su med\u017eio imitacijos stalvir\u0161iu. Ji idealiai tinka ma\u017eoms erdv\u0117ms. Tinka svetain\u0117ms, paaugli\u0173 kambariams ir koridoriams.<br \/>\nI\u0160SKIRTINIAI BRUO\u017dAI<br \/>\n\u2013 Kompakti\u0161kas dizainas<br \/>\n\u2013 Laminuota apdaila lengvam valymui<br \/>\nMED\u017dIAGOS<br \/>\n\u2013 Laminuotos bald\u0173 plok\u0161t\u0117s korpusas<br \/>\n\u2013 Laminuotos bald\u0173 plok\u0161t\u0117s priekis<br \/>\n\u2013 Plastikin\u0117s kojel\u0117s<br \/>\n\u2013 Sidabrin\u0117 lakuota rankena<\/p>","protected":false},"excerpt":{"rendered":"<p>Kolekcija: TOP MIX<br \/>\nPlotis cm: 80<br \/>\n\u016agis cm: 85<br \/>\nGylis cm: 33<br \/>\nDur\u0173 skai\u010dius: 2<\/p>","protected":false},"featured_media":234981,"comment_status":"open","ping_status":"open","template":"","meta":[],"product_brand":[],"product_cat":[9345,1173,2970],"product_tag":[],"class_list":{"0":"post-234980","1":"product","2":"type-product","3":"status-publish","4":"has-post-thumbnail","6":"product_cat-furniture-collection-top-mix","7":"product_cat-chests-of-drawers","8":"product_cat-mebelbos","10":"first","11":"instock","12":"purchasable","13":"product-type-simple"},"_links":{"self":[{"href":"https:\/\/baldumarket.lt\/lt\/wp-json\/wp\/v2\/product\/234980","targetHints":{"allow":["GET"]}}],"collection":[{"href":"https:\/\/baldumarket.lt\/lt\/wp-json\/wp\/v2\/product"}],"about":[{"href":"https:\/\/baldumarket.lt\/lt\/wp-json\/wp\/v2\/types\/product"}],"replies":[{"embeddable":true,"href":"https:\/\/baldumarket.lt\/lt\/wp-json\/wp\/v2\/comments?post=234980"}],"wp:featuredmedia":[{"embeddable":true,"href":"https:\/\/baldumarket.lt\/lt\/wp-json\/wp\/v2\/media\/234981"}],"wp:attachment":[{"href":"https:\/\/baldumarket.lt\/lt\/wp-json\/wp\/v2\/media?parent=234980"}],"wp:term":[{"taxonomy":"product_brand","embeddable":true,"href":"https:\/\/baldumarket.lt\/lt\/wp-json\/wp\/v2\/product_brand?post=234980"},{"taxonomy":"product_cat","embeddable":true,"href":"https:\/\/baldumarket.lt\/lt\/wp-json\/wp\/v2\/product_cat?post=234980"},{"taxonomy":"product_tag","embeddable":true,"href":"https:\/\/baldumarket.lt\/lt\/wp-json\/wp\/v2\/product_tag?post=234980"}],"curies":[{"name":"wp","href":"https:\/\/api.w.org\/{rel}","templated":true}]}}