{"id":234970,"date":"2025-12-29T22:23:58","date_gmt":"2025-12-29T19:23:58","guid":{"rendered":"https:\/\/baldumarket.lt\/product\/top-mix-komoda-2d1s-60-bialy\/"},"modified":"2026-04-08T08:31:08","modified_gmt":"2026-04-08T05:31:08","slug":"top-mix-komoda-2d1s-60-bialy","status":"publish","type":"product","link":"https:\/\/baldumarket.lt\/lt\/product\/top-mix-komoda-2d1s-60-bialy\/","title":{"rendered":"TOP MIX komoda, 2 stal\u010diai, 1 vnt.\/60 cm, balta"},"content":{"rendered":"<p>TOP MIX komoda su 2 stal\u010diais, 1 stal\u010dius, 60 cm, balta<br \/>\nKomoda su dviem stal\u010diais \u2013 tai patikrintas baldas tokiems kambariams kaip svetain\u0117s, koridoriai, miegamieji, persirengimo kambariai, vaik\u0173 ir paaugli\u0173 kambariai ar biurai. Spintel\u0117 turi ilg\u0105 stal\u010di\u0173, kad b\u016bt\u0173 lengviau susitvarkyti smulkius daiktus, o dvigubos durys leid\u017eia lengvai susid\u0117ti stalo \u012frankius, patalyn\u0119 ar drabu\u017eius. Komoda yra dviej\u0173 spalv\u0173 derini\u0173: sonoma \u0105\u017euolo ir baltos, derinamos su med\u017eio imitacijos stalvir\u0161iu, tod\u0117l j\u0105 lengva pritaikyti bet kokiam interjerui.<br \/>\nPATARIMAS: Lentynos pakabinimas vir\u0161 komodos suteikia u\u017ebaigt\u0105 ir esteti\u0161k\u0105 vaizd\u0105, kartu atlaisvindamas erdv\u0119.<br \/>\nI\u0160SKIRTINIAI BRUO\u017dAI<br \/>\n\u2013 Kompakti\u0161kas dizainas<br \/>\n\u2013 Laminuota apdaila lengvam valymui<br \/>\nMED\u017dIAGOS<br \/>\n\u2013 Korpusas pagamintas i\u0161 laminuotos bald\u0173 plok\u0161t\u0117s<br \/>\n\u2013 Priekin\u0117 dalis pagaminta i\u0161 laminuotos bald\u0173 plok\u0161t\u0117s<br \/>\n\u2013 Plastikin\u0117s kojel\u0117s<br \/>\n\u2013 Sidabrin\u0117 lakuota rankena<\/p>","protected":false},"excerpt":{"rendered":"<p>Kolekcija: TOP MIX<br \/>\nPlotis cm: 60<br \/>\n\u016agis cm: 85<br \/>\nGylis cm: 33<br \/>\nDur\u0173 skai\u010dius: 2<br \/>\nStal\u010di\u0173 skai\u010dius: 1<\/p>","protected":false},"featured_media":234971,"comment_status":"open","ping_status":"open","template":"","meta":[],"product_brand":[],"product_cat":[9345,1173,2970],"product_tag":[],"class_list":{"0":"post-234970","1":"product","2":"type-product","3":"status-publish","4":"has-post-thumbnail","6":"product_cat-furniture-collection-top-mix","7":"product_cat-chests-of-drawers","8":"product_cat-mebelbos","10":"first","11":"instock","12":"purchasable","13":"product-type-simple"},"_links":{"self":[{"href":"https:\/\/baldumarket.lt\/lt\/wp-json\/wp\/v2\/product\/234970","targetHints":{"allow":["GET"]}}],"collection":[{"href":"https:\/\/baldumarket.lt\/lt\/wp-json\/wp\/v2\/product"}],"about":[{"href":"https:\/\/baldumarket.lt\/lt\/wp-json\/wp\/v2\/types\/product"}],"replies":[{"embeddable":true,"href":"https:\/\/baldumarket.lt\/lt\/wp-json\/wp\/v2\/comments?post=234970"}],"wp:featuredmedia":[{"embeddable":true,"href":"https:\/\/baldumarket.lt\/lt\/wp-json\/wp\/v2\/media\/234971"}],"wp:attachment":[{"href":"https:\/\/baldumarket.lt\/lt\/wp-json\/wp\/v2\/media?parent=234970"}],"wp:term":[{"taxonomy":"product_brand","embeddable":true,"href":"https:\/\/baldumarket.lt\/lt\/wp-json\/wp\/v2\/product_brand?post=234970"},{"taxonomy":"product_cat","embeddable":true,"href":"https:\/\/baldumarket.lt\/lt\/wp-json\/wp\/v2\/product_cat?post=234970"},{"taxonomy":"product_tag","embeddable":true,"href":"https:\/\/baldumarket.lt\/lt\/wp-json\/wp\/v2\/product_tag?post=234970"}],"curies":[{"name":"wp","href":"https:\/\/api.w.org\/{rel}","templated":true}]}}