{"id":234965,"date":"2025-12-29T22:23:50","date_gmt":"2025-12-29T19:23:50","guid":{"rendered":"https:\/\/baldumarket.lt\/product\/top-mix-komoda-2d5s-bialy\/"},"modified":"2026-04-08T08:31:08","modified_gmt":"2026-04-08T05:31:08","slug":"top-mix-komoda-2d5s-bialy","status":"publish","type":"product","link":"https:\/\/baldumarket.lt\/lt\/product\/top-mix-komoda-2d5s-bialy\/","title":{"rendered":"TOP MIX komoda, 2 stal\u010diai, 5 vnt., balta"},"content":{"rendered":"<p>TOP MIX komoda, 2 stal\u010diai, 5 vnt., balta<br \/>\nKomoda \u201eTOP MIX\u201c turi stal\u010dius ir tradicines lentynas. Paprasto dizaino ji patiks minimalizmo m\u0117g\u0117jams. Galima rinktis i\u0161 dviej\u0173 spalv\u0173 \u2013 sonoma \u0105\u017euolo arba baltos su med\u017eio imitacijos stalvir\u0161iu. Ji pirmiausia skirta svetainei, prie\u0161kambariui arba miegamajam. Ta\u010diau ji taip pat puikiai tiks r\u016bbin\u0117je ar paauglio kambaryje.<br \/>\nPRODUKTO SAVYB\u0116S<br \/>\n\u2013 Spalv\u0173 pasirinkimas<br \/>\n\u2013 Subtilios, paprastos ir modernios ranken\u0117l\u0117s<br \/>\n\u2013 Iki 5 erdvi\u0173 stal\u010di\u0173<br \/>\nMED\u017dIAGOS<br \/>\n\u2013 Laminuotos bald\u0173 plok\u0161t\u0117s korpusas<br \/>\n\u2013 Laminuotos bald\u0173 plok\u0161t\u0117s fasadai<br \/>\n\u2013 Ritininiai kreiptuvai<br \/>\n\u2013 Plastikin\u0117s kojel\u0117s<br \/>\n\u2013 Sidabriniu laku dengta rankena<\/p>","protected":false},"excerpt":{"rendered":"<p>Kolekcija: TOP MIX<br \/>\nPlotis cm: 120<br \/>\n\u016agis cm: 85<br \/>\nGylis cm: 33<br \/>\nDur\u0173 skai\u010dius: 2<br \/>\nStal\u010di\u0173 skai\u010dius: 5<\/p>","protected":false},"featured_media":234966,"comment_status":"open","ping_status":"open","template":"","meta":[],"product_brand":[],"product_cat":[9345,1173,2970],"product_tag":[],"class_list":{"0":"post-234965","1":"product","2":"type-product","3":"status-publish","4":"has-post-thumbnail","6":"product_cat-furniture-collection-top-mix","7":"product_cat-chests-of-drawers","8":"product_cat-mebelbos","10":"first","11":"instock","12":"purchasable","13":"product-type-simple"},"_links":{"self":[{"href":"https:\/\/baldumarket.lt\/lt\/wp-json\/wp\/v2\/product\/234965","targetHints":{"allow":["GET"]}}],"collection":[{"href":"https:\/\/baldumarket.lt\/lt\/wp-json\/wp\/v2\/product"}],"about":[{"href":"https:\/\/baldumarket.lt\/lt\/wp-json\/wp\/v2\/types\/product"}],"replies":[{"embeddable":true,"href":"https:\/\/baldumarket.lt\/lt\/wp-json\/wp\/v2\/comments?post=234965"}],"wp:featuredmedia":[{"embeddable":true,"href":"https:\/\/baldumarket.lt\/lt\/wp-json\/wp\/v2\/media\/234966"}],"wp:attachment":[{"href":"https:\/\/baldumarket.lt\/lt\/wp-json\/wp\/v2\/media?parent=234965"}],"wp:term":[{"taxonomy":"product_brand","embeddable":true,"href":"https:\/\/baldumarket.lt\/lt\/wp-json\/wp\/v2\/product_brand?post=234965"},{"taxonomy":"product_cat","embeddable":true,"href":"https:\/\/baldumarket.lt\/lt\/wp-json\/wp\/v2\/product_cat?post=234965"},{"taxonomy":"product_tag","embeddable":true,"href":"https:\/\/baldumarket.lt\/lt\/wp-json\/wp\/v2\/product_tag?post=234965"}],"curies":[{"name":"wp","href":"https:\/\/api.w.org\/{rel}","templated":true}]}}