{"id":234960,"date":"2025-12-29T22:23:42","date_gmt":"2025-12-29T19:23:42","guid":{"rendered":"https:\/\/baldumarket.lt\/product\/top-mix-komoda-3d2s-bialy\/"},"modified":"2026-04-08T08:31:08","modified_gmt":"2026-04-08T05:31:08","slug":"top-mix-komoda-3d2s-bialy","status":"publish","type":"product","link":"https:\/\/baldumarket.lt\/lt\/product\/top-mix-komoda-3d2s-bialy\/","title":{"rendered":"TOP MIX komoda, 3 stal\u010diai, balta"},"content":{"rendered":"<p>TOP MIX 3D2S komoda su stal\u010diais, balta<br \/>\nKomoda \u2019TOP MIX\u201c turi du stal\u010dius ir tradicines lentynas. Paprastas dizainas patiks minimalizmo ir modernaus interjero m\u0117g\u0117jams. Galima rinktis i\u0161 dviej\u0173 spalv\u0173 \u2013 sonoma \u0105\u017euolo ir baltos, su med\u017eio imitacijos stalvir\u0161iu. Ji idealiai tinka svetain\u0117ms, koridoriams, paaugli\u0173 kambariams ar miegamiesiems.<br \/>\nI\u0160SKIRTINIAI BRUO\u017dAI<br \/>\n\u2013 K\u0117bulo spalv\u0173 pasirinkimas<br \/>\n\u2013 Subtilios, paprastos ir modernios ranken\u0117l\u0117s<br \/>\n\u2013 Stal\u010di\u0173 ir lentyn\u0173 derinys viename bloke<br \/>\n\u2013 Laminuota apdaila lengvam valymui<br \/>\nMED\u017dIAGOS<br \/>\n\u2013 Laminuotos bald\u0173 plok\u0161t\u0117s korpusas<br \/>\n\u2013 Laminuotos bald\u0173 plok\u0161t\u0117s priekis<br \/>\n\u2013 Ritininiai kreiptuvai<br \/>\n\u2013 Plastikin\u0117s kojel\u0117s<br \/>\n\u2013 Sidabriniu laku dengta rankena<\/p>","protected":false},"excerpt":{"rendered":"<p>Kolekcija: TOP MIX<br \/>\nPlotis cm: 120<br \/>\n\u016agis cm: 85<br \/>\nGylis cm: 33<br \/>\nDur\u0173 skai\u010dius: 3<br \/>\nStal\u010di\u0173 skai\u010dius: 2<\/p>","protected":false},"featured_media":234961,"comment_status":"open","ping_status":"open","template":"","meta":[],"product_brand":[],"product_cat":[9345,1173,2970],"product_tag":[],"class_list":{"0":"post-234960","1":"product","2":"type-product","3":"status-publish","4":"has-post-thumbnail","6":"product_cat-furniture-collection-top-mix","7":"product_cat-chests-of-drawers","8":"product_cat-mebelbos","10":"first","11":"instock","12":"purchasable","13":"product-type-simple"},"_links":{"self":[{"href":"https:\/\/baldumarket.lt\/lt\/wp-json\/wp\/v2\/product\/234960","targetHints":{"allow":["GET"]}}],"collection":[{"href":"https:\/\/baldumarket.lt\/lt\/wp-json\/wp\/v2\/product"}],"about":[{"href":"https:\/\/baldumarket.lt\/lt\/wp-json\/wp\/v2\/types\/product"}],"replies":[{"embeddable":true,"href":"https:\/\/baldumarket.lt\/lt\/wp-json\/wp\/v2\/comments?post=234960"}],"wp:featuredmedia":[{"embeddable":true,"href":"https:\/\/baldumarket.lt\/lt\/wp-json\/wp\/v2\/media\/234961"}],"wp:attachment":[{"href":"https:\/\/baldumarket.lt\/lt\/wp-json\/wp\/v2\/media?parent=234960"}],"wp:term":[{"taxonomy":"product_brand","embeddable":true,"href":"https:\/\/baldumarket.lt\/lt\/wp-json\/wp\/v2\/product_brand?post=234960"},{"taxonomy":"product_cat","embeddable":true,"href":"https:\/\/baldumarket.lt\/lt\/wp-json\/wp\/v2\/product_cat?post=234960"},{"taxonomy":"product_tag","embeddable":true,"href":"https:\/\/baldumarket.lt\/lt\/wp-json\/wp\/v2\/product_tag?post=234960"}],"curies":[{"name":"wp","href":"https:\/\/api.w.org\/{rel}","templated":true}]}}