{"id":234956,"date":"2025-12-29T22:23:35","date_gmt":"2025-12-29T19:23:35","guid":{"rendered":"https:\/\/baldumarket.lt\/product\/top-mix-regal-2d1s-bialy\/"},"modified":"2026-04-08T08:31:08","modified_gmt":"2026-04-08T05:31:08","slug":"top-mix-regal-2d1s-bialy","status":"publish","type":"product","link":"https:\/\/baldumarket.lt\/lt\/product\/top-mix-regal-2d1s-bialy\/","title":{"rendered":"TOP MIX 2d1s balta lentel\u0117"},"content":{"rendered":"<p>TOP MIX dviej\u0173 dur\u0173 balta lentyn\u0173 sistema<br \/>\nDaugiafunkcin\u0117 lentyn\u0173 sistema TOP MIX pasi\u017eymi u\u017edaromis lentynomis ir stal\u010diumi. Tod\u0117l ji puikiai tinka svetainei, vaik\u0173 ar paaugli\u0173 kambariui ar net prie\u0161kambariui. \u0160i lentyn\u0173 sistema gali b\u016bti pastatyta atskirai arba b\u016bti bald\u0173 komplekto dalimi.<br \/>\nPRODUKTO SAVYB\u0116S<br \/>\n\u2013 paprastas dizainas<br \/>\n\u2013 du spalv\u0173 variantai<br \/>\n\u2013 neutralios ir subtilios rankenos<br \/>\nMED\u017dIAGOS<br \/>\n\u2013 korpusas pagamintas i\u0161 laminuotos bald\u0173 plok\u0161t\u0117s<br \/>\n\u2013 Priekin\u0117 dalis pagaminta i\u0161 laminuotos bald\u0173 plok\u0161t\u0117s<br \/>\n\u2013 ritininiai kreiptuvai<br \/>\n\u2013 sidabru lakuotos rankenos<\/p>","protected":false},"excerpt":{"rendered":"<p>Kolekcija: TOP MIX<br \/>\nPlotis cm: 40<br \/>\n\u016agis cm: 183<br \/>\nGylis cm: 33<br \/>\nDur\u0173 skai\u010dius: 2<br \/>\nStal\u010di\u0173 skai\u010dius: 1<\/p>","protected":false},"featured_media":234957,"comment_status":"open","ping_status":"open","template":"","meta":[],"product_brand":[],"product_cat":[9345,9120,2970],"product_tag":[],"class_list":{"0":"post-234956","1":"product","2":"type-product","3":"status-publish","4":"has-post-thumbnail","6":"product_cat-furniture-collection-top-mix","7":"product_cat-cabinets","8":"product_cat-mebelbos","10":"first","11":"instock","12":"purchasable","13":"product-type-simple"},"_links":{"self":[{"href":"https:\/\/baldumarket.lt\/lt\/wp-json\/wp\/v2\/product\/234956","targetHints":{"allow":["GET"]}}],"collection":[{"href":"https:\/\/baldumarket.lt\/lt\/wp-json\/wp\/v2\/product"}],"about":[{"href":"https:\/\/baldumarket.lt\/lt\/wp-json\/wp\/v2\/types\/product"}],"replies":[{"embeddable":true,"href":"https:\/\/baldumarket.lt\/lt\/wp-json\/wp\/v2\/comments?post=234956"}],"wp:featuredmedia":[{"embeddable":true,"href":"https:\/\/baldumarket.lt\/lt\/wp-json\/wp\/v2\/media\/234957"}],"wp:attachment":[{"href":"https:\/\/baldumarket.lt\/lt\/wp-json\/wp\/v2\/media?parent=234956"}],"wp:term":[{"taxonomy":"product_brand","embeddable":true,"href":"https:\/\/baldumarket.lt\/lt\/wp-json\/wp\/v2\/product_brand?post=234956"},{"taxonomy":"product_cat","embeddable":true,"href":"https:\/\/baldumarket.lt\/lt\/wp-json\/wp\/v2\/product_cat?post=234956"},{"taxonomy":"product_tag","embeddable":true,"href":"https:\/\/baldumarket.lt\/lt\/wp-json\/wp\/v2\/product_tag?post=234956"}],"curies":[{"name":"wp","href":"https:\/\/api.w.org\/{rel}","templated":true}]}}