{"id":234943,"date":"2025-12-29T22:23:16","date_gmt":"2025-12-29T19:23:16","guid":{"rendered":"https:\/\/baldumarket.lt\/product\/top-mix-szafa-2d1s-bialy\/"},"modified":"2026-04-08T08:31:08","modified_gmt":"2026-04-08T05:31:08","slug":"top-mix-szafa-2d1s-bialy","status":"publish","type":"product","link":"https:\/\/baldumarket.lt\/lt\/product\/top-mix-szafa-2d1s-bialy\/","title":{"rendered":"TOP MIX spintos, 2 vnt., balta"},"content":{"rendered":"<p>TOP MIX 2 DIN spinta, balta<br \/>\nEleganti\u0161ka, tradicin\u0117 TOP MIX spinta \u2013 puiki vieta drabu\u017eiams laikyti. Be tradicin\u0117s pakabinimo vietos, ji taip pat turi i\u0161traukiam\u0105 stal\u010di\u0173, kuris padidina jos funkcionalum\u0105. Paprasta forma ir minimalistinis dizainas sukuria bald\u0105, kuris gali papildyti bet kur\u012f miegam\u0105j\u012f, jaunimo kambar\u012f ar persirengimo kambar\u012f.<br \/>\nPRODUKTO SAVYB\u0116S<br \/>\n\u2013 paprastas dizainas<br \/>\n\u2013 patvarumas<br \/>\n\u2013 erdvus<br \/>\nMED\u017dIAGOS<br \/>\n\u2013 korpusas pagamintas i\u0161 laminuotos bald\u0173 plok\u0161t\u0117s<br \/>\n\u2013 Priekin\u0117 dalis pagaminta i\u0161 laminuotos bald\u0173 plok\u0161t\u0117s<br \/>\n\u2013 lentynos i\u0161 laminuotos bald\u0173 plok\u0161t\u0117s<br \/>\n\u2013 ritininiai kreiptuvai<\/p>","protected":false},"excerpt":{"rendered":"<p>Kolekcija: TOP MIX<br \/>\nPlotis cm: 80<br \/>\n\u016agis cm: 183<br \/>\nGylis cm: 57<br \/>\nDur\u0173 tipas: Varstomos (atidaromos)<br \/>\nDur\u0173 skai\u010dius: 2<\/p>","protected":false},"featured_media":234944,"comment_status":"open","ping_status":"open","template":"","meta":[],"product_brand":[],"product_cat":[9345,2970,1177],"product_tag":[],"class_list":{"0":"post-234943","1":"product","2":"type-product","3":"status-publish","4":"has-post-thumbnail","6":"product_cat-furniture-collection-top-mix","7":"product_cat-mebelbos","8":"product_cat-wardrobes","10":"first","11":"instock","12":"purchasable","13":"product-type-simple"},"_links":{"self":[{"href":"https:\/\/baldumarket.lt\/lt\/wp-json\/wp\/v2\/product\/234943","targetHints":{"allow":["GET"]}}],"collection":[{"href":"https:\/\/baldumarket.lt\/lt\/wp-json\/wp\/v2\/product"}],"about":[{"href":"https:\/\/baldumarket.lt\/lt\/wp-json\/wp\/v2\/types\/product"}],"replies":[{"embeddable":true,"href":"https:\/\/baldumarket.lt\/lt\/wp-json\/wp\/v2\/comments?post=234943"}],"wp:featuredmedia":[{"embeddable":true,"href":"https:\/\/baldumarket.lt\/lt\/wp-json\/wp\/v2\/media\/234944"}],"wp:attachment":[{"href":"https:\/\/baldumarket.lt\/lt\/wp-json\/wp\/v2\/media?parent=234943"}],"wp:term":[{"taxonomy":"product_brand","embeddable":true,"href":"https:\/\/baldumarket.lt\/lt\/wp-json\/wp\/v2\/product_brand?post=234943"},{"taxonomy":"product_cat","embeddable":true,"href":"https:\/\/baldumarket.lt\/lt\/wp-json\/wp\/v2\/product_cat?post=234943"},{"taxonomy":"product_tag","embeddable":true,"href":"https:\/\/baldumarket.lt\/lt\/wp-json\/wp\/v2\/product_tag?post=234943"}],"curies":[{"name":"wp","href":"https:\/\/api.w.org\/{rel}","templated":true}]}}