{"id":234938,"date":"2025-12-29T22:23:09","date_gmt":"2025-12-29T19:23:09","guid":{"rendered":"https:\/\/baldumarket.lt\/product\/top-mix-szafa-z-lustrem-2d1s-60-bialy\/"},"modified":"2026-04-08T08:31:08","modified_gmt":"2026-04-08T05:31:08","slug":"top-mix-szafa-z-lustrem-2d1s-60-bialy","status":"publish","type":"product","link":"https:\/\/baldumarket.lt\/lt\/product\/top-mix-szafa-z-lustrem-2d1s-60-bialy\/","title":{"rendered":"TOP MIX spinta su veidrod\u017eiu, 2 vnt.\/60 cm, balta"},"content":{"rendered":"<p>TOP MIX Spinta su veidrod\u017eiu, 2 dur\u0173, 1 auk\u0161to, 60 cm, balta<br \/>\nErdvi spinta b\u016btina kiekviename miegamajame, paauglio kambaryje, vaik\u0173 kambaryje, persirengimo kambaryje ir prie\u0161kambaryje. \u0160i \u201eTOP MIX\u201c kolekcijos spinta si\u016blo daug vietos drabu\u017eiams pakabinti, veidrod\u012f ir ilg\u0105, erdv\u0173 stal\u010di\u0173. Kaip ir kiti \u201eTOP MIX\u201c kolekcijos baldai, \u0161is baldas taip pat yra dviej\u0173 spalv\u0173 derini\u0173: sonoma \u0105\u017euolo ir baltos, derinamos su med\u017eio imitacijos stalvir\u0161iu. \u0160is pasirinkimas supaprastins bet kok\u012f interjero dizain\u0105.<br \/>\nI\u0160SKIRTINIAI BRUO\u017dAI<br \/>\n\u2013 Subtilios, paprastos ir modernios ranken\u0117l\u0117s<br \/>\nMED\u017dIAGOS<br \/>\n\u2013 Korpusas pagamintas i\u0161 laminuotos bald\u0173 plok\u0161t\u0117s<br \/>\n\u2013 Priekin\u0117s dalys pagamintos i\u0161 laminuotos bald\u0173 plok\u0161t\u0117s<br \/>\n\u2013 Ritininiai kreiptuvai<br \/>\n\u2013 Kojel\u0117s pagamintos i\u0161 plastiko<br \/>\n\u2013 Sidabriniu laku dengta rankena<br \/>\nSpintos vidus: i\u0161traukiama pakaba<\/p>","protected":false},"excerpt":{"rendered":"<p>Kolekcija: TOP MIX<br \/>\nPlotis cm: 60<br \/>\n\u016agis cm: 183<br \/>\nGylis cm: 33<br \/>\nDur\u0173 tipas: Varstomos (atidaromos)<br \/>\nDur\u0173 skai\u010dius: 2<\/p>","protected":false},"featured_media":234939,"comment_status":"open","ping_status":"open","template":"","meta":[],"product_brand":[],"product_cat":[9345,2970,1177],"product_tag":[],"class_list":{"0":"post-234938","1":"product","2":"type-product","3":"status-publish","4":"has-post-thumbnail","6":"product_cat-furniture-collection-top-mix","7":"product_cat-mebelbos","8":"product_cat-wardrobes","10":"first","11":"instock","12":"purchasable","13":"product-type-simple"},"_links":{"self":[{"href":"https:\/\/baldumarket.lt\/lt\/wp-json\/wp\/v2\/product\/234938","targetHints":{"allow":["GET"]}}],"collection":[{"href":"https:\/\/baldumarket.lt\/lt\/wp-json\/wp\/v2\/product"}],"about":[{"href":"https:\/\/baldumarket.lt\/lt\/wp-json\/wp\/v2\/types\/product"}],"replies":[{"embeddable":true,"href":"https:\/\/baldumarket.lt\/lt\/wp-json\/wp\/v2\/comments?post=234938"}],"wp:featuredmedia":[{"embeddable":true,"href":"https:\/\/baldumarket.lt\/lt\/wp-json\/wp\/v2\/media\/234939"}],"wp:attachment":[{"href":"https:\/\/baldumarket.lt\/lt\/wp-json\/wp\/v2\/media?parent=234938"}],"wp:term":[{"taxonomy":"product_brand","embeddable":true,"href":"https:\/\/baldumarket.lt\/lt\/wp-json\/wp\/v2\/product_brand?post=234938"},{"taxonomy":"product_cat","embeddable":true,"href":"https:\/\/baldumarket.lt\/lt\/wp-json\/wp\/v2\/product_cat?post=234938"},{"taxonomy":"product_tag","embeddable":true,"href":"https:\/\/baldumarket.lt\/lt\/wp-json\/wp\/v2\/product_tag?post=234938"}],"curies":[{"name":"wp","href":"https:\/\/api.w.org\/{rel}","templated":true}]}}