{"id":234933,"date":"2025-12-29T22:23:00","date_gmt":"2025-12-29T19:23:00","guid":{"rendered":"https:\/\/baldumarket.lt\/product\/top-mix-szafka-na-buty-2k-bialy\/"},"modified":"2026-04-08T08:30:58","modified_gmt":"2026-04-08T05:30:58","slug":"top-mix-szafka-na-buty-2k-bialy","status":"publish","type":"product","link":"https:\/\/baldumarket.lt\/lt\/product\/top-mix-szafka-na-buty-2k-bialy\/","title":{"rendered":"TOP MIX bat\u0173 spintel\u0117 2k balta"},"content":{"rendered":"<p>TOP MIX bat\u0173 spintel\u0117, 2K balta<br \/>\n\u0160i bat\u0173 spintel\u0117 puikiai tinka koridoriui, nes padeda palaikyti tvark\u0105 ir tvark\u0105. Ji u\u017etikrina, kad kiekviena bat\u0173 pora tur\u0117t\u0173 savo viet\u0105 ir b\u016bt\u0173 laikoma tinkamomis s\u0105lygomis. Funkcionalumas yra svarbiausia renkantis bat\u0173 spintel\u0119 TOP MIX. Kartu su paprastu ir moderniu dizainu galite sukurti mading\u0105 prie\u0161kambario i\u0161d\u0117stym\u0105.<br \/>\nI\u0160SKIRTINIAI BRUO\u017dAI<br \/>\n\u2013 erdvus<br \/>\n\u2013 patvarumas<br \/>\n\u2013 paprastas dizainas<br \/>\nMED\u017dIAGOS<br \/>\n\u2013 korpusas pagamintas i\u0161 laminuotos bald\u0173 plok\u0161t\u0117s<br \/>\n\u2013 fasadai pagaminti i\u0161 laminuotos bald\u0173 plok\u0161t\u0117s<br \/>\n\u2013 kojos pagamintos i\u0161 plastiko<\/p>","protected":false},"excerpt":{"rendered":"<p>\u016agis cm: 85<br \/>\nPlotis cm: 80<br \/>\nGylis cm: 27<\/p>","protected":false},"featured_media":234934,"comment_status":"open","ping_status":"open","template":"","meta":[],"product_brand":[],"product_cat":[9345,2970,1997],"product_tag":[],"class_list":{"0":"post-234933","1":"product","2":"type-product","3":"status-publish","4":"has-post-thumbnail","6":"product_cat-furniture-collection-top-mix","7":"product_cat-mebelbos","8":"product_cat-shoe-cabinets","10":"first","11":"instock","12":"purchasable","13":"product-type-simple"},"_links":{"self":[{"href":"https:\/\/baldumarket.lt\/lt\/wp-json\/wp\/v2\/product\/234933","targetHints":{"allow":["GET"]}}],"collection":[{"href":"https:\/\/baldumarket.lt\/lt\/wp-json\/wp\/v2\/product"}],"about":[{"href":"https:\/\/baldumarket.lt\/lt\/wp-json\/wp\/v2\/types\/product"}],"replies":[{"embeddable":true,"href":"https:\/\/baldumarket.lt\/lt\/wp-json\/wp\/v2\/comments?post=234933"}],"wp:featuredmedia":[{"embeddable":true,"href":"https:\/\/baldumarket.lt\/lt\/wp-json\/wp\/v2\/media\/234934"}],"wp:attachment":[{"href":"https:\/\/baldumarket.lt\/lt\/wp-json\/wp\/v2\/media?parent=234933"}],"wp:term":[{"taxonomy":"product_brand","embeddable":true,"href":"https:\/\/baldumarket.lt\/lt\/wp-json\/wp\/v2\/product_brand?post=234933"},{"taxonomy":"product_cat","embeddable":true,"href":"https:\/\/baldumarket.lt\/lt\/wp-json\/wp\/v2\/product_cat?post=234933"},{"taxonomy":"product_tag","embeddable":true,"href":"https:\/\/baldumarket.lt\/lt\/wp-json\/wp\/v2\/product_tag?post=234933"}],"curies":[{"name":"wp","href":"https:\/\/api.w.org\/{rel}","templated":true}]}}