{"id":234929,"date":"2025-12-29T22:22:55","date_gmt":"2025-12-29T19:22:55","guid":{"rendered":"https:\/\/baldumarket.lt\/product\/top-mix-szafka-na-buty-3k-bialy\/"},"modified":"2026-04-08T08:30:58","modified_gmt":"2026-04-08T05:30:58","slug":"top-mix-szafka-na-buty-3k-bialy","status":"publish","type":"product","link":"https:\/\/baldumarket.lt\/lt\/product\/top-mix-szafka-na-buty-3k-bialy\/","title":{"rendered":"TOP MIX bat\u0173 spintel\u0117, 3k, balta"},"content":{"rendered":"<p>TOP MIX bat\u0173 spintel\u0117, 3K balta<br \/>\nBat\u0173 spintel\u0117 puikiai tinka bet kuriam prie\u0161kambariui, padedanti palaikyti tvark\u0105 ir tvark\u0105 kambaryje. Tai ypa\u010d aktualu d\u0117l trij\u0173 lentyn\u0173. \u0160i spintel\u0117 u\u017etikrina, kad kiekviena bat\u0173 pora ras savo viet\u0105 ir bus laikoma tinkamomis s\u0105lygomis. Funkcionalumas yra svarbiausias bat\u0173 spintelei \u201eTOP MIX\u201c. Kiekviena moteris tikrai bus patenkinta jos erdve. Paprastas ir modernus dizainas leid\u017eia bet kur\u012f prie\u0161kambar\u012f apipavidalinti madingu ir nesenstan\u010diu stiliumi.<br \/>\nI\u0160SKIRTINIAI BRUO\u017dAI<br \/>\n\u2013 trys erdvios lentynos<br \/>\n\u2013 patvarumas<br \/>\n\u2013 paprastas dizainas<br \/>\nMED\u017dIAGOS<br \/>\n\u2013 korpusas pagamintas i\u0161 laminuotos bald\u0173 plok\u0161t\u0117s<br \/>\n\u2013 fasadai pagaminti i\u0161 laminuotos bald\u0173 plok\u0161t\u0117s<br \/>\n\u2013 kojos pagamintos i\u0161 plastiko<\/p>","protected":false},"excerpt":{"rendered":"<p>\u016agis cm: 121<br \/>\nPlotis cm: 80<br \/>\nGylis cm: 27<\/p>","protected":false},"featured_media":234930,"comment_status":"open","ping_status":"open","template":"","meta":[],"product_brand":[],"product_cat":[9345,2970,1997],"product_tag":[],"class_list":{"0":"post-234929","1":"product","2":"type-product","3":"status-publish","4":"has-post-thumbnail","6":"product_cat-furniture-collection-top-mix","7":"product_cat-mebelbos","8":"product_cat-shoe-cabinets","10":"first","11":"instock","12":"purchasable","13":"product-type-simple"},"_links":{"self":[{"href":"https:\/\/baldumarket.lt\/lt\/wp-json\/wp\/v2\/product\/234929","targetHints":{"allow":["GET"]}}],"collection":[{"href":"https:\/\/baldumarket.lt\/lt\/wp-json\/wp\/v2\/product"}],"about":[{"href":"https:\/\/baldumarket.lt\/lt\/wp-json\/wp\/v2\/types\/product"}],"replies":[{"embeddable":true,"href":"https:\/\/baldumarket.lt\/lt\/wp-json\/wp\/v2\/comments?post=234929"}],"wp:featuredmedia":[{"embeddable":true,"href":"https:\/\/baldumarket.lt\/lt\/wp-json\/wp\/v2\/media\/234930"}],"wp:attachment":[{"href":"https:\/\/baldumarket.lt\/lt\/wp-json\/wp\/v2\/media?parent=234929"}],"wp:term":[{"taxonomy":"product_brand","embeddable":true,"href":"https:\/\/baldumarket.lt\/lt\/wp-json\/wp\/v2\/product_brand?post=234929"},{"taxonomy":"product_cat","embeddable":true,"href":"https:\/\/baldumarket.lt\/lt\/wp-json\/wp\/v2\/product_cat?post=234929"},{"taxonomy":"product_tag","embeddable":true,"href":"https:\/\/baldumarket.lt\/lt\/wp-json\/wp\/v2\/product_tag?post=234929"}],"curies":[{"name":"wp","href":"https:\/\/api.w.org\/{rel}","templated":true}]}}