{"id":234923,"date":"2025-12-29T22:22:45","date_gmt":"2025-12-29T19:22:45","guid":{"rendered":"https:\/\/baldumarket.lt\/product\/top-mix-szafka-rtv-2d-bialy\/"},"modified":"2026-04-08T08:30:58","modified_gmt":"2026-04-08T05:30:58","slug":"top-mix-szafka-rtv-2d-bialy","status":"publish","type":"product","link":"https:\/\/baldumarket.lt\/lt\/product\/top-mix-szafka-rtv-2d-bialy\/","title":{"rendered":"TOP MIX 2D TV spintel\u0117, balta"},"content":{"rendered":"<p>TOP MIX 2-D balta televizoriaus spintel\u0117. \u0160i televizoriaus spintel\u0117 i\u0161 TOP MIX kolekcijos bet kuri\u0105 svetain\u0119 pavers dar funkcionalesne. Taip yra d\u0117l didelio, patvaraus stalvir\u0161io, atvir\u0173 lentyn\u0173 ir dureli\u0173. Tai leid\u017eia joje sutalpinti svarbiausi\u0105 televizijos \u012frang\u0105 ir kitus smulkius daiktus. Spintel\u0117 yra dviej\u0173 spalv\u0173: Sonoma \u0105\u017euolo ir baltos, derinamos su med\u017eio imitacijos stalvir\u0161iu. PRODUKTO SAVYB\u0116S: \u2013 Patvarus stalvir\u0161is \u2013 Galima naudoti tiek atviras, tiek u\u017edaras lentynas. MED\u017dIAGOS: \u2013 Laminuotos plok\u0161t\u0117s korpusas \u2013 Laminuotos plok\u0161t\u0117s priekiai \u2013 Sidabrin\u0117s plastikin\u0117s rankenos.<\/p>","protected":false},"excerpt":{"rendered":"<p>TOP MIX 2-D balta televizoriaus spintel\u0117. \u0160i televizoriaus spintel\u0117 i\u0161 TOP MIX kolekcijos padarys bet kuri\u0105 svetain\u0119 dar funkcionalesn\u0119. Taip yra d\u0117l didelio, patvaraus stalvir\u0161io, atvir\u0173 lentyn\u0173 ir dureli\u0173. Tai leid\u017eia joje sutalpinti b\u016btiniausi\u0105 televizoriaus \u012frang\u0105 ir kitus smulkius daiktus. Spintel\u0117 yra dviej\u0173 spalv\u0173: Sonoma \u0105\u017euolo [\u2026]<\/p>","protected":false},"featured_media":234924,"comment_status":"open","ping_status":"open","template":"","meta":[],"product_brand":[],"product_cat":[9345,2970,1175],"product_tag":[],"class_list":{"0":"post-234923","1":"product","2":"type-product","3":"status-publish","4":"has-post-thumbnail","6":"product_cat-furniture-collection-top-mix","7":"product_cat-mebelbos","8":"product_cat-tv-stands","10":"first","11":"instock","12":"purchasable","13":"product-type-simple"},"_links":{"self":[{"href":"https:\/\/baldumarket.lt\/lt\/wp-json\/wp\/v2\/product\/234923","targetHints":{"allow":["GET"]}}],"collection":[{"href":"https:\/\/baldumarket.lt\/lt\/wp-json\/wp\/v2\/product"}],"about":[{"href":"https:\/\/baldumarket.lt\/lt\/wp-json\/wp\/v2\/types\/product"}],"replies":[{"embeddable":true,"href":"https:\/\/baldumarket.lt\/lt\/wp-json\/wp\/v2\/comments?post=234923"}],"wp:featuredmedia":[{"embeddable":true,"href":"https:\/\/baldumarket.lt\/lt\/wp-json\/wp\/v2\/media\/234924"}],"wp:attachment":[{"href":"https:\/\/baldumarket.lt\/lt\/wp-json\/wp\/v2\/media?parent=234923"}],"wp:term":[{"taxonomy":"product_brand","embeddable":true,"href":"https:\/\/baldumarket.lt\/lt\/wp-json\/wp\/v2\/product_brand?post=234923"},{"taxonomy":"product_cat","embeddable":true,"href":"https:\/\/baldumarket.lt\/lt\/wp-json\/wp\/v2\/product_cat?post=234923"},{"taxonomy":"product_tag","embeddable":true,"href":"https:\/\/baldumarket.lt\/lt\/wp-json\/wp\/v2\/product_tag?post=234923"}],"curies":[{"name":"wp","href":"https:\/\/api.w.org\/{rel}","templated":true}]}}