{"id":234919,"date":"2025-12-29T22:22:40","date_gmt":"2025-12-29T19:22:40","guid":{"rendered":"https:\/\/baldumarket.lt\/product\/top-mix-wieszak-60-bialy\/"},"modified":"2026-04-08T08:30:58","modified_gmt":"2026-04-08T05:30:58","slug":"top-mix-wieszak-60-bialy","status":"publish","type":"product","link":"https:\/\/baldumarket.lt\/lt\/product\/top-mix-wieszak-60-bialy\/","title":{"rendered":"TOP MIX pakaba 60 balta"},"content":{"rendered":"<p>TOP MIX 60 cm balta palt\u0173 kabykla. Prie\u0161kambaris pirmiausia skirtas paltams laikyti \u012f\u0117jus \u012f namus ar but\u0105. Tod\u0117l, galvodami apie klient\u0173 patogum\u0105, suk\u016br\u0117me speciali\u0105 \u0161iam tikslui skirt\u0105 palt\u0173 kabykl\u0105. Ji yra dviej\u0173 spalv\u0173: baltos ir Sonoma \u0105\u017euolo. Kartu su bat\u0173 spintele i\u0161 TOP MIX kolekcijos ji sukuria puikiai funkcional\u0173 vienet\u0105. PRODUKTO I\u0160SKIRTIN\u0116S SAVYB\u0116S: \u2013 Paprastas dizainas \u2013 Patvarumas. MED\u017dIAGOS: \u2013 Korpusas pagamintas i\u0161 laminuotos baldin\u0117s plok\u0161t\u0117s.<\/p>","protected":false},"excerpt":{"rendered":"<p>TOP MIX 60 cm balta palt\u0173 kabykla. Prie\u0161kambaris pirmiausia skirtas paltams laikyti \u012f\u0117jus \u012f namus ar but\u0105. Tod\u0117l, galvodami apie klient\u0173 patogum\u0105, suk\u016br\u0117me speciali\u0105 \u0161iam tikslui skirt\u0105 palt\u0173 kabykl\u0105. Ji yra dviej\u0173 spalv\u0173: baltos ir Sonoma \u0105\u017euolo. Kartu su bat\u0173 spintele i\u0161 TOP [\u2026]<\/p>","protected":false},"featured_media":234920,"comment_status":"open","ping_status":"open","template":"","meta":[],"product_brand":[],"product_cat":[9345,1931,2970],"product_tag":[],"class_list":{"0":"post-234919","1":"product","2":"type-product","3":"status-publish","4":"has-post-thumbnail","6":"product_cat-furniture-collection-top-mix","7":"product_cat-hangers","8":"product_cat-mebelbos","10":"first","11":"instock","12":"purchasable","13":"product-type-simple"},"_links":{"self":[{"href":"https:\/\/baldumarket.lt\/lt\/wp-json\/wp\/v2\/product\/234919","targetHints":{"allow":["GET"]}}],"collection":[{"href":"https:\/\/baldumarket.lt\/lt\/wp-json\/wp\/v2\/product"}],"about":[{"href":"https:\/\/baldumarket.lt\/lt\/wp-json\/wp\/v2\/types\/product"}],"replies":[{"embeddable":true,"href":"https:\/\/baldumarket.lt\/lt\/wp-json\/wp\/v2\/comments?post=234919"}],"wp:featuredmedia":[{"embeddable":true,"href":"https:\/\/baldumarket.lt\/lt\/wp-json\/wp\/v2\/media\/234920"}],"wp:attachment":[{"href":"https:\/\/baldumarket.lt\/lt\/wp-json\/wp\/v2\/media?parent=234919"}],"wp:term":[{"taxonomy":"product_brand","embeddable":true,"href":"https:\/\/baldumarket.lt\/lt\/wp-json\/wp\/v2\/product_brand?post=234919"},{"taxonomy":"product_cat","embeddable":true,"href":"https:\/\/baldumarket.lt\/lt\/wp-json\/wp\/v2\/product_cat?post=234919"},{"taxonomy":"product_tag","embeddable":true,"href":"https:\/\/baldumarket.lt\/lt\/wp-json\/wp\/v2\/product_tag?post=234919"}],"curies":[{"name":"wp","href":"https:\/\/api.w.org\/{rel}","templated":true}]}}